{"id":21363,"date":"2025-11-07T12:35:14","date_gmt":"2025-11-07T11:35:14","guid":{"rendered":"http:\/\/ksiegarnia-akademicka.pl\/?post_type=product&#038;p=21363"},"modified":"2025-11-07T12:35:14","modified_gmt":"2025-11-07T11:35:14","slug":"przedsiebiorstwo-innowacyjne-w-cyfrowym-swiecie-technologie-teleinformatyczne-zarzadzanie-ryzykiem","status":"publish","type":"product","link":"https:\/\/ksiegarnia-akademicka.pl\/index.php\/product\/przedsiebiorstwo-innowacyjne-w-cyfrowym-swiecie-technologie-teleinformatyczne-zarzadzanie-ryzykiem\/","title":{"rendered":"Przedsi\u0119biorstwo innowacyjne w cyfrowym \u015bwiecie. Technologie teleinformatyczne. Zarz\u0105dzanie ryzykiem"},"content":{"rendered":"<div class=\"grupa osoby\"><span class=\"meta-head\">Autor: <\/span>Stanis\u0142aw Kasiewicz, Wo\u017anika Jacek<\/div>\n<div class=\"grupa wydawca\"><span class=\"meta-head\">Wydawca:<\/span>\u00a0CeDeWu<\/div>\n<div class=\"grupa dane\">\n<div>Oprawa:\u00a0<span class=\"meta-value-bold\">Mi\u0119kka<\/span><\/div>\n<div>Format:\u00a0<span class=\"meta-value-bold\">16.5&#215;23.5cm<\/span><\/div>\n<div>Liczba stron:\u00a0<span class=\"meta-value-bold\">172<\/span><\/div>\n<div>Rok wydania:\u00a0<span class=\"meta-value-bold\">2025<\/span><\/div>\n<div>J\u0119zyk wydania:\u00a0<span class=\"meta-value-bold\">polski<\/span><\/div>\n<\/div>\n<div><\/div>\n<div>Monografia analizuje funkcjonowanie przedsi\u0119biorstw innowacyjnych w warunkach transformacji cyfrowej, ze szczeg\u00f3lnym uwzgl\u0119dnieniem roli technologii teleinformatycznych (ICT), zarz\u0105dzania ryzykiem i kultury organizacyjnej. Autorzy wskazuj\u0105, jak integracja tych element\u00f3w wp\u0142ywa na zdolno\u015b\u0107 organizacji do adaptacji, innowacji i budowania odporno\u015bci w cyfrowym otoczeniu biznesowym.<br \/>\nPublikacja obejmuje wyniki bada\u0144 ankietowych przeprowadzonych w\u015br\u00f3d 260 polskich przedsi\u0119biorstw z najbardziej innowacyjnych sektor\u00f3w gospodarki, uzupe\u0142nione o analizy literaturowe i praktyczne rekomendacje dotycz\u0105ce kszta\u0142towania strategii zarz\u0105dzania ryzykiem przy wykorzystaniu ICT i kapita\u0142u kulturowego organizacji.<br \/>\nKsi\u0105\u017cka adresowana jest do badaczy, mened\u017cer\u00f3w, konsultant\u00f3w i decydent\u00f3w gospodarczych, zainteresowanych wsp\u00f3\u0142czesnymi wyzwaniami zarz\u0105dzania w erze cyfrowej transformacji.<\/div>\n","protected":false},"excerpt":{"rendered":"<p>Autor: Stanis\u0142aw Kasiewicz, Wo\u017anika Jacek Wydawca:\u00a0CeDeWu Oprawa:\u00a0Mi\u0119kka Format:\u00a016.5&#215;23.5cm Liczba stron:\u00a0172 [&hellip;]<\/p>\n","protected":false},"featured_media":21364,"template":"","meta":[],"product_brand":[],"product_cat":[7511,7530,31,30,7515],"product_tag":[8662,918],"class_list":{"0":"post-21363","1":"product","2":"type-product","3":"status-publish","4":"has-post-thumbnail","6":"product_cat-kierowanie-i-zarzadzanie","7":"product_cat-nowosci","8":"product_cat-przedsiebiorstwo","9":"product_cat-zarzadzanie","10":"product_cat-zarzadzanie-przedsiebiorstwem","11":"product_tag-przedsiebiorstwo-innowacyjne","12":"product_tag-zarzadzanie-przedsiebiorstwem","14":"first","15":"instock","16":"sale","17":"shipping-taxable","18":"purchasable","19":"product-type-simple"},"_links":{"self":[{"href":"https:\/\/ksiegarnia-akademicka.pl\/index.php\/wp-json\/wp\/v2\/product\/21363","targetHints":{"allow":["GET"]}}],"collection":[{"href":"https:\/\/ksiegarnia-akademicka.pl\/index.php\/wp-json\/wp\/v2\/product"}],"about":[{"href":"https:\/\/ksiegarnia-akademicka.pl\/index.php\/wp-json\/wp\/v2\/types\/product"}],"wp:featuredmedia":[{"embeddable":true,"href":"https:\/\/ksiegarnia-akademicka.pl\/index.php\/wp-json\/wp\/v2\/media\/21364"}],"wp:attachment":[{"href":"https:\/\/ksiegarnia-akademicka.pl\/index.php\/wp-json\/wp\/v2\/media?parent=21363"}],"wp:term":[{"taxonomy":"product_brand","embeddable":true,"href":"https:\/\/ksiegarnia-akademicka.pl\/index.php\/wp-json\/wp\/v2\/product_brand?post=21363"},{"taxonomy":"product_cat","embeddable":true,"href":"https:\/\/ksiegarnia-akademicka.pl\/index.php\/wp-json\/wp\/v2\/product_cat?post=21363"},{"taxonomy":"product_tag","embeddable":true,"href":"https:\/\/ksiegarnia-akademicka.pl\/index.php\/wp-json\/wp\/v2\/product_tag?post=21363"}],"curies":[{"name":"wp","href":"https:\/\/api.w.org\/{rel}","templated":true}]}}