{"id":21351,"date":"2025-11-06T13:36:33","date_gmt":"2025-11-06T12:36:33","guid":{"rendered":"http:\/\/ksiegarnia-akademicka.pl\/?post_type=product&#038;p=21351"},"modified":"2025-11-06T13:36:33","modified_gmt":"2025-11-06T12:36:33","slug":"dziesiecina-prawdziwa-historia-kleru-w-dawnej-polsce","status":"publish","type":"product","link":"https:\/\/ksiegarnia-akademicka.pl\/index.php\/product\/dziesiecina-prawdziwa-historia-kleru-w-dawnej-polsce\/","title":{"rendered":"Dziesi\u0119cina. Prawdziwa historia kleru w dawnej Polsce"},"content":{"rendered":"<div class=\"grupa osoby\"><span class=\"meta-head\">Autor: <\/span>Kamil Janicki<\/div>\n<div class=\"grupa wydawca\"><span class=\"meta-head\">Wydawca:<\/span>\u00a0Pozna\u0144skie<\/div>\n<div class=\"grupa dane\">\n<div>Oprawa:\u00a0<span class=\"meta-value-bold\">Twarda<\/span><\/div>\n<div>Format:\u00a0<span class=\"meta-value-bold\">14.5&#215;21.0cm<\/span><\/div>\n<div>Liczba stron:\u00a0<span class=\"meta-value-bold\">445<\/span><\/div>\n<div>Rok wydania:\u00a0<span class=\"meta-value-bold\">2025<\/span><\/div>\n<div>J\u0119zyk wydania:\u00a0<span class=\"meta-value-bold\">polski<\/span><\/div>\n<\/div>\n<div><\/div>\n<div>Czy Ko\u015bci\u00f3\u0142 rz\u0105dzi\u0142 Rzeczpospolit\u0105? Komu naprawd\u0119 s\u0142u\u017cyli ksi\u0119\u017ca? I czy wiara naszych przodk\u00f3w by\u0142a tym samym chrze\u015bcija\u0144stwem, kt\u00f3re znamy dzisiaj?<br \/>\nNa kazaniach w przedrozbiorowej Polsce ksi\u0119\u017ca opowiadali wiernym o niebie jak o rajskiej wersji Rzeczpospolitej \u2013 anio\u0142owie i \u015bwi\u0119ci stawali si\u0119 dworzanami ubranymi w kontusze, s\u0105d boski przedstawiano na wz\u00f3r s\u0105d\u00f3w szlacheckich, Moj\u017cesz by\u0142 \u201ehetmanem pospolitego ruszenia\u201d, a Jezusa wybrano kr\u00f3lem \u201ena polu elekcyjnym\u201d. Trudno o lepszy symbol wielowiekowego sojuszu tronu i o\u0142tarza.<br \/>\nJak bogaty by\u0142 Ko\u015bci\u00f3\u0142 w dawnej Polsce? Na tyle, \u017ce przy\u0107miewa\u0142 maj\u0105tek kr\u00f3la, a poniek\u0105d i szlachty. Co \u0142\u0105czy\u0142o biskup\u00f3w i \u015bwieckich magnat\u00f3w? Bogactwo, przepych i niedost\u0119pna dla innych w\u0142adza. Czym zatem by\u0142 \u00f3wczesny Ko\u015bci\u00f3\u0142 \u2013 instytucj\u0105 wiary czy gigantycznym folwarkiem? Co grozi\u0142o za nieobecno\u015b\u0107 na mszy \u015bwi\u0119tej i dlaczego chrzcielnice zawsze zamykano na k\u0142\u00f3dk\u0119? Dlaczego wprowadzono celibat i czy kiedykolwiek by\u0142 on przestrzegany? Odpowiedzi, jakie daje na te pytania Kamil Janicki, mog\u0105 szokowa\u0107.<br \/>\n\u201eDziesi\u0119cina\u201d, ostatnia cz\u0119\u015b\u0107 trylogii bestsellerowych ksi\u0105\u017cek o historii pierwszej Rzeczpospolitej i zwie\u0144czenie opowie\u015bci zacz\u0119tej w \u201ePa\u0144szczy\u017anie\u201d i \u201eWarcholstwie\u201d, to wolny od tabu obraz duchowie\u0144stwa uwik\u0142anego we w\u0142adz\u0119, zbytek i inne pokusy \u015bwiata doczesnego. Historia rozpasania, wyzysku i niemal\u017ce boskiej pychy, ale te\u017c bogaty opis \u017cycia w sutannie, kt\u00f3re rz\u0105dzi\u0142o si\u0119 swoimi prawami \u2013 i kt\u00f3rego nie mo\u017cna ocenia\u0107 wed\u0142ug wsp\u00f3\u0142czesnych norm i oczekiwa\u0144. Jednak Kamil Janicki nie ka\u017ce bra\u0107 niczego na wiar\u0119, jego ksi\u0105\u017cka oparta jest na solidnych \u017ar\u00f3d\u0142ach, kt\u00f3re czyni\u0105 z niej lektur\u0119 nie tylko pasjonuj\u0105c\u0105, ale i konieczn\u0105 dla ka\u017cdego, kto chce pozna\u0107 prawdziwe oblicze przedrozbiorowego Ko\u015bcio\u0142a.<\/div>\n","protected":false},"excerpt":{"rendered":"<p>Autor: Kamil Janicki Wydawca:\u00a0Pozna\u0144skie Oprawa:\u00a0Twarda Format:\u00a014.5&#215;21.0cm Liczba stron:\u00a0445 Rok wydania:\u00a02025 [&hellip;]<\/p>\n","protected":false},"featured_media":21352,"template":"","meta":[],"product_brand":[],"product_cat":[38,7530],"product_tag":[5674,67,8660],"class_list":{"0":"post-21351","1":"product","2":"type-product","3":"status-publish","4":"has-post-thumbnail","6":"product_cat-historia","7":"product_cat-nowosci","8":"product_tag-historia-kosciola","9":"product_tag-historia-polski","10":"product_tag-kler","12":"first","13":"instock","14":"sale","15":"shipping-taxable","16":"purchasable","17":"product-type-simple"},"_links":{"self":[{"href":"https:\/\/ksiegarnia-akademicka.pl\/index.php\/wp-json\/wp\/v2\/product\/21351","targetHints":{"allow":["GET"]}}],"collection":[{"href":"https:\/\/ksiegarnia-akademicka.pl\/index.php\/wp-json\/wp\/v2\/product"}],"about":[{"href":"https:\/\/ksiegarnia-akademicka.pl\/index.php\/wp-json\/wp\/v2\/types\/product"}],"wp:featuredmedia":[{"embeddable":true,"href":"https:\/\/ksiegarnia-akademicka.pl\/index.php\/wp-json\/wp\/v2\/media\/21352"}],"wp:attachment":[{"href":"https:\/\/ksiegarnia-akademicka.pl\/index.php\/wp-json\/wp\/v2\/media?parent=21351"}],"wp:term":[{"taxonomy":"product_brand","embeddable":true,"href":"https:\/\/ksiegarnia-akademicka.pl\/index.php\/wp-json\/wp\/v2\/product_brand?post=21351"},{"taxonomy":"product_cat","embeddable":true,"href":"https:\/\/ksiegarnia-akademicka.pl\/index.php\/wp-json\/wp\/v2\/product_cat?post=21351"},{"taxonomy":"product_tag","embeddable":true,"href":"https:\/\/ksiegarnia-akademicka.pl\/index.php\/wp-json\/wp\/v2\/product_tag?post=21351"}],"curies":[{"name":"wp","href":"https:\/\/api.w.org\/{rel}","templated":true}]}}