{"id":21336,"date":"2025-11-05T11:38:05","date_gmt":"2025-11-05T10:38:05","guid":{"rendered":"http:\/\/ksiegarnia-akademicka.pl\/?post_type=product&#038;p=21336"},"modified":"2025-11-05T11:38:06","modified_gmt":"2025-11-05T10:38:06","slug":"alchemia-finansow","status":"publish","type":"product","link":"https:\/\/ksiegarnia-akademicka.pl\/index.php\/product\/alchemia-finansow\/","title":{"rendered":"Alchemia finans\u00f3w"},"content":{"rendered":"<div class=\"grupa osoby\"><span class=\"meta-head\">Autor: <\/span>George Soros<\/div>\n<div class=\"grupa osoby\"><span class=\"meta-head-blue\">T\u0142umacze:<\/span>\u00a0<span class=\"meta-value\">\u0141uczkiewicz Grzegorz<\/span><\/div>\n<div class=\"grupa wydawca\"><span class=\"meta-head\">Wydawca:<\/span>\u00a0Axis Mundi<\/div>\n<div class=\"grupa dane\">\n<div>Oprawa:\u00a0<span class=\"meta-value-bold\">Mi\u0119kka<\/span><\/div>\n<div>Format:\u00a0<span class=\"meta-value-bold\">14.0&#215;20.0cm<\/span><\/div>\n<div>Liczba stron:\u00a0<span class=\"meta-value-bold\">520<\/span><\/div>\n<div>Rok wydania:\u00a0<span class=\"meta-value-bold\">2025<\/span><\/div>\n<div>J\u0119zyk wydania:\u00a0<span class=\"meta-value-bold\">polski<\/span><\/div>\n<\/div>\n<div><\/div>\n<div>George Soros jest bez w\u0105tpienia jednym z najpot\u0119\u017cniejszych i najskuteczniejszych inwestor\u00f3w na \u015bwiecie. Zosta\u0142 nazwany przez BusinessWeek \u201ecz\u0142owiekiem, kt\u00f3ry wstrz\u0105sa rynkami\u201d, gdy podczas tzw. \u201eCzarnej \u015arody\u201d zarobi\u0142 miliardy dolar\u00f3w, graj\u0105c przeciwko funtowi szterlingowi \u2013 od tego czasu bywa te\u017c nazywany \u201ecz\u0142owiekiem, kt\u00f3ry z\u0142ama\u0142 Bank Anglii\u201d.<br \/>\n\u201eAlchemia finans\u00f3w\u201d to specjalne wydanie oryginalnej edycji ksi\u0105\u017cki z 1987 roku. Zosta\u0142o gruntownie zaktualizowane \u2013 zawiera now\u0105 przedmow\u0119 Sorosa oraz przedmow\u0119 by\u0142ego prezesa Rezerwy Federalnej, Paula Volckera. Obszerne nowe wprowadzenie przedstawia m.in. teori\u0119 zwrotno\u015bci Sorosa, le\u017c\u0105c\u0105 u podstaw jego unikalnych strategii inwestycyjnych.<br \/>\nW tym wydaniu klasycznego podr\u0119cznika o inwestowaniu Soros przedstawia teoretyczny i praktyczny opis trend\u00f3w finansowych oraz nowy paradygmat, dzi\u0119ki kt\u00f3remu mo\u017cna zrozumie\u0107 dzisiejszy rynek finansowy.<br \/>\n***<br \/>\n\u201eNiezwyk\u0142e [\u2026] spojrzenie od wewn\u0105trz na proces decyzyjny najskuteczniejszego mened\u017cera finansowego naszych czas\u00f3w. Fantastyczne\u201d \u2013 The Wall Street Journal.<br \/>\n***<br \/>\n\u201eZapieraj\u0105ca dech w piersiach, b\u0142yskotliwa ksi\u0105\u017cka. Soros jest jednym z mistrz\u00f3w [\u2026], kt\u00f3rzy potrafi\u0105 naprawd\u0119 zrozumie\u0107 zdumiewaj\u0105c\u0105 z\u0142o\u017cono\u015b\u0107 [\u2026] gry finansowej ostatnich lat\u201d \u2013 Esquire.<br \/>\n***<br \/>\n\u201ePrze\u0142omowa ksi\u0105\u017cka o inwestowaniu [\u2026], nale\u017cy j\u0105 czyta\u0107, podkre\u015bla\u0107 fragmenty i rozwa\u017ca\u0107 strona po stronie, koncepcja po pomy\u015ble. [\u2026] Jest najlepszym inwestorem w historii [\u2026] prawdopodobnie najlepszym analitykiem na \u015bwiecie w naszych czasach\u201d \u2013 Barton M. Biggs, dyrektor BKF Capital Group, Inc.<\/div>\n","protected":false},"excerpt":{"rendered":"<p>Autor: George Soros T\u0142umacze:\u00a0\u0141uczkiewicz Grzegorz Wydawca:\u00a0Axis Mundi Oprawa:\u00a0Mi\u0119kka Format:\u00a014.0&#215;20.0cm Liczba [&hellip;]<\/p>\n","protected":false},"featured_media":21337,"template":"","meta":[],"product_brand":[],"product_cat":[20,17,7530,7504,7498],"product_tag":[1647,5817,3272],"class_list":{"0":"post-21336","1":"product","2":"type-product","3":"status-publish","4":"has-post-thumbnail","6":"product_cat-bankowosc","7":"product_cat-ekonomia","8":"product_cat-nowosci","9":"product_cat-rynek-pieniezny-i-kapitalowy","10":"product_cat-teoria-ekonomii","11":"product_tag-gielda","12":"product_tag-inwestowanie","13":"product_tag-rynki-finansowe","15":"first","16":"instock","17":"sale","18":"shipping-taxable","19":"purchasable","20":"product-type-simple"},"_links":{"self":[{"href":"https:\/\/ksiegarnia-akademicka.pl\/index.php\/wp-json\/wp\/v2\/product\/21336","targetHints":{"allow":["GET"]}}],"collection":[{"href":"https:\/\/ksiegarnia-akademicka.pl\/index.php\/wp-json\/wp\/v2\/product"}],"about":[{"href":"https:\/\/ksiegarnia-akademicka.pl\/index.php\/wp-json\/wp\/v2\/types\/product"}],"wp:featuredmedia":[{"embeddable":true,"href":"https:\/\/ksiegarnia-akademicka.pl\/index.php\/wp-json\/wp\/v2\/media\/21337"}],"wp:attachment":[{"href":"https:\/\/ksiegarnia-akademicka.pl\/index.php\/wp-json\/wp\/v2\/media?parent=21336"}],"wp:term":[{"taxonomy":"product_brand","embeddable":true,"href":"https:\/\/ksiegarnia-akademicka.pl\/index.php\/wp-json\/wp\/v2\/product_brand?post=21336"},{"taxonomy":"product_cat","embeddable":true,"href":"https:\/\/ksiegarnia-akademicka.pl\/index.php\/wp-json\/wp\/v2\/product_cat?post=21336"},{"taxonomy":"product_tag","embeddable":true,"href":"https:\/\/ksiegarnia-akademicka.pl\/index.php\/wp-json\/wp\/v2\/product_tag?post=21336"}],"curies":[{"name":"wp","href":"https:\/\/api.w.org\/{rel}","templated":true}]}}