{"id":21324,"date":"2025-11-05T11:14:57","date_gmt":"2025-11-05T10:14:57","guid":{"rendered":"http:\/\/ksiegarnia-akademicka.pl\/?post_type=product&#038;p=21324"},"modified":"2025-11-05T11:14:58","modified_gmt":"2025-11-05T10:14:58","slug":"ai-act-akt-w-sprawie-sztucznej-inteligencji-komentarz","status":"publish","type":"product","link":"https:\/\/ksiegarnia-akademicka.pl\/index.php\/product\/ai-act-akt-w-sprawie-sztucznej-inteligencji-komentarz\/","title":{"rendered":"AI Act Akt w sprawie sztucznej inteligencji Komentarz"},"content":{"rendered":"<div class=\"grupa osoby\"><span class=\"meta-head-blue\">Redakcja:<\/span>\u00a0<span class=\"meta-value\">J\u0119drzejczak Maria, Szoszkiewicz \u0141ukasz, Wydra J\u0119drzej<\/span><\/div>\n<div class=\"grupa wydawca\"><span class=\"meta-head\">Wydawca:<\/span>\u00a0Wolters Kluwer<\/div>\n<div class=\"grupa dane\">\n<div>Oprawa:\u00a0<span class=\"meta-value-bold\">Mi\u0119kka<\/span><\/div>\n<div>Liczba stron:\u00a0<span class=\"meta-value-bold\">1161<\/span><\/div>\n<div>Wydanie:\u00a0<span class=\"meta-value-bold\">1<\/span><\/div>\n<div>Rok wydania:\u00a0<span class=\"meta-value-bold\">2025<\/span><\/div>\n<div>J\u0119zyk wydania:\u00a0<span class=\"meta-value-bold\">polski<\/span><\/div>\n<\/div>\n<div><\/div>\n<div>Publikacja stanowi pierwszy na polskim rynku komentarz do unijnego aktu w sprawie sztucznej inteligencji (AI Act), kt\u00f3ry reguluje rozw\u00f3j, wdra\u017canie i stosowanie system\u00f3w AI w Unii Europejskiej.<\/p>\n<p>Komentarz zawiera szczeg\u00f3\u0142ow\u0105 analiz\u0119 wszystkich przepis\u00f3w rozporz\u0105dzenia, uwzgl\u0119dniaj\u0105c m.in.:<\/p>\n<p>zasady klasyfikacji system\u00f3w AI wed\u0142ug poziomu ryzyka,<br \/>\nzakazy stosowania wybranych system\u00f3w AI wysokiego ryzyka,<br \/>\nwymogi dotycz\u0105ce projektowania, testowania (tak\u017ce w ramach tzw. piaskownic regulacyjnych) i wdra\u017cania system\u00f3w AI,<br \/>\nobowi\u0105zki dostawc\u00f3w, importer\u00f3w, dystrybutor\u00f3w i innych uczestnik\u00f3w rynku,<br \/>\nprocedury notyfikacji i certyfikacji,<br \/>\nzasady nadzoru rynkowego oraz odpowiedzialno\u015bci administracyjnej,<br \/>\nznaczenie ochrony praw podstawowych w kontek\u015bcie system\u00f3w AI,<br \/>\nrelacje mi\u0119dzy AI Act a innymi unijnymi aktami prawnymi, w tym RODO i DSA.<br \/>\nOpracowanie odwo\u0142uje si\u0119 zar\u00f3wno do akt\u00f3w prawnych i dokument\u00f3w przyj\u0119tych przez Komisj\u0119 Europejsk\u0105 w zwi\u0105zku z wdro\u017ceniem AI Act, jak i do projektu krajowej ustawy o systemach sztucznej inteligencji.<\/p>\n<p>Publikacja ma charakter interdyscyplinarny \u2013 powsta\u0142a we wsp\u00f3\u0142pracy prawnik\u00f3w, ekspert\u00f3w z zakresu data science oraz in\u017cynier\u00f3w AI. Szczeg\u00f3ln\u0105 warto\u015b\u0107 praktyczn\u0105 stanowi blisko 100 praktycznych przyk\u0142ad\u00f3w, konsultowanych z ekspertami Stowarzyszenia Bada\u0144 i Zastosowa\u0144 Sztucznej Inteligencji (ARAAI), pokazuj\u0105cych zastosowanie przepis\u00f3w w realnych scenariuszach biznesowych. To interdyscyplinarne podej\u015bcie pozwoli\u0142o stworzy\u0107 publikacj\u0119, kt\u00f3ra \u0142\u0105czy perspektyw\u0119 prawn\u0105 z technologiczn\u0105, odpowiadaj\u0105c na rzeczywiste potrzeby rynku.<\/p>\n<p>Komentarz jest przeznaczony dla:<\/p>\n<p>prawnik\u00f3w (adwokat\u00f3w, radc\u00f3w prawnych, s\u0119dzi\u00f3w),<br \/>\npracownik\u00f3w administracji publicznej,<br \/>\nspecjalist\u00f3w IT, ekspert\u00f3w z zakresu data science i in\u017cynier\u00f3w AI,<br \/>\nprzedsi\u0119biorc\u00f3w i mened\u017cer\u00f3w wdra\u017caj\u0105cych lub planuj\u0105cych wdro\u017cenie rozwi\u0105za\u0144 opartych na AI,<br \/>\na tak\u017ce naukowc\u00f3w, zajmuj\u0105cych si\u0119 prawnymi, etycznymi i spo\u0142ecznymi aspektami sztucznej inteligencji.<br \/>\nDzi\u0119ki analizie prawnej przeprowadzonej z uwzgl\u0119dnieniem kontekstu technologicznego i etycznego regulacji, publikacja stanowi niezast\u0105pione \u017ar\u00f3d\u0142o wiedzy i praktyczne narz\u0119dzie do wdra\u017cania system\u00f3w AI zgodnych z unijnymi przepisami prawnymi.<\/p><\/div>\n","protected":false},"excerpt":{"rendered":"<p>Redakcja:\u00a0J\u0119drzejczak Maria, Szoszkiewicz \u0141ukasz, Wydra J\u0119drzej Wydawca:\u00a0Wolters Kluwer Oprawa:\u00a0Mi\u0119kka Liczba [&hellip;]<\/p>\n","protected":false},"featured_media":21325,"template":"","meta":[],"product_brand":[],"product_cat":[7495,7530,18,7719],"product_tag":[1100,7475],"class_list":{"0":"post-21324","1":"product","2":"type-product","3":"status-publish","4":"has-post-thumbnail","6":"product_cat-gospodarcze-i-handlowe","7":"product_cat-nowosci","8":"product_cat-prawo","9":"product_cat-prawo-miedzynarodowe","10":"product_tag-prawo-unii-europejskiej","11":"product_tag-sztuczna-inteligencja","13":"first","14":"instock","15":"sale","16":"shipping-taxable","17":"purchasable","18":"product-type-simple"},"_links":{"self":[{"href":"https:\/\/ksiegarnia-akademicka.pl\/index.php\/wp-json\/wp\/v2\/product\/21324","targetHints":{"allow":["GET"]}}],"collection":[{"href":"https:\/\/ksiegarnia-akademicka.pl\/index.php\/wp-json\/wp\/v2\/product"}],"about":[{"href":"https:\/\/ksiegarnia-akademicka.pl\/index.php\/wp-json\/wp\/v2\/types\/product"}],"wp:featuredmedia":[{"embeddable":true,"href":"https:\/\/ksiegarnia-akademicka.pl\/index.php\/wp-json\/wp\/v2\/media\/21325"}],"wp:attachment":[{"href":"https:\/\/ksiegarnia-akademicka.pl\/index.php\/wp-json\/wp\/v2\/media?parent=21324"}],"wp:term":[{"taxonomy":"product_brand","embeddable":true,"href":"https:\/\/ksiegarnia-akademicka.pl\/index.php\/wp-json\/wp\/v2\/product_brand?post=21324"},{"taxonomy":"product_cat","embeddable":true,"href":"https:\/\/ksiegarnia-akademicka.pl\/index.php\/wp-json\/wp\/v2\/product_cat?post=21324"},{"taxonomy":"product_tag","embeddable":true,"href":"https:\/\/ksiegarnia-akademicka.pl\/index.php\/wp-json\/wp\/v2\/product_tag?post=21324"}],"curies":[{"name":"wp","href":"https:\/\/api.w.org\/{rel}","templated":true}]}}