{"id":21268,"date":"2025-10-14T14:01:54","date_gmt":"2025-10-14T12:01:54","guid":{"rendered":"http:\/\/ksiegarnia-akademicka.pl\/?post_type=product&#038;p=21268"},"modified":"2025-10-14T14:01:54","modified_gmt":"2025-10-14T12:01:54","slug":"droga-do-wolnosci-ekonomia-i-budowa-dobrego-spoleczenstwa","status":"publish","type":"product","link":"https:\/\/ksiegarnia-akademicka.pl\/index.php\/product\/droga-do-wolnosci-ekonomia-i-budowa-dobrego-spoleczenstwa\/","title":{"rendered":"Droga do wolno\u015bci Ekonomia i budowa dobrego spo\u0142ecze\u0144stwa"},"content":{"rendered":"<div class=\"grupa osoby\"><span class=\"meta-head\">Autor: <\/span>Joseph E. Stiglitz<\/div>\n<div class=\"grupa osoby\"><span class=\"meta-head-blue\">T\u0142umacze:<\/span>\u00a0<span class=\"meta-value\">Rostocki Marek<\/span><\/div>\n<div class=\"grupa wydawca\"><span class=\"meta-head\">Wydawca:<\/span>\u00a0Prze\u015bwity<\/div>\n<div class=\"grupa dane\">\n<div>Oprawa:\u00a0<span class=\"meta-value-bold\">Mi\u0119kka ze skrzyde\u0142kami<\/span><\/div>\n<div>Format:\u00a0<span class=\"meta-value-bold\">14.1&#215;21.5cm<\/span><\/div>\n<div>Liczba stron:\u00a0<span class=\"meta-value-bold\">424<\/span><\/div>\n<div>Wydanie:\u00a0<span class=\"meta-value-bold\">1<\/span><\/div>\n<div>Rok wydania:\u00a0<span class=\"meta-value-bold\">2025<\/span><\/div>\n<div>J\u0119zyk wydania:\u00a0<span class=\"meta-value-bold\">polski<\/span><\/div>\n<\/div>\n<div><\/div>\n<div>Jeden z wiod\u0105cych \u015bwiatowych ekonomist\u00f3w dokonuje krytycznej analizy poj\u0119cia wolno\u015bci, dominuj\u0105cej na Zachodzie koncepcji politycznej i moralnej Wolno\u015b\u0107 stanowi podstawow\u0105 warto\u015b\u0107 dla ameryka\u0144skiego spo\u0142ecze\u0144stwa. Jednak wsp\u00f3\u0142cze\u015bnie to poj\u0119cie zosta\u0142o przej\u0119te przez prawic\u0119 i jest wykorzystywane do usprawiedliwienia wyzysku. Firmy farmaceutyczne odwo\u0142uj\u0105 si\u0119 do wolno\u015bci, obci\u0105\u017caj\u0105c obywateli zbyt wysokimi cenami lek\u00f3w; wielkie firmy technologiczne s\u0105 wolne od nadzoru; politycy korzystaj\u0105 z wolno\u015bci, by wznieci\u0107 bunt; korporacje korzystaj\u0105 z wolno\u015bci, by zanieczyszcza\u0107 \u015brodowisko naturalne. Jak do tego dosz\u0142o? Czyj\u0105 wolno\u015b\u0107 mamy, a czyj\u0105 powinni\u015bmy mie\u0107 na uwadze? Joseph E. Stiglitz ujawnia, dlaczego ameryka\u0144ski system polityczny i ekonomiczny nie zapewnia prawdziwej wolno\u015bci. Poddaje krytyce gigant\u00f3w neoliberalizmu i kapitalizmu wolnorynkowego, takich jak Hayek i Friedman, i przedstawia uznawane przez nich idee w nowym \u015bwietle. Proponuje inne spojrzenie na demokracj\u0119, ekonomi\u0119 i czynniki tworz\u0105ce dobre spo\u0142ecze\u0144stwo; opisuje, jaki ekonomiczny i polityczny system mo\u017ce zapewni\u0107 powstanie dobrego spo\u0142ecze\u0144stwa, w kt\u00f3rym najwa\u017cniejsze dla ludzi r\u00f3\u017cne rodzaje wolno\u015bci b\u0119d\u0105 lepiej chronione i gwarantowane. Droga do wolno\u015bci przeciera nowe szlaki, pokazuj\u0105c, jak ekonomia \u2013 w tym jej najnowsze osi\u0105gni\u0119cia, w kt\u00f3rych Stiglitz odegra\u0142 tak wa\u017cn\u0105 rol\u0119 \u2013 tworzy nowe ramy my\u015blenia o wolno\u015bci i roli pa\u0144stwa w spo\u0142ecze\u0144stwie w XXI wieku. Niezb\u0119dna lektura dla ka\u017cdego my\u015bl\u0105cego o przysz\u0142o\u015bci, w kt\u00f3rej dominuj\u0105 tolerancja, edukacja i przede wszystkim wolno\u015b\u0107<\/div>\n","protected":false},"excerpt":{"rendered":"<p>Autor: Joseph E. Stiglitz T\u0142umacze:\u00a0Rostocki Marek Wydawca:\u00a0Prze\u015bwity Oprawa:\u00a0Mi\u0119kka ze skrzyde\u0142kami [&hellip;]<\/p>\n","protected":false},"featured_media":21269,"template":"","meta":[],"product_brand":[],"product_cat":[17,7530],"product_tag":[337,8653],"class_list":{"0":"post-21268","1":"product","2":"type-product","3":"status-publish","4":"has-post-thumbnail","6":"product_cat-ekonomia","7":"product_cat-nowosci","8":"product_tag-ekonomia","9":"product_tag-jozeph-stiglitz","11":"first","12":"instock","13":"sale","14":"shipping-taxable","15":"purchasable","16":"product-type-simple"},"_links":{"self":[{"href":"https:\/\/ksiegarnia-akademicka.pl\/index.php\/wp-json\/wp\/v2\/product\/21268","targetHints":{"allow":["GET"]}}],"collection":[{"href":"https:\/\/ksiegarnia-akademicka.pl\/index.php\/wp-json\/wp\/v2\/product"}],"about":[{"href":"https:\/\/ksiegarnia-akademicka.pl\/index.php\/wp-json\/wp\/v2\/types\/product"}],"wp:featuredmedia":[{"embeddable":true,"href":"https:\/\/ksiegarnia-akademicka.pl\/index.php\/wp-json\/wp\/v2\/media\/21269"}],"wp:attachment":[{"href":"https:\/\/ksiegarnia-akademicka.pl\/index.php\/wp-json\/wp\/v2\/media?parent=21268"}],"wp:term":[{"taxonomy":"product_brand","embeddable":true,"href":"https:\/\/ksiegarnia-akademicka.pl\/index.php\/wp-json\/wp\/v2\/product_brand?post=21268"},{"taxonomy":"product_cat","embeddable":true,"href":"https:\/\/ksiegarnia-akademicka.pl\/index.php\/wp-json\/wp\/v2\/product_cat?post=21268"},{"taxonomy":"product_tag","embeddable":true,"href":"https:\/\/ksiegarnia-akademicka.pl\/index.php\/wp-json\/wp\/v2\/product_tag?post=21268"}],"curies":[{"name":"wp","href":"https:\/\/api.w.org\/{rel}","templated":true}]}}