{"id":21193,"date":"2025-09-15T10:59:12","date_gmt":"2025-09-15T08:59:12","guid":{"rendered":"http:\/\/ksiegarnia-akademicka.pl\/?post_type=product&#038;p=21193"},"modified":"2025-09-15T10:59:14","modified_gmt":"2025-09-15T08:59:14","slug":"dekontaminacja-wyrobow-medycznych-kompendium-2","status":"publish","type":"product","link":"https:\/\/ksiegarnia-akademicka.pl\/index.php\/product\/dekontaminacja-wyrobow-medycznych-kompendium-2\/","title":{"rendered":"Dekontaminacja wyrob\u00f3w medycznych Kompendium"},"content":{"rendered":"<div class=\"grupa wydawca\"><span class=\"meta-head\">Wydawca:<\/span>\u00a0Edra Urban &amp; Partner<\/div>\n<div class=\"grupa dane\">\n<div>Oprawa:\u00a0<span class=\"meta-value-bold\">Mi\u0119kka<\/span><\/div>\n<div>Format:\u00a0<span class=\"meta-value-bold\">16.5&#215;25.0cm<\/span><\/div>\n<div>Liczba stron:\u00a0<span class=\"meta-value-bold\">180<\/span><\/div>\n<div>Rok wydania:\u00a0<span class=\"meta-value-bold\">2023<\/span><\/div>\n<div>J\u0119zyk wydania:\u00a0<span class=\"meta-value-bold\">polski<\/span><\/div>\n<\/div>\n<div><\/div>\n<div>Z przyjemno\u015bci\u0105 oddajemy do r\u0105k czytelnik\u00f3w publikacj\u0119, po\u015bwi\u0119con\u0105 dekontaminacji wyrob\u00f3w medycznych. Jest to pierwsza na polskim rynku wydawniczym tak obszerna pozycja, omawiaj\u0105ca wszystkie etapy dekontaminacji wyrob\u00f3w medycznych, pocz\u0105wszy od mycia, dezynfekcji, a\u017c do sterylizacji. Wydanie to jest wzbogacone m.in. o rozdzia\u0142y po\u015bwi\u0119cone instrumentarium medycznemu, coraz bardziej popularnej robotyce chirurgicznej. Materia\u0142 ilustracyjny obrazuje procedury wykonywane w czasie opracowywania wyrob\u00f3w medycznych, a s\u0142ownik poj\u0119\u0107 rozwiewa w\u0105tpliwo\u015bci i pozwala zrozumie\u0107 merytoryczne okre\u015blenia zastosowane w tre\u015bci.<\/p>\n<p>Ksi\u0105\u017cka jest przeznaczona dla s\u0142uchaczy kierunku Technik sterylizacji medycznej, jako podstawa do nauki, dla os\u00f3b zawodowo zajmuj\u0105cych si\u0119 reprocesowaniem wyrob\u00f3w medycznych, w celu usystematyzowania posiadanej wiedzy, oraz pracownik\u00f3w nadzoruj\u0105cych te procesy, jako wsparcie w tworzeniu check listy .<br \/>\nTa pozycja wydawnicza r\u00f3wnie\u017c powinna si\u0119 znale\u017a\u0107 w ka\u017cdej plac\u00f3wce medycznej, jako element wzbogacaj\u0105cy biblioteczki dla pracownik\u00f3w medycznych. W publikacji m.in.:<\/p>\n<p>\u2022 Podstawa prawna i akty normatywne w kontaminacji wyrob\u00f3w medycznych<br \/>\n\u2022 Zasady bezpiecze\u0144stwa i higiena pracy w technologii dezynfekcji i sterylizacji wyrob\u00f3w medycznych<br \/>\n\u2022 \u015arodki ochrony indywidualnej<br \/>\n\u2022 Instrumentarium chirurgiczne<br \/>\n\u2022 Preparaty myj\u0105ce i dezynfekuj\u0105ce w procesie dekontaminacji<br \/>\n\u2022 Mycie i dezynfekcja manualna<br \/>\n\u2022 Procesy maszynowego mycia i dezynfekcji<br \/>\n\u2022 Sterylizacja suchym, gor\u0105cym powietrzem<br \/>\n\u2022 Sterylizacja par\u0105 wodn\u0105 nasycon\u0105<br \/>\n\u2022 Sterylizacja tlenkiem etylenu<br \/>\n\u2022 Sterylizacja nadtlenkiem wodoru<br \/>\n\u2022 Niskotemperaturowa sterylizacja par\u0105 wodn\u0105 i formaldehydem<br \/>\n\u2022 Monitorowanie proces\u00f3w dekontaminacji wyrob\u00f3w medycznych<br \/>\n\u2022 Dekontaminacja osprz\u0119tu robotycznego<\/p><\/div>\n","protected":false},"excerpt":{"rendered":"<p>Wydawca:\u00a0Edra Urban &amp; Partner Oprawa:\u00a0Mi\u0119kka Format:\u00a016.5&#215;25.0cm Liczba stron:\u00a0180 Rok wydania:\u00a02023 [&hellip;]<\/p>\n","protected":false},"featured_media":21194,"template":"","meta":[],"product_brand":[],"product_cat":[8130,7493,7965],"product_tag":[4647,8651,4645],"class_list":{"0":"post-21193","1":"product","2":"type-product","3":"status-publish","4":"has-post-thumbnail","6":"product_cat-chirurgia","7":"product_cat-medycyna","8":"product_cat-pielegniarstwo","9":"product_tag-chirurgia","10":"product_tag-dekontaminacja","11":"product_tag-pielegniarstwo","13":"first","14":"instock","15":"sale","16":"shipping-taxable","17":"purchasable","18":"product-type-simple"},"_links":{"self":[{"href":"https:\/\/ksiegarnia-akademicka.pl\/index.php\/wp-json\/wp\/v2\/product\/21193","targetHints":{"allow":["GET"]}}],"collection":[{"href":"https:\/\/ksiegarnia-akademicka.pl\/index.php\/wp-json\/wp\/v2\/product"}],"about":[{"href":"https:\/\/ksiegarnia-akademicka.pl\/index.php\/wp-json\/wp\/v2\/types\/product"}],"wp:featuredmedia":[{"embeddable":true,"href":"https:\/\/ksiegarnia-akademicka.pl\/index.php\/wp-json\/wp\/v2\/media\/21194"}],"wp:attachment":[{"href":"https:\/\/ksiegarnia-akademicka.pl\/index.php\/wp-json\/wp\/v2\/media?parent=21193"}],"wp:term":[{"taxonomy":"product_brand","embeddable":true,"href":"https:\/\/ksiegarnia-akademicka.pl\/index.php\/wp-json\/wp\/v2\/product_brand?post=21193"},{"taxonomy":"product_cat","embeddable":true,"href":"https:\/\/ksiegarnia-akademicka.pl\/index.php\/wp-json\/wp\/v2\/product_cat?post=21193"},{"taxonomy":"product_tag","embeddable":true,"href":"https:\/\/ksiegarnia-akademicka.pl\/index.php\/wp-json\/wp\/v2\/product_tag?post=21193"}],"curies":[{"name":"wp","href":"https:\/\/api.w.org\/{rel}","templated":true}]}}