{"id":21188,"date":"2025-09-09T13:58:51","date_gmt":"2025-09-09T11:58:51","guid":{"rendered":"http:\/\/ksiegarnia-akademicka.pl\/?post_type=product&#038;p=21188"},"modified":"2025-09-09T13:58:52","modified_gmt":"2025-09-09T11:58:52","slug":"opiekun-medyczny-nowe-umiejetnosci","status":"publish","type":"product","link":"https:\/\/ksiegarnia-akademicka.pl\/index.php\/product\/opiekun-medyczny-nowe-umiejetnosci\/","title":{"rendered":"Opiekun medyczny Nowe umiej\u0119tno\u015bci"},"content":{"rendered":"<div class=\"grupa osoby\"><span class=\"meta-head\">Autor: <\/span>Agnieszka Rychlik<\/div>\n<div class=\"grupa wydawca\"><span class=\"meta-head\">Wydawca:<\/span>\u00a0Edicon<\/div>\n<div class=\"grupa dane\">\n<div>Oprawa:\u00a0<span class=\"meta-value-bold\">Plastikowa<\/span><\/div>\n<div>Format:\u00a0<span class=\"meta-value-bold\">16.0&#215;24.0cm<\/span><\/div>\n<div>Liczba stron:\u00a0<span class=\"meta-value-bold\">119<\/span><\/div>\n<div>Rok wydania:\u00a0<span class=\"meta-value-bold\">2021<\/span><\/div>\n<div>J\u0119zyk wydania:\u00a0<span class=\"meta-value-bold\">polski<\/span><\/div>\n<\/div>\n<div><\/div>\n<div>Chcesz wiedzie\u0107, jak zmieni\u0142a si\u0119 podstawa programowa dla zawodu opiekun medyczny? O jakie obszary musisz poszerzy\u0107 dotychczasow\u0105 wiedz\u0119 i umiej\u0119tno\u015bci? Najnowsza ksi\u0105\u017cka Agnieszki Rychlik i Iwony Pawluczuk odpowiada na ka\u017cde z tych pyta\u0144.<\/p>\n<p>Opiekun medyczny. Nowe umiej\u0119tno\u015bci to kolejna pozycja w ofercie Wydawnictwa EDICON, kt\u00f3ra powsta\u0142a z my\u015bl\u0105 o s\u0142uchaczach i absolwentach kierunku opiekun medyczny. Zmiany w podstawie programowej, i zwi\u0105zane z nimi nowe wymagania stawiane adeptom tego zawodu, sk\u0142oni\u0142y autorki do om\u00f3wienia zagadnie\u0144 wykraczaj\u0105cych poza ramy wcze\u015bniejszej publikacji Czynno\u015bci higieniczne, piel\u0119gnacyjne i opieku\u0144cze. Ksi\u0105\u017cka nie tylko poszerza wiedz\u0119 odbiorc\u00f3w i umo\u017cliwia zdobywanie umiej\u0119tno\u015bci z innych obszar\u00f3w, ale r\u00f3wnie\u017c zwraca uwag\u0119 na obowi\u0105zuj\u0105ce regulacje prawne. Opisuj\u0105c czynno\u015bci z zakresu dzia\u0142a\u0144 opieku\u0144czych i zaspokajania potrzeb pacjenta, autorki stawiaj\u0105 wyra\u017an\u0105 granic\u0105 pomi\u0119dzy samodzielnym dzia\u0142aniem opiekuna medycznego a zadaniami, kt\u00f3re mog\u0105 by\u0107 realizowane wy\u0142\u0105cznie pod nadzorem piel\u0119gniarki lub lekarza. Prosty j\u0119zyk, zachowanie schematu opisu algorytm\u00f3w znanego z Czynno\u015bci higienicznych, piel\u0119gnacyjnych i opieku\u0144czych oraz zdj\u0119cia wykonane w pracowni opiekuna medycznego to niew\u0105tpliwe atuty ksi\u0105\u017cki.<\/p>\n<p>Mocne strony:<\/p>\n<p>&#8211; autorki s\u0105 piel\u0119gniarkami z bogatym do\u015bwiadczeniem zawodowym, instruktorkami praktycznej nauki zawodu,<br \/>\n&#8211; profesjonalne zdj\u0119cia wykonane w pracowni opiekuna medycznego specjalnie na potrzeby publikacji,<br \/>\n&#8211; bibliografia wskazuj\u0105ca na \u017ar\u00f3d\u0142a,<br \/>\n&#8211; pytania kontrolne po ka\u017cdym rozdziale,<br \/>\n&#8211; istotne informacje uj\u0119te w ramki i graficznie wyr\u00f3\u017cnione z tekstu g\u0142\u00f3wnego,<br \/>\n&#8211; wszystkie zabiegi przedstawione zosta\u0142y wed\u0142ug jednorodnego schematu obejmuj\u0105cego cele, materia\u0142y, \u015brodki, zasady i kolejno\u015b\u0107 wykonywania dzia\u0142a\u0144 zabiegu zgodnie z wymogami egzaminu zawodowego dla opiekuna medycznego,<\/p><\/div>\n","protected":false},"excerpt":{"rendered":"<p>Autor: Agnieszka Rychlik Wydawca:\u00a0Edicon Oprawa:\u00a0Plastikowa Format:\u00a016.0&#215;24.0cm Liczba stron:\u00a0119 Rok wydania:\u00a02021 [&hellip;]<\/p>\n","protected":false},"featured_media":21189,"template":"","meta":[],"product_brand":[],"product_cat":[7493,7965],"product_tag":[8650,4645],"class_list":{"0":"post-21188","1":"product","2":"type-product","3":"status-publish","4":"has-post-thumbnail","6":"product_cat-medycyna","7":"product_cat-pielegniarstwo","8":"product_tag-opiekun-medyczny","9":"product_tag-pielegniarstwo","11":"first","12":"instock","13":"sale","14":"shipping-taxable","15":"purchasable","16":"product-type-simple"},"_links":{"self":[{"href":"https:\/\/ksiegarnia-akademicka.pl\/index.php\/wp-json\/wp\/v2\/product\/21188","targetHints":{"allow":["GET"]}}],"collection":[{"href":"https:\/\/ksiegarnia-akademicka.pl\/index.php\/wp-json\/wp\/v2\/product"}],"about":[{"href":"https:\/\/ksiegarnia-akademicka.pl\/index.php\/wp-json\/wp\/v2\/types\/product"}],"wp:featuredmedia":[{"embeddable":true,"href":"https:\/\/ksiegarnia-akademicka.pl\/index.php\/wp-json\/wp\/v2\/media\/21189"}],"wp:attachment":[{"href":"https:\/\/ksiegarnia-akademicka.pl\/index.php\/wp-json\/wp\/v2\/media?parent=21188"}],"wp:term":[{"taxonomy":"product_brand","embeddable":true,"href":"https:\/\/ksiegarnia-akademicka.pl\/index.php\/wp-json\/wp\/v2\/product_brand?post=21188"},{"taxonomy":"product_cat","embeddable":true,"href":"https:\/\/ksiegarnia-akademicka.pl\/index.php\/wp-json\/wp\/v2\/product_cat?post=21188"},{"taxonomy":"product_tag","embeddable":true,"href":"https:\/\/ksiegarnia-akademicka.pl\/index.php\/wp-json\/wp\/v2\/product_tag?post=21188"}],"curies":[{"name":"wp","href":"https:\/\/api.w.org\/{rel}","templated":true}]}}