{"id":21130,"date":"2025-05-26T09:01:39","date_gmt":"2025-05-26T07:01:39","guid":{"rendered":"http:\/\/ksiegarnia-akademicka.pl\/?post_type=product&#038;p=21130"},"modified":"2025-05-26T09:01:40","modified_gmt":"2025-05-26T07:01:40","slug":"zasady-budzetowe-a-wspolczesnosc","status":"publish","type":"product","link":"https:\/\/ksiegarnia-akademicka.pl\/index.php\/product\/zasady-budzetowe-a-wspolczesnosc\/","title":{"rendered":"Zasady bud\u017cetowe a wsp\u00f3\u0142czesno\u015b\u0107"},"content":{"rendered":"<div class=\"grupa osoby\"><span class=\"meta-head\">Autor: <\/span>Przemys\u0142aw Pest<\/div>\n<div class=\"grupa wydawca\"><span class=\"meta-head\">Wydawca:<\/span>\u00a0Wolters Kluwer<\/div>\n<div class=\"grupa dane\">\n<div>Oprawa:\u00a0<span class=\"meta-value-bold\">Twarda<\/span><\/div>\n<div>Liczba stron:\u00a0<span class=\"meta-value-bold\">232<\/span><\/div>\n<div>Wydanie:\u00a0<span class=\"meta-value-bold\">1<\/span><\/div>\n<div>Rok wydania:\u00a0<span class=\"meta-value-bold\">2025<\/span><\/div>\n<div>J\u0119zyk wydania:\u00a0<span class=\"meta-value-bold\">polski<\/span><\/div>\n<\/div>\n<div><\/div>\n<div>Ksi\u0105\u017cka prezentuje wsp\u00f3\u0142czesne uj\u0119cie zasad bud\u017cetowych z perspektywy Konstytucji RP. W publikacji przedstawiono i zbadano nast\u0119puj\u0105ce zasady bud\u017cetowe: zupe\u0142no\u015bci (powszechno\u015bci), jedno\u015bci, roczno\u015bci, r\u00f3wnowagi bud\u017cetowej, jawno\u015bci, szczeg\u00f3\u0142owo\u015bci, ci\u0105g\u0142o\u015bci. Z konstytucyjnym rozumieniem zasad bud\u017cetowych zosta\u0142y skonfrontowane najwa\u017cniejsze instytucje prawnofinansowe, takie jak: bud\u017cet pa\u0144stwa, ustawa bud\u017cetowa, ustawa oko\u0142obud\u017cetowa, sektor finans\u00f3w publicznych, wieloletno\u015b\u0107 publicznego planowania finansowego, wydatki sztywne, regu\u0142y fiskalne. Przedstawiono r\u00f3wnie\u017c rol\u0119 poszczeg\u00f3lnych organ\u00f3w w\u0142adzy publicznej w procedurze bud\u017cetowej z punktu widzenia konstytucyjnych podstaw zasad bud\u017cetowych.<\/p>\n<p>Ksi\u0105\u017cka przeznaczona jest dla pracownik\u00f3w naukowych zajmuj\u0105cych si\u0119 prawem finansowym, a tak\u017ce student\u00f3w, jako literatura uzupe\u0142niaj\u0105ca do przedmiot\u00f3w dotycz\u0105cych prawa finansowego. Zainteresuje r\u00f3wnie\u017c s\u0119dzi\u00f3w i pracownik\u00f3w Trybuna\u0142u Konstytucyjnego oraz s\u0105d\u00f3w administracyjnych, a tak\u017ce pracownik\u00f3w administracji publicznej, w szczeg\u00f3lno\u015bci Ministerstwa Finans\u00f3w i NIK.<\/p><\/div>\n","protected":false},"excerpt":{"rendered":"<p>Autor: Przemys\u0142aw Pest Wydawca:\u00a0Wolters Kluwer Oprawa:\u00a0Twarda Liczba stron:\u00a0232 Wydanie:\u00a01 Rok [&hellip;]<\/p>\n","protected":false},"featured_media":21131,"template":"","meta":[],"product_brand":[],"product_cat":[19,7530,7501],"product_tag":[1136],"class_list":{"0":"post-21130","1":"product","2":"type-product","3":"status-publish","4":"has-post-thumbnail","6":"product_cat-finanse-i-prawo-finansowe","7":"product_cat-nowosci","8":"product_cat-prawo-finansowe","9":"product_tag-prawo-finansowe","11":"first","12":"instock","13":"sale","14":"shipping-taxable","15":"purchasable","16":"product-type-simple"},"_links":{"self":[{"href":"https:\/\/ksiegarnia-akademicka.pl\/index.php\/wp-json\/wp\/v2\/product\/21130","targetHints":{"allow":["GET"]}}],"collection":[{"href":"https:\/\/ksiegarnia-akademicka.pl\/index.php\/wp-json\/wp\/v2\/product"}],"about":[{"href":"https:\/\/ksiegarnia-akademicka.pl\/index.php\/wp-json\/wp\/v2\/types\/product"}],"wp:featuredmedia":[{"embeddable":true,"href":"https:\/\/ksiegarnia-akademicka.pl\/index.php\/wp-json\/wp\/v2\/media\/21131"}],"wp:attachment":[{"href":"https:\/\/ksiegarnia-akademicka.pl\/index.php\/wp-json\/wp\/v2\/media?parent=21130"}],"wp:term":[{"taxonomy":"product_brand","embeddable":true,"href":"https:\/\/ksiegarnia-akademicka.pl\/index.php\/wp-json\/wp\/v2\/product_brand?post=21130"},{"taxonomy":"product_cat","embeddable":true,"href":"https:\/\/ksiegarnia-akademicka.pl\/index.php\/wp-json\/wp\/v2\/product_cat?post=21130"},{"taxonomy":"product_tag","embeddable":true,"href":"https:\/\/ksiegarnia-akademicka.pl\/index.php\/wp-json\/wp\/v2\/product_tag?post=21130"}],"curies":[{"name":"wp","href":"https:\/\/api.w.org\/{rel}","templated":true}]}}