{"id":21122,"date":"2025-05-26T08:53:14","date_gmt":"2025-05-26T06:53:14","guid":{"rendered":"http:\/\/ksiegarnia-akademicka.pl\/?post_type=product&#038;p=21122"},"modified":"2025-05-26T08:53:14","modified_gmt":"2025-05-26T06:53:14","slug":"warren-buffett-inwestuje-jak-dziewczyna","status":"publish","type":"product","link":"https:\/\/ksiegarnia-akademicka.pl\/index.php\/product\/warren-buffett-inwestuje-jak-dziewczyna\/","title":{"rendered":"Warren Buffett inwestuje jak dziewczyna"},"content":{"rendered":"<div class=\"grupa osoby\"><span class=\"meta-head\">Autor: <\/span>LouAnn Lofton<\/div>\n<div class=\"grupa osoby\"><span class=\"meta-head-blue\">T\u0142umacze:<\/span>\u00a0<span class=\"meta-value\">\u015aroda Krzysztof<\/span><\/div>\n<div class=\"grupa wydawca\"><span class=\"meta-head\">Wydawca:<\/span>\u00a0Linia<\/div>\n<div class=\"grupa dane\">\n<div>Oprawa:\u00a0<span class=\"meta-value-bold\">Mi\u0119kka<\/span><\/div>\n<div>Format:\u00a0<span class=\"meta-value-bold\">14.5&#215;21.0cm<\/span><\/div>\n<div>Liczba stron:\u00a0<span class=\"meta-value-bold\">248<\/span><\/div>\n<div>Rok wydania:\u00a0<span class=\"meta-value-bold\">2025<\/span><\/div>\n<div>J\u0119zyk wydania:\u00a0<span class=\"meta-value-bold\">polski<\/span><\/div>\n<\/div>\n<div><\/div>\n<div>Cierpliwo\u015b\u0107, konsekwencja, poszukiwanie warto\u015bci &#8211; to cechy, kt\u00f3re charakteryzuj\u0105 jednego z najwi\u0119kszych inwestor\u00f3w \u015bwiata &#8211; Warrena Buffetta. To r\u00f3wnie\u017c cechy, kt\u00f3re wed\u0142ug bada\u0144 s\u0105 typowe dla&#8230;kobiet inwestorek.<br \/>\nLouAnn Lofton pokazuje, \u017ce cho\u0107 inwestowanie bywa kojarzone z ryzykiem i agresywnym podej\u015bciem, to spok\u00f3j, stabilno\u015b\u0107 i mniejsze uzale\u017cnienie od emocji mog\u0105 prowadzi\u0107 do lepszych rezultat\u00f3w finansowych.<\/p>\n<p>Ksi\u0105\u017cka opiera si\u0119 na badaniach, do\u015bwiadczeniach ekspert\u00f3w i przyk\u0142adach z \u017cycia, by pokaza\u0107, \u017ce strategia inwestycyjna, kt\u00f3ra unika impulsywnych decyzji, jest kluczem do sukcesu. To lektura nie tylko dla kobiet, ale dla wszystkich, kt\u00f3rzy chc\u0105 spojrze\u0107 na inwestowanie w nowy spos\u00f3b.<\/p>\n<p>Lofton pokazuje, jak unikalne podej\u015bcie kobiet mo\u017ce by\u0107 przewag\u0105 na rynkach finansowych.<br \/>\n&#8222;Warren Buffett inwestuje jak dziewczyna&#8221; to solidna baza wiedzy oparta na do\u015bwiadczeniu ekspert\u00f3w i twardych danych. Pe\u0142na konkretnych wskaz\u00f3wek i strategii, kt\u00f3re mo\u017cna zastosowa\u0107 w codziennym inwestowaniu.<\/p>\n<p>&#8222;Cho\u0107 tytu\u0142 ksi\u0105\u017cki brzmi zaczepnie, nie jest ona ani troch\u0119 pretensjonalna. To lekko napisana opowie\u015b\u0107 \u0142\u0105cz\u0105ca wyniki bada\u0144 w\u00a0dziedzinie finans\u00f3w behawioralnych z\u00a0analiz\u0105 stylu inwestowania Warrena Buffetta. Autorka wskazuje czynniki, kt\u00f3re wp\u0142yn\u0119\u0142y na sukces s\u0142ynnego inwestora, przy okazji tworz\u0105c kompendium wiedzy, z\u00a0kt\u00f3rego ka\u017cdy mo\u017ce wyci\u0105gn\u0105\u0107 praktyczne wnioski. Pokazuje, jak wa\u017cny w\u00a0inwestowaniu jest temperament \u2013 i\u00a0jak wiele cech uznawanych za typowo kobiece sprzyja m\u0105dremu lokowaniu kapita\u0142u, tak\u017ce podczas kryzys\u00f3w.<br \/>\nMin\u0119\u0142y czasy, gdy s\u0142owa \u201erobi\u0107 co\u015b jak dziewczyna\u201d by\u0142y wypowiadane pob\u0142a\u017cliwie. W\u00a0\u015bwiecie inwestowania \u2013 i\u00a0nie tylko tu \u2013 nie s\u0105 one wcale synonimem s\u0142abo\u015bci. Wr\u0119cz przeciwnie.&#8221;<br \/>\nDorota Sierakowska, analityczka DM BO\u015a, za\u0142o\u017cycielka Girls Money Club, inwestorka<\/p><\/div>\n","protected":false},"excerpt":{"rendered":"<p>Autor: LouAnn Lofton T\u0142umacze:\u00a0\u015aroda Krzysztof Wydawca:\u00a0Linia Oprawa:\u00a0Mi\u0119kka Format:\u00a014.5&#215;21.0cm Liczba stron:\u00a0248 [&hellip;]<\/p>\n","protected":false},"featured_media":21123,"template":"","meta":[],"product_brand":[],"product_cat":[20,7530,7504],"product_tag":[1647,4305,8645],"class_list":{"0":"post-21122","1":"product","2":"type-product","3":"status-publish","4":"has-post-thumbnail","6":"product_cat-bankowosc","7":"product_cat-nowosci","8":"product_cat-rynek-pieniezny-i-kapitalowy","9":"product_tag-gielda","10":"product_tag-inwestycje","11":"product_tag-warren-buffett","13":"first","14":"instock","15":"sale","16":"shipping-taxable","17":"purchasable","18":"product-type-simple"},"_links":{"self":[{"href":"https:\/\/ksiegarnia-akademicka.pl\/index.php\/wp-json\/wp\/v2\/product\/21122","targetHints":{"allow":["GET"]}}],"collection":[{"href":"https:\/\/ksiegarnia-akademicka.pl\/index.php\/wp-json\/wp\/v2\/product"}],"about":[{"href":"https:\/\/ksiegarnia-akademicka.pl\/index.php\/wp-json\/wp\/v2\/types\/product"}],"wp:featuredmedia":[{"embeddable":true,"href":"https:\/\/ksiegarnia-akademicka.pl\/index.php\/wp-json\/wp\/v2\/media\/21123"}],"wp:attachment":[{"href":"https:\/\/ksiegarnia-akademicka.pl\/index.php\/wp-json\/wp\/v2\/media?parent=21122"}],"wp:term":[{"taxonomy":"product_brand","embeddable":true,"href":"https:\/\/ksiegarnia-akademicka.pl\/index.php\/wp-json\/wp\/v2\/product_brand?post=21122"},{"taxonomy":"product_cat","embeddable":true,"href":"https:\/\/ksiegarnia-akademicka.pl\/index.php\/wp-json\/wp\/v2\/product_cat?post=21122"},{"taxonomy":"product_tag","embeddable":true,"href":"https:\/\/ksiegarnia-akademicka.pl\/index.php\/wp-json\/wp\/v2\/product_tag?post=21122"}],"curies":[{"name":"wp","href":"https:\/\/api.w.org\/{rel}","templated":true}]}}