{"id":21108,"date":"2025-05-26T08:35:05","date_gmt":"2025-05-26T06:35:05","guid":{"rendered":"http:\/\/ksiegarnia-akademicka.pl\/?post_type=product&#038;p=21108"},"modified":"2025-05-26T08:35:06","modified_gmt":"2025-05-26T06:35:06","slug":"prawo-karne-wyklad-czesci-ogolnej","status":"publish","type":"product","link":"https:\/\/ksiegarnia-akademicka.pl\/index.php\/product\/prawo-karne-wyklad-czesci-ogolnej\/","title":{"rendered":"Prawo karne Wyk\u0142ad cz\u0119\u015bci og\u00f3lnej"},"content":{"rendered":"<div class=\"grupa osoby\"><span class=\"meta-head\">Autor: <\/span>\u0141ukasz Pohl<\/div>\n<div class=\"grupa wydawca\"><span class=\"meta-head\">Wydawca:<\/span>\u00a0Wolters Kluwer<\/div>\n<div class=\"grupa dane\">\n<div>Oprawa:\u00a0<span class=\"meta-value-bold\">Mi\u0119kka<\/span><\/div>\n<div>Liczba stron:\u00a0<span class=\"meta-value-bold\">576<\/span><\/div>\n<div>Wydanie:\u00a0<span class=\"meta-value-bold\">5<\/span><\/div>\n<div>Rok wydania:\u00a0<span class=\"meta-value-bold\">2025<\/span><\/div>\n<div>J\u0119zyk wydania:\u00a0<span class=\"meta-value-bold\">polski<\/span><\/div>\n<\/div>\n<div><\/div>\n<div>Podr\u0119cznik w usystematyzowany i pog\u0142\u0119biony spos\u00f3b przedstawia wszystkie najwa\u017cniejsze zagadnienia cz\u0119\u015bci og\u00f3lnej polskiego prawa karnego. Zawiera on najistotniejsze wiadomo\u015bci z zakresu nauki o przepisie prawa karnego, nauki o przest\u0119pstwie oraz nauki o karze i innych \u015brodkach prawnokarnej reakcji na przest\u0119pstwo.<br \/>\nPi\u0105te wydanie podr\u0119cznika uwzgl\u0119dnia liczne nowelizacje, kt\u00f3re mia\u0142y miejsce od czasu czwartego jego wydania. W tym okresie powa\u017cnie zmieniono kszta\u0142t wielu rozwi\u0105za\u0144 polskiego Kodeksu karnego, w tym w szczeg\u00f3lno\u015bci tych odnosz\u0105cych si\u0119 do kary pozbawienia wolno\u015bci, kary ograniczenia wolno\u015bci, kary grzywny, \u015brodk\u00f3w karnych i \u015brodk\u00f3w probacyjnych<\/p>\n<p>Publikacja jest przeznaczona przede wszystkim dla student\u00f3w prawa i administracji. Mo\u017ce by\u0107 przydatna tak\u017ce dla aplikant\u00f3w (s\u0105dowych, prokuratorskich i adwokackich) oraz pracownik\u00f3w naukowych.<\/p><\/div>\n","protected":false},"excerpt":{"rendered":"<p>Autor: \u0141ukasz Pohl Wydawca:\u00a0Wolters Kluwer Oprawa:\u00a0Mi\u0119kka Liczba stron:\u00a0576 Wydanie:\u00a05 Rok [&hellip;]<\/p>\n","protected":false},"featured_media":21109,"template":"","meta":[],"product_brand":[],"product_cat":[7490,7530,18],"product_tag":[296,330],"class_list":{"0":"post-21108","1":"product","2":"type-product","3":"status-publish","4":"has-post-thumbnail","6":"product_cat-karne","7":"product_cat-nowosci","8":"product_cat-prawo","9":"product_tag-prawo-karne","10":"product_tag-seria-akademicka","12":"first","13":"instock","14":"sale","15":"shipping-taxable","16":"purchasable","17":"product-type-simple"},"_links":{"self":[{"href":"https:\/\/ksiegarnia-akademicka.pl\/index.php\/wp-json\/wp\/v2\/product\/21108","targetHints":{"allow":["GET"]}}],"collection":[{"href":"https:\/\/ksiegarnia-akademicka.pl\/index.php\/wp-json\/wp\/v2\/product"}],"about":[{"href":"https:\/\/ksiegarnia-akademicka.pl\/index.php\/wp-json\/wp\/v2\/types\/product"}],"wp:featuredmedia":[{"embeddable":true,"href":"https:\/\/ksiegarnia-akademicka.pl\/index.php\/wp-json\/wp\/v2\/media\/21109"}],"wp:attachment":[{"href":"https:\/\/ksiegarnia-akademicka.pl\/index.php\/wp-json\/wp\/v2\/media?parent=21108"}],"wp:term":[{"taxonomy":"product_brand","embeddable":true,"href":"https:\/\/ksiegarnia-akademicka.pl\/index.php\/wp-json\/wp\/v2\/product_brand?post=21108"},{"taxonomy":"product_cat","embeddable":true,"href":"https:\/\/ksiegarnia-akademicka.pl\/index.php\/wp-json\/wp\/v2\/product_cat?post=21108"},{"taxonomy":"product_tag","embeddable":true,"href":"https:\/\/ksiegarnia-akademicka.pl\/index.php\/wp-json\/wp\/v2\/product_tag?post=21108"}],"curies":[{"name":"wp","href":"https:\/\/api.w.org\/{rel}","templated":true}]}}