{"id":21075,"date":"2025-05-14T08:37:51","date_gmt":"2025-05-14T06:37:51","guid":{"rendered":"http:\/\/ksiegarnia-akademicka.pl\/?post_type=product&#038;p=21075"},"modified":"2025-05-14T08:37:51","modified_gmt":"2025-05-14T06:37:51","slug":"komunikacja-kryzysowa-w-systemie-ochrony-ludnosci-wybrane-zagadnienia","status":"publish","type":"product","link":"https:\/\/ksiegarnia-akademicka.pl\/index.php\/product\/komunikacja-kryzysowa-w-systemie-ochrony-ludnosci-wybrane-zagadnienia\/","title":{"rendered":"Komunikacja kryzysowa w systemie ochrony ludno\u015bci. Wybrane zagadnienia"},"content":{"rendered":"<div class=\"grupa osoby\"><span class=\"meta-head\">Autor: <\/span>Grzegorz Pietrek<\/div>\n<div class=\"grupa wydawca\"><span class=\"meta-head\">Wydawca:<\/span>\u00a0Uniwersytet w Siedlcach<\/div>\n<div class=\"grupa dane\">\n<div>Oprawa:\u00a0<span class=\"meta-value-bold\">Mi\u0119kka<\/span><\/div>\n<div>Format:\u00a0<span class=\"meta-value-bold\">17.0&#215;24.0cm<\/span><\/div>\n<div>Liczba stron:\u00a0<span class=\"meta-value-bold\">238<\/span><\/div>\n<div>Rok wydania:\u00a0<span class=\"meta-value-bold\">2025<\/span><\/div>\n<div>J\u0119zyk wydania:\u00a0<span class=\"meta-value-bold\">polski<\/span><\/div>\n<\/div>\n<div><\/div>\n<div>Organizacja mo\u017ce by\u0107 ofiar\u0105 sytuacji kryzysowej, mo\u017ce r\u00f3wnie\u017c sama sprowokowa\u0107 kryzys w spos\u00f3b niezamierzony albo w spos\u00f3b zamierzony. Dynamika medi\u00f3w spo\u0142eczno\u015bciowych i \u015brodowiska internetowego sprawia, \u017ce przebieg sytuacji kryzysowej mo\u017ce by\u0107 mniej przewidywalny, a odbiorcy bardziej zaanga\u017cowani emocjonalnie, co utrudnia organizacji podejmowanie w\u0142a\u015bciwych dzia\u0142a\u0144 (fragment Wst\u0119pu).<\/div>\n","protected":false},"excerpt":{"rendered":"<p>Autor: Grzegorz Pietrek Wydawca:\u00a0Uniwersytet w Siedlcach Oprawa:\u00a0Mi\u0119kka Format:\u00a017.0&#215;24.0cm Liczba stron:\u00a0238 [&hellip;]<\/p>\n","protected":false},"featured_media":21076,"template":"","meta":[],"product_brand":[],"product_cat":[8250,7530],"product_tag":[8640],"class_list":{"0":"post-21075","1":"product","2":"type-product","3":"status-publish","4":"has-post-thumbnail","6":"product_cat-bezpieczenstwo-wewnetrzne","7":"product_cat-nowosci","8":"product_tag-komunikacja-kryzysowa","10":"first","11":"instock","12":"sale","13":"shipping-taxable","14":"purchasable","15":"product-type-simple"},"_links":{"self":[{"href":"https:\/\/ksiegarnia-akademicka.pl\/index.php\/wp-json\/wp\/v2\/product\/21075","targetHints":{"allow":["GET"]}}],"collection":[{"href":"https:\/\/ksiegarnia-akademicka.pl\/index.php\/wp-json\/wp\/v2\/product"}],"about":[{"href":"https:\/\/ksiegarnia-akademicka.pl\/index.php\/wp-json\/wp\/v2\/types\/product"}],"wp:featuredmedia":[{"embeddable":true,"href":"https:\/\/ksiegarnia-akademicka.pl\/index.php\/wp-json\/wp\/v2\/media\/21076"}],"wp:attachment":[{"href":"https:\/\/ksiegarnia-akademicka.pl\/index.php\/wp-json\/wp\/v2\/media?parent=21075"}],"wp:term":[{"taxonomy":"product_brand","embeddable":true,"href":"https:\/\/ksiegarnia-akademicka.pl\/index.php\/wp-json\/wp\/v2\/product_brand?post=21075"},{"taxonomy":"product_cat","embeddable":true,"href":"https:\/\/ksiegarnia-akademicka.pl\/index.php\/wp-json\/wp\/v2\/product_cat?post=21075"},{"taxonomy":"product_tag","embeddable":true,"href":"https:\/\/ksiegarnia-akademicka.pl\/index.php\/wp-json\/wp\/v2\/product_tag?post=21075"}],"curies":[{"name":"wp","href":"https:\/\/api.w.org\/{rel}","templated":true}]}}