{"id":21070,"date":"2025-05-14T08:32:34","date_gmt":"2025-05-14T06:32:34","guid":{"rendered":"http:\/\/ksiegarnia-akademicka.pl\/?post_type=product&#038;p=21070"},"modified":"2025-05-14T08:32:35","modified_gmt":"2025-05-14T06:32:35","slug":"bezpieczenstwo-informacyjne-zagrozenia-wyzwania-szanse-i-ryzyka","status":"publish","type":"product","link":"https:\/\/ksiegarnia-akademicka.pl\/index.php\/product\/bezpieczenstwo-informacyjne-zagrozenia-wyzwania-szanse-i-ryzyka\/","title":{"rendered":"Bezpiecze\u0144stwo informacyjne Zagro\u017cenia, wyzwania, szanse i ryzyka"},"content":{"rendered":"<div class=\"grupa osoby\"><span class=\"meta-head-blue\">Redakcja:<\/span>\u00a0<span class=\"meta-value\">Fa\u0142dowska Maryla<\/span><\/div>\n<div class=\"grupa wydawca\"><span class=\"meta-head\">Wydawca:<\/span>\u00a0Uniwersytet w Siedlcach<\/div>\n<div class=\"grupa dane\">\n<div>Oprawa:\u00a0<span class=\"meta-value-bold\">Mi\u0119kka<\/span><\/div>\n<div>Format:\u00a0<span class=\"meta-value-bold\">17.0&#215;24.0cm<\/span><\/div>\n<div>Liczba stron:\u00a0<span class=\"meta-value-bold\">162<\/span><\/div>\n<div>Rok wydania:\u00a0<span class=\"meta-value-bold\">2025<\/span><\/div>\n<div>J\u0119zyk wydania:\u00a0<span class=\"meta-value-bold\">polski<\/span><\/div>\n<\/div>\n<div><\/div>\n<div>Wsp\u00f3\u0142czesny \u015bwiat &#8211; to \u015bwiat zglobalizowany, a XXI wiek to wiek spo\u0142ecze\u0144stwa informacyjnego, opartego na dynamicznych zmianach cyfryzacji i komputeryzacji, w kt\u00f3rym informacja jest wyj\u0105tkowo cenionym dobrem. To ona wp\u0142ywa po pierwsze na rozw\u00f3j, po drugie &#8211; na unikanie pojawiaj\u0105cych si\u0119 coraz cz\u0119\u015bciej r\u00f3\u017cnych problem\u00f3w, trudno\u015bci czy te\u017c zagro\u017ce\u0144. To w\u0142a\u015bnie te ostatnie sta\u0142y si\u0119 g\u0142\u00f3wnym tematem dyskursu naukowego w problematyce bezpiecze\u0144stwa informacyjnego, zw\u0142aszcza od 2010 roku (fragment Wst\u0119pu).<\/div>\n","protected":false},"excerpt":{"rendered":"<p>Redakcja:\u00a0Fa\u0142dowska Maryla Wydawca:\u00a0Uniwersytet w Siedlcach Oprawa:\u00a0Mi\u0119kka Format:\u00a017.0&#215;24.0cm Liczba stron:\u00a0162 Rok [&hellip;]<\/p>\n","protected":false},"featured_media":21072,"template":"","meta":[],"product_brand":[],"product_cat":[8250,7530],"product_tag":[8638],"class_list":{"0":"post-21070","1":"product","2":"type-product","3":"status-publish","4":"has-post-thumbnail","6":"product_cat-bezpieczenstwo-wewnetrzne","7":"product_cat-nowosci","8":"product_tag-bezpieczenstwo-informatyczne","10":"first","11":"instock","12":"shipping-taxable","13":"purchasable","14":"product-type-simple"},"_links":{"self":[{"href":"https:\/\/ksiegarnia-akademicka.pl\/index.php\/wp-json\/wp\/v2\/product\/21070","targetHints":{"allow":["GET"]}}],"collection":[{"href":"https:\/\/ksiegarnia-akademicka.pl\/index.php\/wp-json\/wp\/v2\/product"}],"about":[{"href":"https:\/\/ksiegarnia-akademicka.pl\/index.php\/wp-json\/wp\/v2\/types\/product"}],"wp:featuredmedia":[{"embeddable":true,"href":"https:\/\/ksiegarnia-akademicka.pl\/index.php\/wp-json\/wp\/v2\/media\/21072"}],"wp:attachment":[{"href":"https:\/\/ksiegarnia-akademicka.pl\/index.php\/wp-json\/wp\/v2\/media?parent=21070"}],"wp:term":[{"taxonomy":"product_brand","embeddable":true,"href":"https:\/\/ksiegarnia-akademicka.pl\/index.php\/wp-json\/wp\/v2\/product_brand?post=21070"},{"taxonomy":"product_cat","embeddable":true,"href":"https:\/\/ksiegarnia-akademicka.pl\/index.php\/wp-json\/wp\/v2\/product_cat?post=21070"},{"taxonomy":"product_tag","embeddable":true,"href":"https:\/\/ksiegarnia-akademicka.pl\/index.php\/wp-json\/wp\/v2\/product_tag?post=21070"}],"curies":[{"name":"wp","href":"https:\/\/api.w.org\/{rel}","templated":true}]}}