{"id":21068,"date":"2025-05-14T08:27:22","date_gmt":"2025-05-14T06:27:22","guid":{"rendered":"http:\/\/ksiegarnia-akademicka.pl\/?post_type=product&#038;p=21068"},"modified":"2025-05-14T08:27:23","modified_gmt":"2025-05-14T06:27:23","slug":"cztery-szkice-emigracyjne","status":"publish","type":"product","link":"https:\/\/ksiegarnia-akademicka.pl\/index.php\/product\/cztery-szkice-emigracyjne\/","title":{"rendered":"Cztery szkice emigracyjne"},"content":{"rendered":"<div class=\"grupa osoby\"><span class=\"meta-head\">Autor: <\/span>Krzysztof \u0106wikli\u0144ski<\/div>\n<div class=\"grupa wydawca\"><span class=\"meta-head\">Wydawca:<\/span>\u00a0Uniwersytet w Siedlcach<\/div>\n<div class=\"grupa dane\">\n<div>Oprawa:\u00a0<span class=\"meta-value-bold\">Mi\u0119kka ze skrzyde\u0142kami<\/span><\/div>\n<div>Format:\u00a0<span class=\"meta-value-bold\">17.0&#215;24.0cm<\/span><\/div>\n<div>Liczba stron:\u00a0<span class=\"meta-value-bold\">200<\/span><\/div>\n<div>Rok wydania:\u00a0<span class=\"meta-value-bold\">2025<\/span><\/div>\n<div>J\u0119zyk wydania:\u00a0<span class=\"meta-value-bold\">polski<\/span><\/div>\n<\/div>\n<div><\/div>\n<div>Nie jest tak, \u017ce emigranci nie maj\u0105 nam nic do powiedzenia. \u015awiat nie zmieni\u0142 si\u0119 na tyle, a ich tw\u00f3rczo\u015b\u0107 nie umar\u0142a wraz z nimi. je\u015bli nawet sprawia takie wra\u017cenie, nietrudno przywr\u00f3ci\u0107 j\u0105 \u017cyciu. Po uchyleniu wszystkich przeszk\u00f3d i ogranicze\u0144 literatura, kt\u00f3r\u0105 nazywano &#8222;\u017ale obecn\u0105&#8221;, nie sta\u0142a si\u0119 literatur\u0105 dobrze obecn\u0105, blisk\u0105, zadomowion\u0105. Wyj\u0105tki tylko potwierdzaj\u0105 regu\u0142\u0119. Obok przetartych, dobrze znanych szlak\u00f3w, biegn\u0105 dukty niezbadane, ledwie widoczne, a prowadz\u0105 one ku niejednej wartej wyja\u015bnienia tajemnicy. Utworom g\u0142o\u015bnym skromnie towarzysz\u0105 zapoznane i anonimowe. Z autorami s\u0142awnymi s\u0105siaduj\u0105 ci, kt\u00f3rych dla dobra kultury, czyli jej ca\u0142o\u015bci, nale\u017ca\u0142oby wydoby\u0107 z mrok\u00f3w zapomnienia. Czy s\u0142usznie si\u0119 tam znale\u017ali, czas oka\u017ce i &#8211; nie tra\u0107my nadziei &#8211; dowiedzie czytelnik (Ze wst\u0119pu &#8222;Od autora&#8221;).<\/div>\n","protected":false},"excerpt":{"rendered":"<p>Autor: Krzysztof \u0106wikli\u0144ski Wydawca:\u00a0Uniwersytet w Siedlcach Oprawa:\u00a0Mi\u0119kka ze skrzyde\u0142kami Format:\u00a017.0&#215;24.0cm [&hellip;]<\/p>\n","protected":false},"featured_media":21069,"template":"","meta":[],"product_brand":[],"product_cat":[7627,7530],"product_tag":[8637],"class_list":{"0":"post-21068","1":"product","2":"type-product","3":"status-publish","4":"has-post-thumbnail","6":"product_cat-historia-literatury","7":"product_cat-nowosci","8":"product_tag-literatura-emigracyjna","10":"first","11":"instock","12":"sale","13":"shipping-taxable","14":"purchasable","15":"product-type-simple"},"_links":{"self":[{"href":"https:\/\/ksiegarnia-akademicka.pl\/index.php\/wp-json\/wp\/v2\/product\/21068","targetHints":{"allow":["GET"]}}],"collection":[{"href":"https:\/\/ksiegarnia-akademicka.pl\/index.php\/wp-json\/wp\/v2\/product"}],"about":[{"href":"https:\/\/ksiegarnia-akademicka.pl\/index.php\/wp-json\/wp\/v2\/types\/product"}],"wp:featuredmedia":[{"embeddable":true,"href":"https:\/\/ksiegarnia-akademicka.pl\/index.php\/wp-json\/wp\/v2\/media\/21069"}],"wp:attachment":[{"href":"https:\/\/ksiegarnia-akademicka.pl\/index.php\/wp-json\/wp\/v2\/media?parent=21068"}],"wp:term":[{"taxonomy":"product_brand","embeddable":true,"href":"https:\/\/ksiegarnia-akademicka.pl\/index.php\/wp-json\/wp\/v2\/product_brand?post=21068"},{"taxonomy":"product_cat","embeddable":true,"href":"https:\/\/ksiegarnia-akademicka.pl\/index.php\/wp-json\/wp\/v2\/product_cat?post=21068"},{"taxonomy":"product_tag","embeddable":true,"href":"https:\/\/ksiegarnia-akademicka.pl\/index.php\/wp-json\/wp\/v2\/product_tag?post=21068"}],"curies":[{"name":"wp","href":"https:\/\/api.w.org\/{rel}","templated":true}]}}