{"id":21037,"date":"2025-05-08T08:13:07","date_gmt":"2025-05-08T06:13:07","guid":{"rendered":"http:\/\/ksiegarnia-akademicka.pl\/?post_type=product&#038;p=21037"},"modified":"2025-05-08T08:13:08","modified_gmt":"2025-05-08T06:13:08","slug":"domy-pomocy-spolecznej-organizacja-i-funkcjonowanie","status":"publish","type":"product","link":"https:\/\/ksiegarnia-akademicka.pl\/index.php\/product\/domy-pomocy-spolecznej-organizacja-i-funkcjonowanie\/","title":{"rendered":"Domy pomocy spo\u0142ecznej Organizacja i funkcjonowanie"},"content":{"rendered":"<div class=\"grupa osoby\"><span class=\"meta-head\">Autor: <\/span>Katarzyna Miaskowska-Daszkiewicz, Emilia Sarnacka, Anna Jacek<\/div>\n<div class=\"grupa wydawca\"><span class=\"meta-head\">Wydawca:<\/span>\u00a0Difin<\/div>\n<div class=\"grupa dane\">\n<div>Oprawa:\u00a0<span class=\"meta-value-bold\">Mi\u0119kka<\/span><\/div>\n<div>Liczba stron:\u00a0<span class=\"meta-value-bold\">244<\/span><\/div>\n<div>Wydanie:\u00a0<span class=\"meta-value-bold\">4<\/span><\/div>\n<div>Rok wydania:\u00a0<span class=\"meta-value-bold\">2025<\/span><\/div>\n<div>J\u0119zyk wydania:\u00a0<span class=\"meta-value-bold\">polski<\/span><\/div>\n<\/div>\n<div><\/div>\n<div>Ksi\u0105\u017cka zawiera informacje na temat organizacji dom\u00f3w pomocy spo\u0142ecznej, ich struktury, zakresu us\u0142ug, zasad funkcjonowania, a tak\u017ce przepis\u00f3w prawnych reguluj\u0105cych dzia\u0142alno\u015b\u0107 DPS.<\/p>\n<p>Wydanie 4 zosta\u0142o zaktualizowane zgodnie z obowi\u0105zuj\u0105cym stanem prawnym. Dodatkowo zosta\u0142 wprowadzony nowy rozdzia\u0142 dotycz\u0105cy nowej formy \u015bwiadczenia, jak\u0105 s\u0105 us\u0142ugi wsparcia kr\u00f3tkoterminowego w DPS. Jest to nowe w przestrzeni funkcjonowania DPS rozwi\u0105zanie umo\u017cliwiaj\u0105ce dora\u017ane i czasowe zapewnienie opieki osobom z r\u00f3\u017cnych wzgl\u0119d\u00f3w niesamodzielnym (np. z uwagi na wiek, niepe\u0142nosprawno\u015b\u0107 czy przewlek\u0142\u0105 chorob\u0119), w sytuacji, kiedy ich codzienni opiekunowie nie s\u0105 w stanie przez pewien czas tej opieki \u015bwiadczy\u0107.<\/p><\/div>\n","protected":false},"excerpt":{"rendered":"<p>Autor: Katarzyna Miaskowska-Daszkiewicz, Emilia Sarnacka, Anna Jacek Wydawca:\u00a0Difin Oprawa:\u00a0Mi\u0119kka Liczba [&hellip;]<\/p>\n","protected":false},"featured_media":21038,"template":"","meta":[],"product_brand":[],"product_cat":[27,7530,7510],"product_tag":[1039,225],"class_list":{"0":"post-21037","1":"product","2":"type-product","3":"status-publish","4":"has-post-thumbnail","6":"product_cat-nauki-spoleczne","7":"product_cat-nowosci","8":"product_cat-polityka-spoleczna","9":"product_tag-domy-pomocy-spolecznej","10":"product_tag-polityka-spoleczna","12":"first","13":"instock","14":"sale","15":"shipping-taxable","16":"purchasable","17":"product-type-simple"},"_links":{"self":[{"href":"https:\/\/ksiegarnia-akademicka.pl\/index.php\/wp-json\/wp\/v2\/product\/21037","targetHints":{"allow":["GET"]}}],"collection":[{"href":"https:\/\/ksiegarnia-akademicka.pl\/index.php\/wp-json\/wp\/v2\/product"}],"about":[{"href":"https:\/\/ksiegarnia-akademicka.pl\/index.php\/wp-json\/wp\/v2\/types\/product"}],"wp:featuredmedia":[{"embeddable":true,"href":"https:\/\/ksiegarnia-akademicka.pl\/index.php\/wp-json\/wp\/v2\/media\/21038"}],"wp:attachment":[{"href":"https:\/\/ksiegarnia-akademicka.pl\/index.php\/wp-json\/wp\/v2\/media?parent=21037"}],"wp:term":[{"taxonomy":"product_brand","embeddable":true,"href":"https:\/\/ksiegarnia-akademicka.pl\/index.php\/wp-json\/wp\/v2\/product_brand?post=21037"},{"taxonomy":"product_cat","embeddable":true,"href":"https:\/\/ksiegarnia-akademicka.pl\/index.php\/wp-json\/wp\/v2\/product_cat?post=21037"},{"taxonomy":"product_tag","embeddable":true,"href":"https:\/\/ksiegarnia-akademicka.pl\/index.php\/wp-json\/wp\/v2\/product_tag?post=21037"}],"curies":[{"name":"wp","href":"https:\/\/api.w.org\/{rel}","templated":true}]}}