{"id":21031,"date":"2025-05-07T08:47:08","date_gmt":"2025-05-07T06:47:08","guid":{"rendered":"http:\/\/ksiegarnia-akademicka.pl\/?post_type=product&#038;p=21031"},"modified":"2025-05-07T08:47:08","modified_gmt":"2025-05-07T06:47:08","slug":"cukier-na-jezyku-rozmowy-o-cukrzycy","status":"publish","type":"product","link":"https:\/\/ksiegarnia-akademicka.pl\/index.php\/product\/cukier-na-jezyku-rozmowy-o-cukrzycy\/","title":{"rendered":"Cukier na j\u0119zyku Rozmowy o cukrzycy"},"content":{"rendered":"<div class=\"grupa osoby\"><span class=\"meta-head\">Autor: <\/span>Jerzy Bralczyk, Artur Mamcarz, Leszek Czupryniak<\/div>\n<div class=\"grupa wydawca\"><span class=\"meta-head\">Wydawca:<\/span>\u00a0PZWL<\/div>\n<div class=\"grupa dane\">\n<div>Oprawa:\u00a0<span class=\"meta-value-bold\">Twarda<\/span><\/div>\n<div>Format:\u00a0<span class=\"meta-value-bold\">14.8&#215;21.0cm<\/span><\/div>\n<div>Liczba stron:\u00a0<span class=\"meta-value-bold\">320<\/span><\/div>\n<div>Wydanie:\u00a0<span class=\"meta-value-bold\">1<\/span><\/div>\n<div>Rok wydania:\u00a0<span class=\"meta-value-bold\">2025<\/span><\/div>\n<div>J\u0119zyk wydania:\u00a0<span class=\"meta-value-bold\">polski<\/span><\/div>\n<\/div>\n<div><\/div>\n<div>Kolejna, po \u201eZdrowym j\u0119zyku\u201d, publikacja po\u015bwi\u0119cona tematowi j\u0119zyka zwi\u0105zanego ze zdrowiem i medycyn\u0105 \u2013 \u201eCukier na j\u0119zyku. Rozmowy o cukrzycy\u201d. Ksi\u0105\u017cka jest zapisem rozm\u00f3w na temat cukru i cukrzycy pomi\u0119dzy j\u0119zykoznawc\u0105 prof. Jerzym Bralczykiem, kt\u00f3ry choruje na cukrzyc\u0119, a tak\u017ce diabetologiem prof. Leszkiem Czupryniakiem i kardiologiem prof. Arturem Mamcarzem. Poznajemy dwa r\u00f3\u017cne punkty widzenia na cukrzyc\u0119: perspektyw\u0119 pacjenta, kt\u00f3ry bywa trudny, nie zawsze stosuje si\u0119 do zalece\u0144, ma dla siebie mo\u017ce zbyt wiele wyrozumia\u0142o\u015bci i jest w tym bardzo ludzki oraz perspektyw\u0119 lekarzy, kt\u00f3rzy zajmuj\u0105 si\u0119 leczeniem cukrzycy i jej licznymi powik\u0142aniami. Cukier i cukrzyca pojawiaj\u0105 si\u0119 w rozmowach w najrozmaitszych kontekstach \u2013 nie tylko medycznym i j\u0119zykowym, ale tak\u017ce historycznym, kulturalnym, spo\u0142ecznym, psychologicznym, a wszystko jest okraszone du\u017c\u0105 dawk\u0105 humoru w najlepszym wydaniu, mn\u00f3stwem anegdot i bon mot\u00f3w. Zar\u00f3wno pacjenci, jak i lekarze znajd\u0105 tu dla siebie spor\u0105 porcj\u0119 wiedzy o cukrzycy, podan\u0105 w spos\u00f3b bardzo przyst\u0119pny, zrozumia\u0142y i lekki.<\/div>\n","protected":false},"excerpt":{"rendered":"<p>Autor: Jerzy Bralczyk, Artur Mamcarz, Leszek Czupryniak Wydawca:\u00a0PZWL Oprawa:\u00a0Twarda Format:\u00a014.8&#215;21.0cm [&hellip;]<\/p>\n","protected":false},"featured_media":21032,"template":"","meta":[],"product_brand":[],"product_cat":[8029,8170,7493,7530],"product_tag":[7738,7737,4731],"class_list":{"0":"post-21031","1":"product","2":"type-product","3":"status-publish","4":"has-post-thumbnail","6":"product_cat-endokrynologia-medycyna","7":"product_cat-jezykoznawstwo","8":"product_cat-medycyna","9":"product_cat-nowosci","10":"product_tag-diabetologia","11":"product_tag-endokrynologia","12":"product_tag-jezykoznawstwo","14":"first","15":"instock","16":"sale","17":"shipping-taxable","18":"purchasable","19":"product-type-simple"},"_links":{"self":[{"href":"https:\/\/ksiegarnia-akademicka.pl\/index.php\/wp-json\/wp\/v2\/product\/21031","targetHints":{"allow":["GET"]}}],"collection":[{"href":"https:\/\/ksiegarnia-akademicka.pl\/index.php\/wp-json\/wp\/v2\/product"}],"about":[{"href":"https:\/\/ksiegarnia-akademicka.pl\/index.php\/wp-json\/wp\/v2\/types\/product"}],"wp:featuredmedia":[{"embeddable":true,"href":"https:\/\/ksiegarnia-akademicka.pl\/index.php\/wp-json\/wp\/v2\/media\/21032"}],"wp:attachment":[{"href":"https:\/\/ksiegarnia-akademicka.pl\/index.php\/wp-json\/wp\/v2\/media?parent=21031"}],"wp:term":[{"taxonomy":"product_brand","embeddable":true,"href":"https:\/\/ksiegarnia-akademicka.pl\/index.php\/wp-json\/wp\/v2\/product_brand?post=21031"},{"taxonomy":"product_cat","embeddable":true,"href":"https:\/\/ksiegarnia-akademicka.pl\/index.php\/wp-json\/wp\/v2\/product_cat?post=21031"},{"taxonomy":"product_tag","embeddable":true,"href":"https:\/\/ksiegarnia-akademicka.pl\/index.php\/wp-json\/wp\/v2\/product_tag?post=21031"}],"curies":[{"name":"wp","href":"https:\/\/api.w.org\/{rel}","templated":true}]}}