{"id":21025,"date":"2025-05-07T08:36:41","date_gmt":"2025-05-07T06:36:41","guid":{"rendered":"http:\/\/ksiegarnia-akademicka.pl\/?post_type=product&#038;p=21025"},"modified":"2025-05-07T08:36:42","modified_gmt":"2025-05-07T06:36:42","slug":"wykorzystanie-sztucznej-inteligencji-i-nowych-technologii-cyfrowych-w-sferze-gospodarczej-i-spolecznej-wybrane-zagadnienia","status":"publish","type":"product","link":"https:\/\/ksiegarnia-akademicka.pl\/index.php\/product\/wykorzystanie-sztucznej-inteligencji-i-nowych-technologii-cyfrowych-w-sferze-gospodarczej-i-spolecznej-wybrane-zagadnienia\/","title":{"rendered":"Wykorzystanie sztucznej inteligencji i nowych technologii cyfrowych w sferze gospodarczej i spo\u0142ecznej Wybrane zagadnienia"},"content":{"rendered":"<div class=\"grupa osoby\"><span class=\"meta-head\">Autor:\u00a0 <\/span>Anna Milewska, Tomasz Klusek<\/div>\n<div class=\"grupa wydawca\"><span class=\"meta-head\">Wydawca:<\/span>\u00a0CeDeWu<\/div>\n<div class=\"grupa dane\">\n<div>Oprawa:\u00a0<span class=\"meta-value-bold\">Mi\u0119kka<\/span><\/div>\n<div>Format:\u00a0<span class=\"meta-value-bold\">16.5&#215;23.5cm<\/span><\/div>\n<div>Liczba stron:\u00a0<span class=\"meta-value-bold\">145<\/span><\/div>\n<div>Rok wydania:\u00a0<span class=\"meta-value-bold\">2025<\/span><\/div>\n<div>J\u0119zyk wydania:\u00a0<span class=\"meta-value-bold\">polski<\/span><\/div>\n<\/div>\n<div><\/div>\n<div>Wsp\u00f3\u0142cze\u015bnie obserwuje si\u0119 dynamiczny wzrost zainteresowania wykorzystaniem sztucznej inteligencji i nowych technologii cyfrowych w r\u00f3\u017cnych obszarach. Wynika to mi\u0119dzy innymi z faktu, \u017ce jest ono przejawem innowacyjno\u015bci, b\u0119d\u0105cej istotn\u0105 determinant\u0105 rozwoju i konkurencyjno\u015bci. Dotyczy to nie tylko pojedynczych podmiot\u00f3w, ale te\u017c ca\u0142ych sektor\u00f3w, w ramach kt\u00f3rych one funkcjonuj\u0105. Nale\u017cy przy tym podkre\u015bli\u0107, \u017ce sztuczna inteligencja mo\u017ce by\u0107 wykorzystana z korzy\u015bci\u0105 dla ludzko\u015bci, ale te\u017c mo\u017ce by\u0107 \u017ar\u00f3d\u0142em trudnych do przewidzenia zagro\u017ce\u0144.<\/p>\n<p>W monografii skoncentrowano si\u0119 na wybranych aspektach zwi\u0105zanych z wykorzystaniem sztucznej inteligencji i nowych technologii cyfrowych w sferze gospodarczej i spo\u0142ecznej, poddaj\u0105c analizie takie obszary, jak:<br \/>\n\u2022 us\u0142ugi publiczne,<br \/>\n\u2022 rynek pracy,<br \/>\n\u2022 rynek nieruchomo\u015bci,<br \/>\n\u2022 edukacja w szkolnictwie wy\u017cszym.<\/p>\n<p>W ksi\u0105\u017cce zwr\u00f3cono r\u00f3wnie\u017c uwag\u0119 na istot\u0119 poj\u0119cia sztucznej inteligencji oraz polityk\u0119 Unii Europejskiej w zakresie tworzenia ram transformacji cyfrowej.<\/p><\/div>\n","protected":false},"excerpt":{"rendered":"<p>Autor:\u00a0 Anna Milewska, Tomasz Klusek Wydawca:\u00a0CeDeWu Oprawa:\u00a0Mi\u0119kka Format:\u00a016.5&#215;23.5cm Liczba stron:\u00a0145 [&hellip;]<\/p>\n","protected":false},"featured_media":21026,"template":"","meta":[],"product_brand":[],"product_cat":[7530,24,31,7515],"product_tag":[7475,541],"class_list":{"0":"post-21025","1":"product","2":"type-product","3":"status-publish","4":"has-post-thumbnail","6":"product_cat-nowosci","7":"product_cat-polityka-gospodarcza","8":"product_cat-przedsiebiorstwo","9":"product_cat-zarzadzanie-przedsiebiorstwem","10":"product_tag-sztuczna-inteligencja","11":"product_tag-zarzadzanie","13":"first","14":"instock","15":"sale","16":"shipping-taxable","17":"purchasable","18":"product-type-simple"},"_links":{"self":[{"href":"https:\/\/ksiegarnia-akademicka.pl\/index.php\/wp-json\/wp\/v2\/product\/21025","targetHints":{"allow":["GET"]}}],"collection":[{"href":"https:\/\/ksiegarnia-akademicka.pl\/index.php\/wp-json\/wp\/v2\/product"}],"about":[{"href":"https:\/\/ksiegarnia-akademicka.pl\/index.php\/wp-json\/wp\/v2\/types\/product"}],"wp:featuredmedia":[{"embeddable":true,"href":"https:\/\/ksiegarnia-akademicka.pl\/index.php\/wp-json\/wp\/v2\/media\/21026"}],"wp:attachment":[{"href":"https:\/\/ksiegarnia-akademicka.pl\/index.php\/wp-json\/wp\/v2\/media?parent=21025"}],"wp:term":[{"taxonomy":"product_brand","embeddable":true,"href":"https:\/\/ksiegarnia-akademicka.pl\/index.php\/wp-json\/wp\/v2\/product_brand?post=21025"},{"taxonomy":"product_cat","embeddable":true,"href":"https:\/\/ksiegarnia-akademicka.pl\/index.php\/wp-json\/wp\/v2\/product_cat?post=21025"},{"taxonomy":"product_tag","embeddable":true,"href":"https:\/\/ksiegarnia-akademicka.pl\/index.php\/wp-json\/wp\/v2\/product_tag?post=21025"}],"curies":[{"name":"wp","href":"https:\/\/api.w.org\/{rel}","templated":true}]}}