{"id":21021,"date":"2025-05-07T08:20:56","date_gmt":"2025-05-07T06:20:56","guid":{"rendered":"http:\/\/ksiegarnia-akademicka.pl\/?post_type=product&#038;p=21021"},"modified":"2025-05-07T08:20:56","modified_gmt":"2025-05-07T06:20:56","slug":"otwarta-bankowosc-w-europie-wplyw-regulacji-psd2-i-technologii-cyfrowych-na-rozwoj-rynku-uslug-platniczych","status":"publish","type":"product","link":"https:\/\/ksiegarnia-akademicka.pl\/index.php\/product\/otwarta-bankowosc-w-europie-wplyw-regulacji-psd2-i-technologii-cyfrowych-na-rozwoj-rynku-uslug-platniczych\/","title":{"rendered":"Otwarta bankowo\u015b\u0107 w Europie Wp\u0142yw regulacji PSD2 i technologii cyfrowych na rozw\u00f3j rynku us\u0142ug p\u0142atniczych"},"content":{"rendered":"<div class=\"grupa osoby\"><span class=\"meta-head\">Autor: <\/span>Micha\u0142 Polasik, Dominik Sad\u0142akowski<\/div>\n<div class=\"grupa wydawca\"><span class=\"meta-head\">Wydawca:<\/span>\u00a0CeDeWu<\/div>\n<div class=\"grupa dane\">\n<div>Oprawa:\u00a0<span class=\"meta-value-bold\">Mi\u0119kka ze skrzyde\u0142kami<\/span><\/div>\n<div>Format:\u00a0<span class=\"meta-value-bold\">16.5&#215;23.5cm<\/span><\/div>\n<div>Liczba stron:\u00a0<span class=\"meta-value-bold\">254<\/span><\/div>\n<div>Rok wydania:\u00a0<span class=\"meta-value-bold\">2025<\/span><\/div>\n<div>J\u0119zyk wydania:\u00a0<span class=\"meta-value-bold\">polski<\/span><\/div>\n<\/div>\n<div><\/div>\n<div>Rewolucja cyfrowa zmienia wsp\u00f3\u0142czesn\u0105 gospodark\u0119 w niespotykanym tempie, a dane staj\u0105 si\u0119 kluczowym zasobem nap\u0119dzaj\u0105cym innowacje. Niniejsza ksi\u0105\u017cka to kompleksowe opracowanie, kt\u00f3re ukazuje, jak regulacja PSD2 i technologie cyfrowe zdefiniowa\u0142y na nowo rynek us\u0142ug p\u0142atniczych. Dzi\u0119ki nowemu modelowi &#8211; otwartej bankowo\u015bci &#8211; klienci uzyskali nowe mo\u017cliwo\u015bci wykorzystania swoich danych finansowych, a banki i FinTech-y stan\u0119\u0142y przed szans\u0105 tworzenia nowoczesnych, zintegrowanych rozwi\u0105za\u0144.<\/p>\n<p>DLACZEGO OTWARTA BANKOWO\u015a\u0106 JEST WA\u017bNA?<br \/>\nOtwarta bankowo\u015b\u0107 zmienia tradycyjny uk\u0142ad relacji mi\u0119dzy bankami a klientami. To prze\u0142omowe podej\u015bcie do stymulowania konkurencji i przyspieszania rozwoju innowacyjnych rozwi\u0105za\u0144 p\u0142atniczych, przy jednoczesnym zapewnieniu bezpiecze\u0144stwa. W Unii Europejskiej do osi\u0105gni\u0119cia tych cel\u00f3w wprowadzono Drug\u0105 Dyrektyw\u0119 ws. us\u0142ug p\u0142atniczych.<\/p>\n<p>CO ZAWIERA KSI\u0104\u017bKA?<br \/>\nKsi\u0105\u017cka stanowi kompleksowe, oparte na w\u0142asnych badaniach, dwustronne uj\u0119cie problemu otwartej bankowo\u015bci &#8211; z punktu widzenia ekspert\u00f3w z sektora p\u0142atniczego z ca\u0142ej Europy oraz konsument\u00f3w z 22 kraj\u00f3w europejskich.<br \/>\nUmo\u017cliwia ona ocen\u0119 strategii rynkowych i preferencji u\u017cytkownik\u00f3w, poznanie wp\u0142ywu regulacji PSD2 na rynek us\u0142ug p\u0142atniczych oraz wskazanie potencja\u0142u dla innowacji. Autorzy pokazuj\u0105 tak\u017ce, jak otwarta bankowo\u015b\u0107 kszta\u0142tuje nowe ekosystemy finansowe i wspiera rozw\u00f3j FinTech-\u00f3w w Europie.<\/p>\n<p>DZI\u0118KI KSI\u0104\u017bCE CZYTELNIK UZYSKA:<br \/>\n\u2022 dog\u0142\u0119bn\u0105 wiedz\u0119 o mechanizmach dzia\u0142ania otwartej bankowo\u015bci w ramach regulacji europejskich;<br \/>\n\u2022 praktyczne wskaz\u00f3wki dla strategii bank\u00f3w i FinTech-\u00f3w dotycz\u0105ce adaptacji do nowych reali\u00f3w rynkowych;<br \/>\n\u2022 poznanie preferencji klient\u00f3w, umo\u017cliwiaj\u0105cych tworzenie konkurencyjnych us\u0142ug p\u0142atniczych.<br \/>\nTo niezast\u0105pione \u017ar\u00f3d\u0142o wiedzy dla os\u00f3b, kt\u00f3re chc\u0105 zrozumie\u0107 jak regulacje i technologie wsp\u00f3\u0142tworz\u0105 przysz\u0142o\u015b\u0107 finans\u00f3w. To nie tylko analiza rynku &#8211; to przewodnik po przysz\u0142o\u015bci us\u0142ug finansowych w Europie.<\/p><\/div>\n","protected":false},"excerpt":{"rendered":"<p>Autor: Micha\u0142 Polasik, Dominik Sad\u0142akowski Wydawca:\u00a0CeDeWu Oprawa:\u00a0Mi\u0119kka ze skrzyde\u0142kami Format:\u00a016.5&#215;23.5cm [&hellip;]<\/p>\n","protected":false},"featured_media":21022,"template":"","meta":[],"product_brand":[],"product_cat":[20,7503,7530],"product_tag":[411],"class_list":{"0":"post-21021","1":"product","2":"type-product","3":"status-publish","4":"has-post-thumbnail","6":"product_cat-bankowosc","7":"product_cat-bankowosc-i-prawo-bankowe","8":"product_cat-nowosci","9":"product_tag-bankowosc","11":"first","12":"instock","13":"sale","14":"shipping-taxable","15":"purchasable","16":"product-type-simple"},"_links":{"self":[{"href":"https:\/\/ksiegarnia-akademicka.pl\/index.php\/wp-json\/wp\/v2\/product\/21021","targetHints":{"allow":["GET"]}}],"collection":[{"href":"https:\/\/ksiegarnia-akademicka.pl\/index.php\/wp-json\/wp\/v2\/product"}],"about":[{"href":"https:\/\/ksiegarnia-akademicka.pl\/index.php\/wp-json\/wp\/v2\/types\/product"}],"wp:featuredmedia":[{"embeddable":true,"href":"https:\/\/ksiegarnia-akademicka.pl\/index.php\/wp-json\/wp\/v2\/media\/21022"}],"wp:attachment":[{"href":"https:\/\/ksiegarnia-akademicka.pl\/index.php\/wp-json\/wp\/v2\/media?parent=21021"}],"wp:term":[{"taxonomy":"product_brand","embeddable":true,"href":"https:\/\/ksiegarnia-akademicka.pl\/index.php\/wp-json\/wp\/v2\/product_brand?post=21021"},{"taxonomy":"product_cat","embeddable":true,"href":"https:\/\/ksiegarnia-akademicka.pl\/index.php\/wp-json\/wp\/v2\/product_cat?post=21021"},{"taxonomy":"product_tag","embeddable":true,"href":"https:\/\/ksiegarnia-akademicka.pl\/index.php\/wp-json\/wp\/v2\/product_tag?post=21021"}],"curies":[{"name":"wp","href":"https:\/\/api.w.org\/{rel}","templated":true}]}}