{"id":21015,"date":"2025-05-07T08:10:18","date_gmt":"2025-05-07T06:10:18","guid":{"rendered":"http:\/\/ksiegarnia-akademicka.pl\/?post_type=product&#038;p=21015"},"modified":"2025-05-07T08:10:18","modified_gmt":"2025-05-07T06:10:18","slug":"taping-nerwowo-miesniowy","status":"publish","type":"product","link":"https:\/\/ksiegarnia-akademicka.pl\/index.php\/product\/taping-nerwowo-miesniowy\/","title":{"rendered":"Taping nerwowo-mi\u0119\u015bniowy"},"content":{"rendered":"<div class=\"grupa osoby\"><span class=\"meta-head\">Autor:<\/span><\/p>\n<ul>\n<li class=\"meta-value\">D. Blow<\/li>\n<\/ul>\n<\/div>\n<div class=\"grupa wydawca\"><span class=\"meta-head\">Wydawca:<\/span>\u00a0Edra Urban &amp; Partner<\/div>\n<div class=\"grupa dane\">\n<div>Oprawa:\u00a0<span class=\"meta-value-bold\">Twarda<\/span><\/div>\n<div>Format:\u00a0<span class=\"meta-value-bold\">21.0&#215;27.5cm<\/span><\/div>\n<div>Liczba stron:\u00a0<span class=\"meta-value-bold\">384<\/span><\/div>\n<div>Rok wydania:\u00a0<span class=\"meta-value-bold\">2025<\/span><\/div>\n<div>J\u0119zyk wydania:\u00a0<span class=\"meta-value-bold\">polski<\/span><\/div>\n<\/div>\n<div><\/div>\n<div>Taping nerwowo-mi\u0119\u015bniowy to biomechaniczna metodologia leczenia, kt\u00f3ra wykorzystuje bod\u017ace kompresyjne i dekompresyjne w celu uzyskania korzystnego wp\u0142ywu na uk\u0142ady mi\u0119\u015bniowo-szkieletowy, naczyniowy, limfatyczny i neurologiczny cz\u0142owieka. Ka\u017cda aplikacja ma jasno okre\u015blone cele kliniczne i rehabilitacyjne. Zastosowanie ta\u015bmy powoduje powstawanie fa\u0142d na sk\u00f3rze podczas ruchu cia\u0142a. Fa\u0142dy te u\u0142atwiaj\u0105 drena\u017c limfatyczny, pobudzaj\u0105 przep\u0142yw krwi, zmniejszaj\u0105 b\u00f3l i poprawiaj\u0105 postaw\u0119 poprzez zwi\u0119kszenie zakresu ruchu mi\u0119\u015bni i staw\u00f3w.<\/p>\n<p>Taping nerwowo-mi\u0119\u015bniowy. Od teorii do praktyki<br \/>\nW jakich przypadkach stosuje si\u0119 taping nerwowo-mi\u0119\u015bniowy?<br \/>\nJak si\u0119 go aplikuje?<br \/>\nJakie korzy\u015bci kliniczne oferuje ten rodzaj plastrowania?<\/p>\n<p>Ksi\u0105\u017cka Taping nerwowo-mi\u0119\u015bniowy. Od teorii do praktyki jest niezwykle cennym narz\u0119dziem, dostarczaj\u0105cym jasnych odpowiedzi na najcz\u0119\u015bciej zadawane pytania.<br \/>\nBogato ilustrowana cz\u0119\u015b\u0107 teoretyczna wyja\u015bnia mechanizm dzia\u0142ania tapingu nerwowo-mi\u0119\u015bniowego oraz podstawy anatomii i fizjologii cz\u0142owieka, na kt\u00f3rych si\u0119 opiera.<br \/>\nCz\u0119\u015b\u0107 praktyczna zawiera ponad 100 arkuszy informacyjnych z ponad 800 obrazami, kt\u00f3re szczeg\u00f3\u0142owo przedstawiaj\u0105 techniki aplikacji dekompresyjnej i kompresyjnej.<br \/>\nKa\u017cda aplikacja jest starannie opisana i zilustrowana krok po kroku. Zawieraj\u0105 si\u0119 w tym: notatki anatomiczne, testy mi\u0119\u015bni, opis zastosowania klinicznego oraz wskazanie na inne aplikacje, kt\u00f3re klinicznie najcz\u0119\u015bciej \u0142\u0105czy si\u0119 z opisywan\u0105 aktualnie aplikacj\u0105.<\/p><\/div>\n","protected":false},"excerpt":{"rendered":"<p>Autor: D. Blow Wydawca:\u00a0Edra Urban &amp; Partner Oprawa:\u00a0Twarda Format:\u00a021.0&#215;27.5cm Liczba [&hellip;]<\/p>\n","protected":false},"featured_media":21016,"template":"","meta":[],"product_brand":[],"product_cat":[7963,8277,7493,7530],"product_tag":[1498,8629],"class_list":{"0":"post-21015","1":"product","2":"type-product","3":"status-publish","4":"has-post-thumbnail","6":"product_cat-anatomia","7":"product_cat-fizjoterapia","8":"product_cat-medycyna","9":"product_cat-nowosci","10":"product_tag-fizjoterapia","11":"product_tag-taping","13":"first","14":"instock","15":"sale","16":"shipping-taxable","17":"purchasable","18":"product-type-simple"},"_links":{"self":[{"href":"https:\/\/ksiegarnia-akademicka.pl\/index.php\/wp-json\/wp\/v2\/product\/21015","targetHints":{"allow":["GET"]}}],"collection":[{"href":"https:\/\/ksiegarnia-akademicka.pl\/index.php\/wp-json\/wp\/v2\/product"}],"about":[{"href":"https:\/\/ksiegarnia-akademicka.pl\/index.php\/wp-json\/wp\/v2\/types\/product"}],"wp:featuredmedia":[{"embeddable":true,"href":"https:\/\/ksiegarnia-akademicka.pl\/index.php\/wp-json\/wp\/v2\/media\/21016"}],"wp:attachment":[{"href":"https:\/\/ksiegarnia-akademicka.pl\/index.php\/wp-json\/wp\/v2\/media?parent=21015"}],"wp:term":[{"taxonomy":"product_brand","embeddable":true,"href":"https:\/\/ksiegarnia-akademicka.pl\/index.php\/wp-json\/wp\/v2\/product_brand?post=21015"},{"taxonomy":"product_cat","embeddable":true,"href":"https:\/\/ksiegarnia-akademicka.pl\/index.php\/wp-json\/wp\/v2\/product_cat?post=21015"},{"taxonomy":"product_tag","embeddable":true,"href":"https:\/\/ksiegarnia-akademicka.pl\/index.php\/wp-json\/wp\/v2\/product_tag?post=21015"}],"curies":[{"name":"wp","href":"https:\/\/api.w.org\/{rel}","templated":true}]}}