{"id":21013,"date":"2025-05-06T12:40:41","date_gmt":"2025-05-06T10:40:41","guid":{"rendered":"http:\/\/ksiegarnia-akademicka.pl\/?post_type=product&#038;p=21013"},"modified":"2025-05-06T12:40:42","modified_gmt":"2025-05-06T10:40:42","slug":"legislacja-administracyjna","status":"publish","type":"product","link":"https:\/\/ksiegarnia-akademicka.pl\/index.php\/product\/legislacja-administracyjna\/","title":{"rendered":"Legislacja administracyjna"},"content":{"rendered":"<div class=\"grupa osoby\"><span class=\"meta-head\">Autor:<\/span><\/p>\n<ul>\n<li class=\"meta-value\">Mateusz Kaczocha<\/li>\n<\/ul>\n<\/div>\n<div class=\"grupa wydawca\"><span class=\"meta-head\">Wydawca:<\/span>\u00a0Wolters Kluwer<\/div>\n<div class=\"grupa dane\">\n<div>Oprawa:\u00a0<span class=\"meta-value-bold\">Mi\u0119kka<\/span><\/div>\n<div>Liczba stron:\u00a0<span class=\"meta-value-bold\">176<\/span><\/div>\n<div>Wydanie:\u00a0<span class=\"meta-value-bold\">1<\/span><\/div>\n<div>Rok wydania:\u00a0<span class=\"meta-value-bold\">2025<\/span><\/div>\n<div>J\u0119zyk wydania:\u00a0<span class=\"meta-value-bold\">polski<\/span><\/div>\n<\/div>\n<div><\/div>\n<div>Publikacja w przyst\u0119pny spos\u00f3b przedstawia instytucje i zasady zwi\u0105zane z: legislacj\u0105 administracyjn\u0105, \u017ar\u00f3d\u0142ami prawa, zasadami techniki prawodawczej oraz post\u0119powaniem prawodawczym.<\/p>\n<p>Autor szczeg\u00f3\u0142owo omawia m.in.:<br \/>\n\u2013 najwa\u017cniejsze poj\u0119cia i konstrukcje teoretyczne powi\u0105zanie z legislacj\u0105, takie jak: akt normatywny, formy tworzenia prawa, tekst jednolity,<br \/>\n\u2013 podzia\u0142 \u017ar\u00f3de\u0142 prawa, a tak\u017ce akty normatywne powszechnie obowi\u0105zuj\u0105ce,<br \/>\n\u2013 typologie akt\u00f3w prawa miejscowego,<br \/>\n\u2013 zagadnienia zwi\u0105zane z prawem wewn\u0119trznym, aktami zak\u0142adowymi, a tak\u017ce aktami soft law,<br \/>\n\u2013 zasady tworzenia prawa i og\u0142aszania akt\u00f3w normatywnych,<br \/>\n\u2013 zasady techniki prawodawczej,<br \/>\n\u2013 dobre praktyki legislacyjne, stanowi\u0105ce pozanormatywne uzupe\u0142nienie urz\u0119dowych zasad techniki prawodawczej,<br \/>\n\u2013 podstawowe zasady post\u0119powania prawodawczego projektu ustawy, ze szczeg\u00f3lnym uwzgl\u0119dnieniem etapu rz\u0105dowego i parlamentarnego tego post\u0119powania,<br \/>\n\u2013 zagadnienia dotycz\u0105ce nadzoru i kontroli nad legislacj\u0105 administracyjn\u0105, w tym kompetencje Trybuna\u0142u Konstytucyjnego i s\u0105d\u00f3w administracyjnych, a tak\u017ce instrumenty nadzorcze wojewody oraz Prezesa Rady Ministr\u00f3w nad aktami prawa miejscowego odpowiednio jednostek samorz\u0105du terytorialnego oraz terenowych organ\u00f3w administracji rz\u0105dowej.<br \/>\nPraktyczny charakter ksi\u0105\u017cki podkre\u015blaj\u0105 pytania testowe z rozwi\u0105zaniami, kt\u00f3re pomog\u0105 wst\u0119pnie zweryfikowa\u0107 wiedz\u0119.<br \/>\nPublikacja przeznaczona jest dla student\u00f3w prawa lub administracji, a tak\u017ce uczestnik\u00f3w aplikacji legislacyjnej. Mo\u017ce zainteresowa\u0107 r\u00f3wnie\u017c legislator\u00f3w, adwokat\u00f3w i radc\u00f3w prawnych.<\/p><\/div>\n","protected":false},"excerpt":{"rendered":"<p>Autor: Mateusz Kaczocha Wydawca:\u00a0Wolters Kluwer Oprawa:\u00a0Mi\u0119kka Liczba stron:\u00a0176 Wydanie:\u00a01 Rok [&hellip;]<\/p>\n","protected":false},"featured_media":21014,"template":"","meta":[],"product_brand":[],"product_cat":[7492,7530,18],"product_tag":[1097,485,486,330],"class_list":{"0":"post-21013","1":"product","2":"type-product","3":"status-publish","4":"has-post-thumbnail","6":"product_cat-administracyjne","7":"product_cat-nowosci","8":"product_cat-prawo","9":"product_tag-legislacja","10":"product_tag-prawo-administracyjne","11":"product_tag-samorzad-terytorialny","12":"product_tag-seria-akademicka","14":"first","15":"instock","16":"sale","17":"shipping-taxable","18":"purchasable","19":"product-type-simple"},"_links":{"self":[{"href":"https:\/\/ksiegarnia-akademicka.pl\/index.php\/wp-json\/wp\/v2\/product\/21013","targetHints":{"allow":["GET"]}}],"collection":[{"href":"https:\/\/ksiegarnia-akademicka.pl\/index.php\/wp-json\/wp\/v2\/product"}],"about":[{"href":"https:\/\/ksiegarnia-akademicka.pl\/index.php\/wp-json\/wp\/v2\/types\/product"}],"wp:featuredmedia":[{"embeddable":true,"href":"https:\/\/ksiegarnia-akademicka.pl\/index.php\/wp-json\/wp\/v2\/media\/21014"}],"wp:attachment":[{"href":"https:\/\/ksiegarnia-akademicka.pl\/index.php\/wp-json\/wp\/v2\/media?parent=21013"}],"wp:term":[{"taxonomy":"product_brand","embeddable":true,"href":"https:\/\/ksiegarnia-akademicka.pl\/index.php\/wp-json\/wp\/v2\/product_brand?post=21013"},{"taxonomy":"product_cat","embeddable":true,"href":"https:\/\/ksiegarnia-akademicka.pl\/index.php\/wp-json\/wp\/v2\/product_cat?post=21013"},{"taxonomy":"product_tag","embeddable":true,"href":"https:\/\/ksiegarnia-akademicka.pl\/index.php\/wp-json\/wp\/v2\/product_tag?post=21013"}],"curies":[{"name":"wp","href":"https:\/\/api.w.org\/{rel}","templated":true}]}}