{"id":20995,"date":"2025-05-06T08:39:14","date_gmt":"2025-05-06T06:39:14","guid":{"rendered":"http:\/\/ksiegarnia-akademicka.pl\/?post_type=product&#038;p=20995"},"modified":"2025-05-06T08:39:15","modified_gmt":"2025-05-06T06:39:15","slug":"mezczyzna-na-zakrecie-punkty-zwrotne-w-zyciu-faceta","status":"publish","type":"product","link":"https:\/\/ksiegarnia-akademicka.pl\/index.php\/product\/mezczyzna-na-zakrecie-punkty-zwrotne-w-zyciu-faceta\/","title":{"rendered":"M\u0119\u017cczyzna na zakr\u0119cie Punkty zwrotne w \u017cyciu faceta"},"content":{"rendered":"<div class=\"grupa osoby\"><span class=\"meta-head\">Autor:<\/span><\/p>\n<ul>\n<li class=\"meta-value\">Magdalena Adaszewska<\/li>\n<li class=\"meta-value\">Jacek Mas\u0142owski<\/li>\n<\/ul>\n<\/div>\n<div class=\"grupa wydawca\"><span class=\"meta-head\">Wydawca:<\/span>\u00a0Pr\u00f3szy\u0144ski Media<\/div>\n<div class=\"grupa dane\">\n<div>Oprawa:\u00a0<span class=\"meta-value-bold\">Mi\u0119kka ze skrzyde\u0142kami<\/span><\/div>\n<div>Format:\u00a0<span class=\"meta-value-bold\">13.5&#215;21.0cm<\/span><\/div>\n<div>Liczba stron:\u00a0<span class=\"meta-value-bold\">272<\/span><\/div>\n<div>Wydanie:\u00a0<span class=\"meta-value-bold\">1<\/span><\/div>\n<div>Rok wydania:\u00a0<span class=\"meta-value-bold\">2025<\/span><\/div>\n<div>J\u0119zyk wydania:\u00a0<span class=\"meta-value-bold\">polski<\/span><\/div>\n<\/div>\n<div><\/div>\n<div>M\u0119\u017cczyzna ma w sobie trzech rycerzy: czerwonego, bia\u0142ego i czarnego. Przechodzi kryzysy na r\u00f3\u017cnych etapach \u017cycia: jako dziecko, nastolatek i m\u0142ody doros\u0142y. Najtrudniejszy kryzys przychodzi w fazie bia\u0142ego rycerza \u2013 i jest to kryzys wieku \u015bredniego. Ona widzi, \u017ce on nagle szuka nowo\u015bci, przygl\u0105da si\u0119 sobie w lustrze, zaczyna \u0107wiczy\u0107, robi rewolucj\u0119 w szafie, m\u00f3wi o podr\u00f3\u017cy dooko\u0142a \u015bwiata i t\u0119sknocie za studenckim \u017cyciem, narzeka na nud\u0119 i codzienn\u0105 rutyn\u0119. On nie wie, co si\u0119 z nim dzieje. Nagle u\u015bwiadamia sobie, \u017ce to, co by\u0142o dot\u0105d, nie jest tym, czego oczekiwa\u0142. Nie m\u00f3wi o swoich problemach, nie zdradza tajemnic, wstydzi si\u0119 emocji, bo przecie\u017c ch\u0142opaki nie p\u0142acz\u0105. S\u0105 twardzi i ze wszystkim sobie radz\u0105. Ten etap mo\u017ce si\u0119 niestety zamieni\u0107 w prawdziwy dramat, je\u015bli sprawy wymkn\u0105 si\u0119 spod kontroli. Wa\u017cne, by zg\u0142osi\u0107 si\u0119 po fachow\u0105 pomoc. Ksi\u0105\u017ck\u0119 dedykujemy zar\u00f3wno m\u0119\u017cczyznom, jak i kobietom, bo niezwykle istotne jest wsparcie ze strony bliskiej kochaj\u0105cej partnerki, kt\u00f3ra nie b\u0119dzie wy\u015bmiewa\u0107, tylko pomo\u017ce dostrzec w kryzysie szans\u0119 na przyjrzenie si\u0119 w\u0142asnemu \u017cyciu. Kryzys nie musi by\u0107 ko\u0144cem \u2013 mo\u017ce by\u0107 pocz\u0105tkiem \u015bwiadomego i autentycznego \u017cycia. A to pomo\u017ce w budowaniu dobrej relacji mi\u0119dzy kobiet\u0105 i m\u0119\u017cczyzn\u0105. Jacek Mas\u0142owski \u2013 absolwent Wydzia\u0142u Nauk Spo\u0142ecznych Uniwersytetu \u015al\u0105skiego, gdzie uzyska\u0142 tytu\u0142 magistra filozofii. Kszta\u0142ci\u0142 si\u0119 jako trener grupowy w Laboratorium Psychoedukacji. Studiowa\u0142 psychologi\u0119 w Szkole Wy\u017cszej Psychologii Spo\u0142ecznej oraz na Uniwersytecie Jagiello\u0144skim. Uko\u0144czy\u0142 szko\u0142\u0119 trener\u00f3w i terapeut\u00f3w w Instytucie Terapii Gestalt w Krakowie. Jest wsp\u00f3\u0142za\u0142o\u017cycielem i prezesem Fundacji Masculinum oraz Instytutu Psychoterapii Masculinum, instytucji dedykowanych m\u0119\u017cczyznom. W ramach tych organizacji prowadzi liczne warsztaty maj\u0105ce na celu rozw\u00f3j m\u0119\u017cczyzn. Pracuje w nurcie EMDR i Gestalt. Jest autorem licznych artyku\u0142\u00f3w, kt\u00f3re publikowane by\u0142y m.in. w \u201eGazecie Wyborczej\u201d, \u201eUrodzie \u017bycia\u201d, \u201eSensie\u201d, \u201eNewsweek Psychologii\u201d, a tak\u017ce wsp\u00f3\u0142autorem ksi\u0105\u017cek po\u015bwi\u0119conych psychologii relacji (m.in. \u201eCzasem czu\u0142y, czasem barbarzy\u0144ca\u201d; \u201eCzasem \u015bwi\u0119ta, czasem ladacznica\u201d; \u201eNo, bez jaj\u201d;\u201eW poszukiwaniu m\u0119sko\u015bci\u201doraz \u201eSyndrom tatusia\u201d). W swojej pracy koncentruje si\u0119 na problematyce m\u0119sko\u015bci i roli m\u0119\u017cczyzn we wsp\u00f3\u0142czesnym \u015bwiecie. Magdalena Adaszewska \u2013 pisarka i dziennikarka. Absolwentka filologii polskiej na Uniwersytecie im. Adama Mickiewicza w Poznaniu. Dziennikarka magazyn\u00f3w dla kobiet: \u201eTw\u00f3j Styl\u201d, \u201eElle\u201d, \u201eMarie Claire\u201d, \u201eSukces\u201d, \u201ePani\u201d. Autorka serii thriller\u00f3w: \u201eBalsamistka\u201d, \u201eC\u00f3reczka\u201d i \u201eTatu\u015b\u201d \u2013 do pierwszej z tych powie\u015bci prawa filmowe kupi\u0142a du\u017ca stacja telewizyjna. Powie\u015b\u0107 \u201eKochankowie z Auschwitz\u201d napisa\u0142a, inspiruj\u0105c si\u0119 prawdziwymi wydarzeniami. Wywiady rzeki jej autorstwa \u2013 \u201eM\u00f3j intymny \u015bwiat\u201d z Ig\u0105 Cembrzy\u0144sk\u0105 i \u201eNa wieki wiek\u00f3w amant\u201d z Tadeuszem Pluci\u0144skim \u2013 s\u0105 podr\u00f3\u017cami do polskiego kina minionej epoki. Ksi\u0105\u017cka \u201eB\u0119dzie lepiej\u201d, w kt\u00f3rej rozmawia z wokalistk\u0105 jazzow\u0105 Mik\u0105 Urbaniak, daje nadziej\u0119 na podniesienie si\u0119 z trudnych \u017cyciowych do\u015bwiadcze\u0144, z uzale\u017cnie\u0144 i choroby afektywnej dwubiegunowej. W ksi\u0105\u017cce \u201eMoja droga!\u201d prezentuje sylwetki kilkunastu niezwyk\u0142ych Polek, ich \u017cyciowe decyzje, wybory, odwag\u0119 i si\u0142\u0119. \u201eSyndrom tatusia\u201d, jej ostatnia ksi\u0105\u017cka, napisana razem z Jackiem Mas\u0142owskim, porusza temat trudnej relacji c\u00f3rki i ojca oraz pomaga w radzeniu sobie z konsekwencjami daddy issues, rzutuj\u0105cymi na ca\u0142e \u017cycie. Pozycja ta zosta\u0142a wyr\u00f3\u017cniona przez \u201eNewsweek\u201d oraz \u201eWysokie Obcasy\u201d jako jedna z najlepszych ksi\u0105\u017cek psychologicznych 2024 roku.<\/div>\n","protected":false},"excerpt":{"rendered":"<p>Autor: Magdalena Adaszewska Jacek Mas\u0142owski Wydawca:\u00a0Pr\u00f3szy\u0144ski Media Oprawa:\u00a0Mi\u0119kka ze skrzyde\u0142kami [&hellip;]<\/p>\n","protected":false},"featured_media":20996,"template":"","meta":[],"product_brand":[],"product_cat":[27,7530,7509],"product_tag":[1257,1186],"class_list":{"0":"post-20995","1":"product","2":"type-product","3":"status-publish","4":"has-post-thumbnail","6":"product_cat-nauki-spoleczne","7":"product_cat-nowosci","8":"product_cat-psychologia","9":"product_tag-poradniki","10":"product_tag-psychologia","12":"first","13":"instock","14":"sale","15":"shipping-taxable","16":"purchasable","17":"product-type-simple"},"_links":{"self":[{"href":"https:\/\/ksiegarnia-akademicka.pl\/index.php\/wp-json\/wp\/v2\/product\/20995","targetHints":{"allow":["GET"]}}],"collection":[{"href":"https:\/\/ksiegarnia-akademicka.pl\/index.php\/wp-json\/wp\/v2\/product"}],"about":[{"href":"https:\/\/ksiegarnia-akademicka.pl\/index.php\/wp-json\/wp\/v2\/types\/product"}],"wp:featuredmedia":[{"embeddable":true,"href":"https:\/\/ksiegarnia-akademicka.pl\/index.php\/wp-json\/wp\/v2\/media\/20996"}],"wp:attachment":[{"href":"https:\/\/ksiegarnia-akademicka.pl\/index.php\/wp-json\/wp\/v2\/media?parent=20995"}],"wp:term":[{"taxonomy":"product_brand","embeddable":true,"href":"https:\/\/ksiegarnia-akademicka.pl\/index.php\/wp-json\/wp\/v2\/product_brand?post=20995"},{"taxonomy":"product_cat","embeddable":true,"href":"https:\/\/ksiegarnia-akademicka.pl\/index.php\/wp-json\/wp\/v2\/product_cat?post=20995"},{"taxonomy":"product_tag","embeddable":true,"href":"https:\/\/ksiegarnia-akademicka.pl\/index.php\/wp-json\/wp\/v2\/product_tag?post=20995"}],"curies":[{"name":"wp","href":"https:\/\/api.w.org\/{rel}","templated":true}]}}