{"id":20987,"date":"2025-05-06T08:28:47","date_gmt":"2025-05-06T06:28:47","guid":{"rendered":"http:\/\/ksiegarnia-akademicka.pl\/?post_type=product&#038;p=20987"},"modified":"2025-05-06T08:28:47","modified_gmt":"2025-05-06T06:28:47","slug":"ustawa-o-rachunkowosci-z-komentarzem-do-zmian-2","status":"publish","type":"product","link":"https:\/\/ksiegarnia-akademicka.pl\/index.php\/product\/ustawa-o-rachunkowosci-z-komentarzem-do-zmian-2\/","title":{"rendered":"Ustawa o rachunkowo\u015bci z komentarzem do zmian"},"content":{"rendered":"<div class=\"grupa osoby\"><span class=\"meta-head\">Autor:<\/span><\/p>\n<ul>\n<li class=\"meta-value\">Takats Gyongyv\u00e9r<\/li>\n<\/ul>\n<\/div>\n<div class=\"grupa wydawca\"><span class=\"meta-head\">Wydawca:<\/span>\u00a0Infor<\/div>\n<div class=\"grupa dane\">\n<div>Oprawa:\u00a0<span class=\"meta-value-bold\">Kartonowa Foliowana<\/span><\/div>\n<div>Format:\u00a0<span class=\"meta-value-bold\">16.5&#215;23.5cm<\/span><\/div>\n<div>Liczba stron:\u00a0<span class=\"meta-value-bold\">258<\/span><\/div>\n<div>Rok wydania:\u00a0<span class=\"meta-value-bold\">2025<\/span><\/div>\n<div>J\u0119zyk wydania:\u00a0<span class=\"meta-value-bold\">polski<\/span><\/div>\n<\/div>\n<div><\/div>\n<div>W ksi\u0105\u017cce \u201eUstawa o rachunkowo\u015bci z komentarzem do zmian\u201d om\u00f3wiono znowelizowane w 2024 r. regulacje prawne dotycz\u0105ce prowadzenia ksi\u0105g rachunkowych i sk\u0142adania sprawozda\u0144 finansowych.<br \/>\nAutorka \u2013 w\u0142a\u015bcicielka biura rachunkowego \u2013 wskazuje przede wszystkim na najnowsze zmiany, kt\u00f3re wp\u0142ywaj\u0105 na zadania s\u0142u\u017cb finansowo-ksi\u0119gowych jednostek prowadz\u0105cych pe\u0142n\u0105 ksi\u0119gowo\u015b\u0107. W publikacji wyja\u015bniono, na czym polegaj\u0105 zmiany definicji r\u00f3\u017cnych wielko\u015bci jednostek gospodarczych \u2013 mikro, ma\u0142ych i \u015brednich \u2013 co skutkuje mo\u017cliwo\u015bci\u0105 stosowania wielu uproszcze\u0144 zar\u00f3wno w zakresie wyceny, jak i szczeg\u00f3\u0142owo\u015bci sporz\u0105dzania sprawozda\u0144 finansowych. Szczeg\u00f3ln\u0105 uwag\u0119 po\u015bwi\u0119cono najnowszemu elementowi sprawozdania, czyli sprawozdaniu o zr\u00f3wnowa\u017conym rozwoju, ze wskazaniem daty, od kiedy poszczeg\u00f3lne podmioty gospodarcze musz\u0105 je sporz\u0105dza\u0107.<br \/>\nW publikacji przedstawione s\u0105 tak\u017ce obowi\u0105zki zwi\u0105zane ze z\u0142o\u017ceniem sprawozdania finansowego za rok obrotowy 2024.<br \/>\nBardzo przydatn\u0105 informacj\u0105 jest rekomendacja Komitetu Standard\u00f3w Rachunkowo\u015bci dotycz\u0105ca wykazywania i ujawniania w sprawozdaniu finansowym dzia\u0142alno\u015bci przewidzianej do zaprzestania lub zaprzestanej. Ma to znaczenie dla polskich podmiot\u00f3w gospodarczych dzia\u0142aj\u0105cych w obecnym otoczeniu gospodarczym, kt\u00f3re z wielu powod\u00f3w staje coraz mniej przewidywalne.<br \/>\nPonadto komentarzem zosta\u0142y obj\u0119te m.in.:<br \/>\n\u25cf\u00a0\u00a0\u00a0\u00a0przes\u0142anki, kt\u00f3rych zaistnienie powoduje, \u017ce jednostka powinna sporz\u0105dzi\u0107 sprawozdanie przy za\u0142o\u017ceniu braku kontynuacji dzia\u0142ania,<br \/>\n\u25cf\u00a0\u00a0\u00a0\u00a0dopuszczalne uproszczenia dla mikro- i ma\u0142ych jednostek,<br \/>\n\u25cf\u00a0\u00a0\u00a0\u00a0zasady prowadzenia ksi\u0105g rachunkowych przez fundacje i stowarzyszenia,<br \/>\n\u25cf\u00a0\u00a0\u00a0\u00a0spos\u00f3b podpisywania i sk\u0142adania e-sprawozda\u0144 finansowych i ich poszczeg\u00f3lnych element\u00f3w.<br \/>\nPublikacja zawiera ujednolicony tekst ustawy o rachunkowo\u015bci. Jest polecana dla ksi\u0119gowych, bieg\u0142ych rewident\u00f3w, pracownik\u00f3w dzia\u0142\u00f3w ksi\u0119gowo\u015bci, biur rachunkowych, mened\u017cer\u00f3w i doradc\u00f3w podatkowych.<\/div>\n","protected":false},"excerpt":{"rendered":"<p>Autor: Takats Gyongyv\u00e9r Wydawca:\u00a0Infor Oprawa:\u00a0Kartonowa Foliowana Format:\u00a016.5&#215;23.5cm Liczba stron:\u00a0258 Rok [&hellip;]<\/p>\n","protected":false},"featured_media":20988,"template":"","meta":[],"product_brand":[],"product_cat":[7530,23],"product_tag":[1497,3139],"class_list":{"0":"post-20987","1":"product","2":"type-product","3":"status-publish","4":"has-post-thumbnail","6":"product_cat-nowosci","7":"product_cat-rachunkowosc","8":"product_tag-komentarz","9":"product_tag-ustawa-o-rachunkowosci","11":"first","12":"instock","13":"sale","14":"shipping-taxable","15":"purchasable","16":"product-type-simple"},"_links":{"self":[{"href":"https:\/\/ksiegarnia-akademicka.pl\/index.php\/wp-json\/wp\/v2\/product\/20987","targetHints":{"allow":["GET"]}}],"collection":[{"href":"https:\/\/ksiegarnia-akademicka.pl\/index.php\/wp-json\/wp\/v2\/product"}],"about":[{"href":"https:\/\/ksiegarnia-akademicka.pl\/index.php\/wp-json\/wp\/v2\/types\/product"}],"wp:featuredmedia":[{"embeddable":true,"href":"https:\/\/ksiegarnia-akademicka.pl\/index.php\/wp-json\/wp\/v2\/media\/20988"}],"wp:attachment":[{"href":"https:\/\/ksiegarnia-akademicka.pl\/index.php\/wp-json\/wp\/v2\/media?parent=20987"}],"wp:term":[{"taxonomy":"product_brand","embeddable":true,"href":"https:\/\/ksiegarnia-akademicka.pl\/index.php\/wp-json\/wp\/v2\/product_brand?post=20987"},{"taxonomy":"product_cat","embeddable":true,"href":"https:\/\/ksiegarnia-akademicka.pl\/index.php\/wp-json\/wp\/v2\/product_cat?post=20987"},{"taxonomy":"product_tag","embeddable":true,"href":"https:\/\/ksiegarnia-akademicka.pl\/index.php\/wp-json\/wp\/v2\/product_tag?post=20987"}],"curies":[{"name":"wp","href":"https:\/\/api.w.org\/{rel}","templated":true}]}}