{"id":20985,"date":"2025-05-06T08:26:43","date_gmt":"2025-05-06T06:26:43","guid":{"rendered":"http:\/\/ksiegarnia-akademicka.pl\/?post_type=product&#038;p=20985"},"modified":"2025-05-06T08:26:43","modified_gmt":"2025-05-06T06:26:43","slug":"psychologia-wielkie-idee-prosto-wyjasnione","status":"publish","type":"product","link":"https:\/\/ksiegarnia-akademicka.pl\/index.php\/product\/psychologia-wielkie-idee-prosto-wyjasnione\/","title":{"rendered":"Psychologia Wielkie idee prosto wyja\u015bnione"},"content":{"rendered":"<div class=\"grupa wydawca\"><span class=\"meta-head\">Wydawca:<\/span>\u00a0Bellona<\/div>\n<div class=\"grupa dane\">\n<div>Oprawa:\u00a0<span class=\"meta-value-bold\">Twarda<\/span><\/div>\n<div>Format:\u00a0<span class=\"meta-value-bold\">20.2&#215;24.1cm<\/span><\/div>\n<div>Liczba stron:\u00a0<span class=\"meta-value-bold\">360<\/span><\/div>\n<div>Rok wydania:\u00a0<span class=\"meta-value-bold\">2025<\/span><\/div>\n<div>J\u0119zyk wydania:\u00a0<span class=\"meta-value-bold\">polski<\/span><\/div>\n<\/div>\n<div><\/div>\n<div>Czy jeste\u015bmy prawdziwymi indywidualno\u015bciami? A mo\u017ce konformistami? Co sprawia, \u017ce pami\u0119tamy i dlaczego zapominamy? Jak naprawd\u0119 mo\u017cemy zmierzy\u0107 inteligencj\u0119? Pytania takie jak te le\u017c\u0105 u podstaw pracy najwi\u0119kszych \u015bwiatowych my\u015blicieli i eksperymentator\u00f3w w fascynuj\u0105cej dziedzinie psychologii. W pe\u0142ni zaktualizowana ksi\u0105\u017cka Psychologia jest napisana prostym j\u0119zykiem i zawiera kr\u00f3tkie, zwi\u0119z\u0142e wyja\u015bnienia, kt\u00f3re unikaj\u0105 naukowego \u017cargonu; diagramy, kt\u00f3re rozwi\u0105zuj\u0105 zawi\u0142e teorie oraz niezapomniane cytaty i dowcipne ilustracje, kt\u00f3re igraj\u0105 z naszymi percepcjami i przekonaniami. Niezale\u017cnie od tego, czy jeste\u015b nowicjuszem w psychologii, studentem ostatniego roku, czy fotelowym ekspertem, w tej ksi\u0105\u017cce znajdziesz wiele intryguj\u0105cych i stymuluj\u0105cych tre\u015bci.<\/div>\n","protected":false},"excerpt":{"rendered":"<p>Wydawca:\u00a0Bellona Oprawa:\u00a0Twarda Format:\u00a020.2&#215;24.1cm Liczba stron:\u00a0360 Rok wydania:\u00a02025 J\u0119zyk wydania:\u00a0polski Czy [&hellip;]<\/p>\n","protected":false},"featured_media":20986,"template":"","meta":[],"product_brand":[],"product_cat":[27,7530,7509],"product_tag":[1186],"class_list":{"0":"post-20985","1":"product","2":"type-product","3":"status-publish","4":"has-post-thumbnail","6":"product_cat-nauki-spoleczne","7":"product_cat-nowosci","8":"product_cat-psychologia","9":"product_tag-psychologia","11":"first","12":"instock","13":"sale","14":"shipping-taxable","15":"purchasable","16":"product-type-simple"},"_links":{"self":[{"href":"https:\/\/ksiegarnia-akademicka.pl\/index.php\/wp-json\/wp\/v2\/product\/20985","targetHints":{"allow":["GET"]}}],"collection":[{"href":"https:\/\/ksiegarnia-akademicka.pl\/index.php\/wp-json\/wp\/v2\/product"}],"about":[{"href":"https:\/\/ksiegarnia-akademicka.pl\/index.php\/wp-json\/wp\/v2\/types\/product"}],"wp:featuredmedia":[{"embeddable":true,"href":"https:\/\/ksiegarnia-akademicka.pl\/index.php\/wp-json\/wp\/v2\/media\/20986"}],"wp:attachment":[{"href":"https:\/\/ksiegarnia-akademicka.pl\/index.php\/wp-json\/wp\/v2\/media?parent=20985"}],"wp:term":[{"taxonomy":"product_brand","embeddable":true,"href":"https:\/\/ksiegarnia-akademicka.pl\/index.php\/wp-json\/wp\/v2\/product_brand?post=20985"},{"taxonomy":"product_cat","embeddable":true,"href":"https:\/\/ksiegarnia-akademicka.pl\/index.php\/wp-json\/wp\/v2\/product_cat?post=20985"},{"taxonomy":"product_tag","embeddable":true,"href":"https:\/\/ksiegarnia-akademicka.pl\/index.php\/wp-json\/wp\/v2\/product_tag?post=20985"}],"curies":[{"name":"wp","href":"https:\/\/api.w.org\/{rel}","templated":true}]}}