{"id":20983,"date":"2025-05-06T08:23:50","date_gmt":"2025-05-06T06:23:50","guid":{"rendered":"http:\/\/ksiegarnia-akademicka.pl\/?post_type=product&#038;p=20983"},"modified":"2025-05-06T08:23:51","modified_gmt":"2025-05-06T06:23:51","slug":"pomoc-spoleczna-komentarz-do-ustawy","status":"publish","type":"product","link":"https:\/\/ksiegarnia-akademicka.pl\/index.php\/product\/pomoc-spoleczna-komentarz-do-ustawy\/","title":{"rendered":"Pomoc spo\u0142eczna Komentarz do ustawy"},"content":{"rendered":"<div class=\"grupa osoby\"><span class=\"meta-head\">Autor:<\/span><\/p>\n<ul>\n<li class=\"meta-value\">Magdalena Kasprzak<\/li>\n<li class=\"meta-value\">Joanna Nowicka<\/li>\n<\/ul>\n<\/div>\n<div class=\"grupa wydawca\"><span class=\"meta-head\">Wydawca:<\/span>\u00a0Infor<\/div>\n<div class=\"grupa dane\">\n<div>Oprawa:\u00a0<span class=\"meta-value-bold\">Kartonowa Foliowana<\/span><\/div>\n<div>Format:\u00a0<span class=\"meta-value-bold\">16.5&#215;23.5cm<\/span><\/div>\n<div>Liczba stron:\u00a0<span class=\"meta-value-bold\">692<\/span><\/div>\n<div>Rok wydania:\u00a0<span class=\"meta-value-bold\">2025<\/span><\/div>\n<div>J\u0119zyk wydania:\u00a0<span class=\"meta-value-bold\">polski<\/span><\/div>\n<\/div>\n<div><\/div>\n<div>Publikacja \u201ePomoc spo\u0142eczna. Komentarz do ustawy\u201d jest kompleksow\u0105 i praktyczn\u0105 analiz\u0105 przepis\u00f3w zar\u00f3wno samej ustawy, jak i innych akt\u00f3w bezpo\u015brednio zwi\u0105zanych z funkcjonowaniem ca\u0142ego systemu pomocy spo\u0142ecznej. Wskazuje, w jaki spos\u00f3b nale\u017cy interpretowa\u0107 obowi\u0105zuj\u0105ce regulacje oraz w jakim zakresie mo\u017cna je stosowa\u0107. Uwzgl\u0119dnia najnowsze zmiany w przepisach, kt\u00f3re wesz\u0142y w \u017cycie 1 stycznia 2025 r. Dotycz\u0105 one m.in.:<br \/>\n\u25cf\u00a0\u00a0\u00a0\u00a0podwy\u017cszenia kryteri\u00f3w dochodowych,<br \/>\n\u25cf\u00a0\u00a0\u00a0\u00a0nowych \u015bwiadcze\u0144 wspieraj\u0105cych rodzic\u00f3w \u2013 \u201eAktywny Rodzic\u201d.<br \/>\nKomentarz do ustawy o pomocy spo\u0142ecznej zawiera liczne odniesienia do przepis\u00f3w innych ustaw oraz akt\u00f3w wykonawczych, kt\u00f3re r\u00f3wnie\u017c zosta\u0142y w nim om\u00f3wione. Autorki przytaczaj\u0105 tak\u017ce aktualne orzecznictwo, wskazuj\u0105ce obowi\u0105zuj\u0105ce linie orzecznicze w sprawach spornych lub budz\u0105cych istotne w\u0105tpliwo\u015bci interpretacyjne. Ca\u0142o\u015b\u0107 stanowi praktyczny przewodnik po systemie pomocy spo\u0142ecznej, omawiaj\u0105cy m.in.:<br \/>\n\u25cf\u00a0\u00a0\u00a0\u00a0zasady pomocy spo\u0142ecznej,<br \/>\n\u25cf\u00a0\u00a0\u00a0\u00a0podzia\u0142 zada\u0144 pomocy spo\u0142ecznej mi\u0119dzy administracj\u0119 publiczn\u0105 \u2013 zadania administracji rz\u0105dowej oraz zadania w\u0142asne gminy i powiatu,<br \/>\n\u25cf\u00a0\u00a0\u00a0\u00a0instytucje pomocy spo\u0142ecznej,<br \/>\n\u25cf\u00a0\u00a0\u00a0\u00a0formy i tryb udzielanej pomocy, w tym kryteria przyznawania \u015bwiadcze\u0144.<br \/>\nPublikacja z pewno\u015bci\u0105 u\u0142atwi lepsze i szybsze zrozumienie przepis\u00f3w ustawy o pomocy spo\u0142ecznej oraz innych akt\u00f3w prawnych. Przede wszystkim jednak usprawni stosowanie tych przepis\u00f3w oraz rozwi\u0105zywanie kwestii spornych. Z tego wzgl\u0119du opracowanie to polecamy szczeg\u00f3lnie:<br \/>\n\u25cf\u00a0\u00a0\u00a0\u00a0osobom zajmuj\u0105cym si\u0119 zawodowo pomoc\u0105 spo\u0142eczn\u0105,<br \/>\n\u25cf\u00a0\u00a0\u00a0\u00a0pracownikom socjalnym,<br \/>\n\u25cf\u00a0\u00a0\u00a0\u00a0pracownikom administracji publicznej i jednostek organizacyjnych pomocy spo\u0142ecznej,<br \/>\n\u25cf\u00a0\u00a0\u00a0\u00a0prawnikom specjalizuj\u0105cym si\u0119 w zagadnieniach systemu pomocy spo\u0142ecznej,<br \/>\n\u25cf\u00a0\u00a0\u00a0\u00a0pracownikom Krajowego O\u015brodka Wsparcia Rolnictwa.<br \/>\nDzi\u0119ki naszej publikacji ka\u017cda z tych os\u00f3b bez trudu wdro\u017cy w swojej codziennej pracy najnowsze regulacje dotycz\u0105ce m.in.:<br \/>\n\u25cf\u00a0\u00a0\u00a0\u00a0przeciwdzia\u0142ania przemocy domowej,<br \/>\n\u25cf\u00a0\u00a0\u00a0\u00a0interwencji kryzysowej,<br \/>\n\u25cf\u00a0\u00a0\u00a0\u00a0rejestru zg\u0142osze\u0144 o zdarzeniach nadzwyczajnych,<br \/>\n\u25cf\u00a0\u00a0\u00a0\u00a0us\u0142ug s\u0105siedzkich,<br \/>\n\u25cf\u00a0\u00a0\u00a0\u00a0mieszka\u0144 treningowych i wspomaganych,<br \/>\n\u25cf\u00a0\u00a0\u00a0\u00a0us\u0142ug wsparcia kr\u00f3tkoterminowego,<br \/>\n\u25cf\u00a0\u00a0\u00a0\u00a0prowadzenia plac\u00f3wek pomocy spo\u0142ecznej,<br \/>\n\u25cf\u00a0\u00a0\u00a0\u00a0wysoko\u015bci zasi\u0142ku celowego,<br \/>\n\u25cf\u00a0\u00a0\u00a0\u00a0wysoko\u015bci zasi\u0142ku sta\u0142ego.<\/p>\n<p>O AUTORKACH:<br \/>\nMagdalena Kasprzak \u2013 doktor nauk prawnych, radca prawny, specjalistka w zakresie prawa pracy ze szczeg\u00f3lnym uwzgl\u0119dnieniem sfery bud\u017cetowej oraz w zakresie systemu pomocy spo\u0142ecznej, wyk\u0142adowca akademicki, adiunkt na Wydziale Prawa i Administracji Uniwersytetu Gda\u0144skiego. Pracowa\u0142a m.in. w Departamencie Prawnym G\u0142\u00f3wnego Inspektoratu Pracy. Od 2013 r. dzia\u0142a r\u00f3wnie\u017c spo\u0142ecznie w sektorze organizacji pozarz\u0105dowych.<br \/>\nJoanna Nowicka \u2013 radca prawny, specjalistka w zakresie prawa finansowego i finans\u00f3w publicznych ze szczeg\u00f3lnym uwzgl\u0119dnieniem systemu pomocy spo\u0142ecznej, a tak\u017ce prawa gospodarczego, w tym prawa antymonopolowego, prawa konkurencji i prawa Unii Europejskiej. Jest dyplomowanym prawnym konsultantem projekt\u00f3w finansowanych ze \u015brodk\u00f3w unijnych. Od 2013 r. dzia\u0142a r\u00f3wnie\u017c spo\u0142ecznie w sektorze organizacji pozarz\u0105dowych.<\/p><\/div>\n","protected":false},"excerpt":{"rendered":"<p>Autor: Magdalena Kasprzak Joanna Nowicka Wydawca:\u00a0Infor Oprawa:\u00a0Kartonowa Foliowana Format:\u00a016.5&#215;23.5cm Liczba [&hellip;]<\/p>\n","protected":false},"featured_media":20984,"template":"","meta":[],"product_brand":[],"product_cat":[27,7530,7510,18,7550,21],"product_tag":[1497,1217],"class_list":{"0":"post-20983","1":"product","2":"type-product","3":"status-publish","4":"has-post-thumbnail","6":"product_cat-nauki-spoleczne","7":"product_cat-nowosci","8":"product_cat-polityka-spoleczna","9":"product_cat-prawo","10":"product_cat-prawo-pracy","11":"product_cat-ubezpieczenia","12":"product_tag-komentarz","13":"product_tag-pomoc-spoleczna","15":"first","16":"instock","17":"sale","18":"shipping-taxable","19":"purchasable","20":"product-type-simple"},"_links":{"self":[{"href":"https:\/\/ksiegarnia-akademicka.pl\/index.php\/wp-json\/wp\/v2\/product\/20983","targetHints":{"allow":["GET"]}}],"collection":[{"href":"https:\/\/ksiegarnia-akademicka.pl\/index.php\/wp-json\/wp\/v2\/product"}],"about":[{"href":"https:\/\/ksiegarnia-akademicka.pl\/index.php\/wp-json\/wp\/v2\/types\/product"}],"wp:featuredmedia":[{"embeddable":true,"href":"https:\/\/ksiegarnia-akademicka.pl\/index.php\/wp-json\/wp\/v2\/media\/20984"}],"wp:attachment":[{"href":"https:\/\/ksiegarnia-akademicka.pl\/index.php\/wp-json\/wp\/v2\/media?parent=20983"}],"wp:term":[{"taxonomy":"product_brand","embeddable":true,"href":"https:\/\/ksiegarnia-akademicka.pl\/index.php\/wp-json\/wp\/v2\/product_brand?post=20983"},{"taxonomy":"product_cat","embeddable":true,"href":"https:\/\/ksiegarnia-akademicka.pl\/index.php\/wp-json\/wp\/v2\/product_cat?post=20983"},{"taxonomy":"product_tag","embeddable":true,"href":"https:\/\/ksiegarnia-akademicka.pl\/index.php\/wp-json\/wp\/v2\/product_tag?post=20983"}],"curies":[{"name":"wp","href":"https:\/\/api.w.org\/{rel}","templated":true}]}}