{"id":20936,"date":"2025-04-28T09:47:54","date_gmt":"2025-04-28T07:47:54","guid":{"rendered":"http:\/\/ksiegarnia-akademicka.pl\/?post_type=product&#038;p=20936"},"modified":"2025-04-28T09:47:55","modified_gmt":"2025-04-28T07:47:55","slug":"adhd-poradnik-dla-doroslych","status":"publish","type":"product","link":"https:\/\/ksiegarnia-akademicka.pl\/index.php\/product\/adhd-poradnik-dla-doroslych\/","title":{"rendered":"ADHD Poradnik dla doros\u0142ych"},"content":{"rendered":"<div class=\"grupa osoby\"><span class=\"meta-head\">Autor:<\/span><\/p>\n<ul>\n<li class=\"meta-value\">Martin Desseilles<\/li>\n<\/ul>\n<\/div>\n<div class=\"grupa osoby\"><span class=\"meta-head-blue\">T\u0142umacze:<\/span>\u00a0<span class=\"meta-value\">Po\u0142owianiuk Olga<\/span><\/div>\n<div class=\"grupa wydawca\"><span class=\"meta-head\">Wydawca:<\/span>\u00a0Wydawnictwo Naukowe PWN<\/div>\n<div class=\"grupa dane\">\n<div>Oprawa:\u00a0<span class=\"meta-value-bold\">Mi\u0119kka ze skrzyde\u0142kami<\/span><\/div>\n<div>Format:\u00a0<span class=\"meta-value-bold\">14.8&#215;21.0cm<\/span><\/div>\n<div>Liczba stron:\u00a0<span class=\"meta-value-bold\">260<\/span><\/div>\n<div>Wydanie:\u00a0<span class=\"meta-value-bold\">1<\/span><\/div>\n<div>Rok wydania:\u00a0<span class=\"meta-value-bold\">2025<\/span><\/div>\n<div>J\u0119zyk wydania:\u00a0<span class=\"meta-value-bold\">polski<\/span><\/div>\n<\/div>\n<div><\/div>\n<div>Problemy z koncentracj\u0105. Chaos podczas wykonywania codziennych obowi\u0105zk\u00f3w. Impulsywno\u015b\u0107 i trudno\u015bci w kontrolowaniu emocji. A tak\u017ce brak wyczucia czasu, zapominanie i sk\u0142onno\u015b\u0107 do rozpraszania si\u0119. To tylko cz\u0119\u015b\u0107 problem\u00f3w, z kt\u00f3rymi musz\u0105 mierzy\u0107 si\u0119 osoby doros\u0142e cierpi\u0105ce na zesp\u00f3\u0142 nadpobudliwo\u015bci psychoruchowej z deficytem uwagi, zwany ADHD. Do tego dochodzi wyczerpanie i zm\u0119czenie nieustannym stawianiem czo\u0142a objawom ADHD, kt\u00f3re utrudniaj\u0105 im funkcjonowanie zar\u00f3wno w \u017cyciu prywatnym, jak i zawodowym. Martin Desseilles, Nader Perroud i S\u00e9bastien Weibel, uznani psychiatrzy, kt\u00f3rzy od lat specjalizuj\u0105 si\u0119 w diagnozie i leczeniu ADHD, omawiaj\u0105 specyfik\u0119 tego zaburzenia u os\u00f3b doros\u0142ych. Obalaj\u0105 mity dotycz\u0105ce procesu diagnostycznego, opisuj\u0105 zaburzenia, kt\u00f3re mog\u0105 wsp\u00f3\u0142wyst\u0119powa\u0107 z ADHD, oraz pomagaj\u0105 je od siebie odr\u00f3\u017cni\u0107. I co najwa\u017cniejsze \u2013 prezentuj\u0105 liczne strategie i narz\u0119dzia, dzi\u0119ki kt\u00f3rym osoby cierpi\u0105ce na ADHD naucz\u0105 si\u0119 radzi\u0107 sobie z prokrastynacj\u0105, a tak\u017ce lepiej zarz\u0105dza\u0107 uwag\u0105, czasem oraz emocjami. ADHD. Poradnik dla doros\u0142ych to doskona\u0142a pozycja zar\u00f3wno dla pacjent\u00f3w i ich bliskich, jak i dla lekarzy oraz psychoterapeut\u00f3w wsp\u00f3\u0142pracuj\u0105cych z osobami, kt\u00f3re na co dzie\u0144 mierz\u0105 si\u0119 z zespo\u0142em nadpobudliwo\u015bci psychoruchowej z deficytem uwagi.<\/div>\n","protected":false},"excerpt":{"rendered":"<p>Autor: Martin Desseilles T\u0142umacze:\u00a0Po\u0142owianiuk Olga Wydawca:\u00a0Wydawnictwo Naukowe PWN Oprawa:\u00a0Mi\u0119kka ze [&hellip;]<\/p>\n","protected":false},"featured_media":20937,"template":"","meta":[],"product_brand":[],"product_cat":[27,7530,7509],"product_tag":[5232,1186,1659],"class_list":{"0":"post-20936","1":"product","2":"type-product","3":"status-publish","4":"has-post-thumbnail","6":"product_cat-nauki-spoleczne","7":"product_cat-nowosci","8":"product_cat-psychologia","9":"product_tag-adhd","10":"product_tag-psychologia","11":"product_tag-psychoterapia","13":"first","14":"instock","15":"sale","16":"shipping-taxable","17":"purchasable","18":"product-type-simple"},"_links":{"self":[{"href":"https:\/\/ksiegarnia-akademicka.pl\/index.php\/wp-json\/wp\/v2\/product\/20936","targetHints":{"allow":["GET"]}}],"collection":[{"href":"https:\/\/ksiegarnia-akademicka.pl\/index.php\/wp-json\/wp\/v2\/product"}],"about":[{"href":"https:\/\/ksiegarnia-akademicka.pl\/index.php\/wp-json\/wp\/v2\/types\/product"}],"wp:featuredmedia":[{"embeddable":true,"href":"https:\/\/ksiegarnia-akademicka.pl\/index.php\/wp-json\/wp\/v2\/media\/20937"}],"wp:attachment":[{"href":"https:\/\/ksiegarnia-akademicka.pl\/index.php\/wp-json\/wp\/v2\/media?parent=20936"}],"wp:term":[{"taxonomy":"product_brand","embeddable":true,"href":"https:\/\/ksiegarnia-akademicka.pl\/index.php\/wp-json\/wp\/v2\/product_brand?post=20936"},{"taxonomy":"product_cat","embeddable":true,"href":"https:\/\/ksiegarnia-akademicka.pl\/index.php\/wp-json\/wp\/v2\/product_cat?post=20936"},{"taxonomy":"product_tag","embeddable":true,"href":"https:\/\/ksiegarnia-akademicka.pl\/index.php\/wp-json\/wp\/v2\/product_tag?post=20936"}],"curies":[{"name":"wp","href":"https:\/\/api.w.org\/{rel}","templated":true}]}}