{"id":20913,"date":"2025-04-22T10:59:48","date_gmt":"2025-04-22T08:59:48","guid":{"rendered":"http:\/\/ksiegarnia-akademicka.pl\/?post_type=product&#038;p=20913"},"modified":"2025-04-22T10:59:48","modified_gmt":"2025-04-22T08:59:48","slug":"biologia-roslin-tom-1-2","status":"publish","type":"product","link":"https:\/\/ksiegarnia-akademicka.pl\/index.php\/product\/biologia-roslin-tom-1-2\/","title":{"rendered":"Biologia ro\u015blin. Tom 1-2"},"content":{"rendered":"<div class=\"grupa osoby\"><span class=\"meta-head\">Autor:<\/span><\/p>\n<ul>\n<li class=\"meta-value\">Peter H. Raven<\/li>\n<\/ul>\n<\/div>\n<div class=\"grupa osoby\"><span class=\"meta-head-blue\">T\u0142umacze:<\/span>\u00a0<span class=\"meta-value\">G\u00f3ralski Grzegorz<\/span><\/div>\n<div class=\"grupa wydawca\"><span class=\"meta-head\">Wydawca:<\/span>\u00a0Wydawnictwo Naukowe PWN<\/div>\n<div class=\"grupa dane\">\n<div>Oprawa:\u00a0<span class=\"meta-value-bold\">Mi\u0119kka<\/span><\/div>\n<div>Format:\u00a0<span class=\"meta-value-bold\">21.0&#215;29.7cm<\/span><\/div>\n<div>Liczba stron:\u00a0<span class=\"meta-value-bold\">980<\/span><\/div>\n<div>Wydanie:\u00a0<span class=\"meta-value-bold\">1<\/span><\/div>\n<div>Rok wydania:\u00a0<span class=\"meta-value-bold\">2025<\/span><\/div>\n<div>J\u0119zyk wydania:\u00a0<span class=\"meta-value-bold\">polski<\/span><\/div>\n<\/div>\n<div><\/div>\n<div>Jest to t\u0142umaczenie \u00f3smego wydania bardzo popularnego w \u015bwiecie podr\u0119cznika biologii ro\u015blin, kt\u00f3ry w niezwykle przyst\u0119pny spos\u00f3b przedstawia przegl\u0105d zagadnie\u0144 tworz\u0105cych szeroko rozumian\u0105 nauk\u0119 o ro\u015blinach, od biologii i energetyki kom\u00f3rki ro\u015blinnej pocz\u0105wszy, poprzez genetyk\u0119 i ewolucj\u0119 ro\u015blin, budow\u0119 i rozw\u00f3j ro\u015blin okrytonasiennych, fizjologi\u0119 ro\u015blin nasiennych, sko\u0144czywszy na szeroko poj\u0119tej ekologii, ze szczeg\u00f3lnym podkre\u015bleniem znaczenia ro\u015blin w r\u00f3\u017cnych \u015brodowiskach \u017cycia na Ziemi. W podr\u0119czniku po\u0142o\u017cono akcent na przejrzysto\u015b\u0107. Podano definicj\u0119 ka\u017cdego wprowadzanego terminu oraz zilustrowano opisane zjawiska i procesy rysunkami oraz zdj\u0119ciami, w tym r\u00f3wnie\u017c mikrofotografiami z mikroskopu elektronowego. Ka\u017cdy rozdzia\u0142 rozpoczyna si\u0119 fotografi\u0105 z podpisem, kt\u00f3ry odnosi si\u0119 bezpo\u015brednio do jego tre\u015bci merytorycznej. Rozdzia\u0142 ten zawiera: streszczenie, pytania kontrolne zwi\u0105zane z tekstem, podsumowanie oraz pytania, na kt\u00f3re odpowiedzi Czytelnik powinien pozna\u0107 podczas lektury. Wydanie polskie podzielone jest na dwie cz\u0119\u015bci. W cz\u0119\u015bci pierwszej w sekcji znajduje si\u0119 wprowadzenie do botaniki, biologia kom\u00f3rki ro\u015blinnej ze szczeg\u00f3\u0142owym om\u00f3wieniem budowy molekularnej, cyklu kom\u00f3rkowego i przemieszczania si\u0119 substancji do i z kom\u00f3rek. Nast\u0119pnie przedstawiono energetyk\u0119 kom\u00f3rki ro\u015blinnej od przep\u0142ywu energii, poprzez oddychanie kom\u00f3rkowe a\u017c do wyja\u015bnienia procesu przechwytywania i przekszta\u0142cania energii s\u0142onecznej w energi\u0119 chemiczn\u0105 podczas fotosyntezy. Sekcja dotycz\u0105ca genetyki i ewolucji po\u015bwi\u0119cona jest rozmna\u017caniu p\u0142ciowemu, dziedziczno\u015bci i ekspresji gen\u00f3w, a tak\u017ce technologii rekombinacji DNA, biotechnologii ro\u015blin i genomice. Wiele miejsca po\u015bwi\u0119cono Darwinowskiej teorii ewolucji opartej na doborze naturalnym, genetyce populacyjnej i izolacji genetycznej. Sekcja dotycz\u0105ca r\u00f3\u017cnorodno\u015bci zwraca uwag\u0119 na efekty ewolucji, czyli na liczne i r\u00f3\u017cnorodne gatunki organizm\u00f3w zamieszkuj\u0105cych obecnie nasz\u0105 biosfer\u0119. Cz\u0119\u015b\u0107 pierwsz\u0105 ko\u0144czy sekcja po\u015bwi\u0119cona zwi\u0105zkom ro\u015blin i ludzi. Znajduj\u0105 si\u0119 w niej informacje o powstaniu i rozwoju rolnictwa, jego wp\u0142ywie na wzrost liczby ludno\u015bci, informacje o zielonej rewolucji i przysz\u0142o\u015bci rolnictwa. Nie zabrak\u0142o te\u017c informacji o leczniczych w\u0142a\u015bciwo\u015bciach ro\u015blin. W cz\u0119\u015bci drugiej opisano budow\u0119 i rozw\u00f3j ro\u015blin okrytonasiennych. Sekcj\u0119 t\u0119 rozpoczyna tematyka zwi\u0105zana z powstawaniem i rozwojem zarodka, czyli embriogenez\u0105. W czasie tego procesu ustalony zostaje og\u00f3lny plan budowy ro\u015bliny. Nast\u0119pnie om\u00f3wiono kom\u00f3rki i tkanki ro\u015blinnie, budow\u0119 i rozw\u00f3j p\u0119d\u00f3w i korzeni oraz \u0142odyg. Kolejna sekcja po\u015bwi\u0119cona jest fizjologii ro\u015blin nasiennych. Dowiedzie\u0107 si\u0119 z niej mo\u017cna, jak\u0105 rol\u0119 w regulacji wzrostu ro\u015blin odgrywaj\u0105 hormony ro\u015blinne i czynniki zewn\u0119trzne, jakie pierwiastki s\u0105 niezb\u0119dne do wzrostu ro\u015blin i jakie funkcje pe\u0142ni\u0105, jaki wp\u0142yw na wzrost ro\u015bliny wywiera gleba oraz jak odbywa si\u0119 przemieszczanie wody i substancji w ro\u015blinach. Ostatnia sekcja zosta\u0142a po\u015bwi\u0119cona ekologii. Podr\u0119cznik kierowany jest do student\u00f3w: biologii, rolnictwa, ogrodnictwa, le\u015bnictwa, biotechnologii, ochrony \u015brodowiska, farmacji, studiuj\u0105cych na uniwersytetach, uczelniach rolniczych, medycznych, technicznych i pedagogicznych oraz os\u00f3b ciekawych \u015bwiata ro\u015blin.<\/div>\n","protected":false},"excerpt":{"rendered":"<p>Autor: Peter H. Raven T\u0142umacze:\u00a0G\u00f3ralski Grzegorz Wydawca:\u00a0Wydawnictwo Naukowe PWN Oprawa:\u00a0Mi\u0119kka [&hellip;]<\/p>\n","protected":false},"featured_media":20915,"template":"","meta":[],"product_brand":[],"product_cat":[8321,7530],"product_tag":[8609,4652],"class_list":{"0":"post-20913","1":"product","2":"type-product","3":"status-publish","4":"has-post-thumbnail","6":"product_cat-biologia","7":"product_cat-nowosci","8":"product_tag-biologia-roslin","9":"product_tag-przyroda","11":"first","12":"instock","13":"sale","14":"shipping-taxable","15":"purchasable","16":"product-type-simple"},"_links":{"self":[{"href":"https:\/\/ksiegarnia-akademicka.pl\/index.php\/wp-json\/wp\/v2\/product\/20913","targetHints":{"allow":["GET"]}}],"collection":[{"href":"https:\/\/ksiegarnia-akademicka.pl\/index.php\/wp-json\/wp\/v2\/product"}],"about":[{"href":"https:\/\/ksiegarnia-akademicka.pl\/index.php\/wp-json\/wp\/v2\/types\/product"}],"wp:featuredmedia":[{"embeddable":true,"href":"https:\/\/ksiegarnia-akademicka.pl\/index.php\/wp-json\/wp\/v2\/media\/20915"}],"wp:attachment":[{"href":"https:\/\/ksiegarnia-akademicka.pl\/index.php\/wp-json\/wp\/v2\/media?parent=20913"}],"wp:term":[{"taxonomy":"product_brand","embeddable":true,"href":"https:\/\/ksiegarnia-akademicka.pl\/index.php\/wp-json\/wp\/v2\/product_brand?post=20913"},{"taxonomy":"product_cat","embeddable":true,"href":"https:\/\/ksiegarnia-akademicka.pl\/index.php\/wp-json\/wp\/v2\/product_cat?post=20913"},{"taxonomy":"product_tag","embeddable":true,"href":"https:\/\/ksiegarnia-akademicka.pl\/index.php\/wp-json\/wp\/v2\/product_tag?post=20913"}],"curies":[{"name":"wp","href":"https:\/\/api.w.org\/{rel}","templated":true}]}}