{"id":209,"date":"2018-05-22T12:40:59","date_gmt":"2018-05-22T10:40:59","guid":{"rendered":"http:\/\/ksiegarnia-akademicka.pl\/index.php\/product\/ustawa-o-samorzadzie-powiatowym-komentarz\/"},"modified":"2024-12-04T13:16:12","modified_gmt":"2024-12-04T12:16:12","slug":"ustawa-o-samorzadzie-powiatowym-komentarz","status":"publish","type":"product","link":"https:\/\/ksiegarnia-akademicka.pl\/index.php\/product\/ustawa-o-samorzadzie-powiatowym-komentarz\/","title":{"rendered":"Ustawa o samorz\u0105dzie powiatowym. Komentarz"},"content":{"rendered":"<p>Seria: Kr\u00f3tkie Komentarze Becka<br \/>\nRedakcja: dr Pawe\u0142 Drembkowski<br \/>\nAutor: dr hab. Piotr Chlebowicz, Kamil Stefan Kasina, Grzegorz Piotr Kubalski, Miko\u0142aj Orzechowski, Bernadeta Sk\u00f3bel, dr Edyta Wasilewska, dr hab. Jakub Jan Zi\u0119ty<br \/>\nRok wydania: 2019<br \/>\nISBN: 978-83-8158-112-7<br \/>\nLiczba stron: 588<br \/>\nOprawa: Mi\u0119kka<\/p>\n<p>Prezentowana publikacja stanowi kompleksowe om\u00f3wienie ustawy z 5.6.1998 r. o samorz\u0105dzie powiatowym (t.j. Dz.U. z 2018 r. poz. 995 ze zm.).<\/p>\n<p>Publikacja uwzgl\u0119dnia najnowsze zmiany, m.in. wprowadzone ustaw\u0105 z 14.12.2018 r. o zmianie ustawy o finansach publicznych oraz niekt\u00f3rych innych ustaw (Dz.U. z 2018 r. poz. 2500), kt\u00f3ra wesz\u0142a w \u017cycie 1.1.2019 r. i kt\u00f3re maj\u0105 na celu upowa\u017cnienie organu stanowi\u0105cego do zaci\u0105gania d\u0142ugoterminowych zobowi\u0105za\u0144 zaliczanych do tytu\u0142u d\u0142u\u017cnego. Jest to rozwi\u0105zanie prawne umo\u017cliwiaj\u0105ce restrukturyzacj\u0119 i wcze\u015bniejsz\u0105 sp\u0142at\u0119 d\u0142ugu jednostek samorz\u0105du terytorialnego oraz wzmocnienie mechanizm\u00f3w prawnych s\u0142u\u017c\u0105cych zwi\u0119kszeniu ich bezpiecze\u0144stwa finansowego.<\/p>\n<p>Komentarz obejmuje tak\u017ce szczeg\u00f3\u0142ow\u0105 analiz\u0119 zagadnie\u0144, kt\u00f3re zosta\u0142y dodane do ustawy zmianami wprowadzonymi w 2018 r. Do najwa\u017cniejszych nale\u017c\u0105:<\/p>\n<p>obywatelska inicjatywa uchwa\u0142odawcza,<br \/>\nbud\u017cet obywatelski,<br \/>\nraport o stanie jednostki samorz\u0105du terytorialnego,<br \/>\nindywidualne uprawnienia kontrolne radnego,<br \/>\nobligatoryjna komisja skarg, wniosk\u00f3w i petycji,<br \/>\nuprawnienia klub\u00f3w radnych.<br \/>\nPrezentowana publikacja jest jedn\u0105 z nielicznych pozycji w polskiej literaturze prawniczej, kt\u00f3ra ca\u0142o\u015bciowo zosta\u0142a po\u015bwi\u0119cona powiatom. Autorzy dokonali analizy tych jednostek samorz\u0105du terytorialnego, wykazuj\u0105c, czym r\u00f3\u017cni\u0105 si\u0119 one od gmin i wojew\u00f3dztw, oraz w kt\u00f3rych kwestiach s\u0105 do nich podobne. Rozwa\u017cania oparte zosta\u0142y zar\u00f3wno na materiale normatywnym, jak i na literaturze i doktrynie prawa samorz\u0105du terytorialnego i prawa administracyjnego.<\/p>\n<p>W publikacji wykorzystano orzecznictwo s\u0105dowe, orzecznictwo organ\u00f3w nadzoru oraz akty prawa miejscowego odnosz\u0105ce si\u0119 do podstawowych problem\u00f3w powiat\u00f3w.<\/p>\n<p>Komentarz zawiera om\u00f3wienie m.in. takich zagadnie\u0144 jak:<\/p>\n<p>zakres dzia\u0142ania i zadania powiatu,<br \/>\nw\u0142adze powiatu,<br \/>\nakty prawa miejscowego stanowione przez powiat,<br \/>\nmienie powiatu,<br \/>\nfinanse powiatu,<br \/>\nzwi\u0105zki powiat\u00f3w i zwi\u0105zki powiatowo-gminne,<br \/>\nstowarzyszenia i porozumienia powiat\u00f3w,<br \/>\nnadz\u00f3r nad dzia\u0142alno\u015bci\u0105 powiatu,<br \/>\nmiasta na prawach powiatu.<br \/>\nKomentarz do ustawy o samorz\u0105dzie powiatowy zosta\u0142 opracowany przez zesp\u00f3\u0142 do\u015bwiadczonych pracownik\u00f3w naukowych i przedstawicieli palestry b\u0119d\u0105cych r\u00f3wnocze\u015bnie praktykami samorz\u0105dowymi. Autorzy starali si\u0119 om\u00f3wi\u0107 najcz\u0119\u015bciej spotykane problemy oraz w\u0105tpliwo\u015bci dotycz\u0105ce stosowania i wyk\u0142adni przepis\u00f3w ustawy.<\/p>\n<p>Publikacja skierowana jest przede wszystkim do pracownik\u00f3w powiatowej administracji samorz\u0105dowej oraz do prawnik\u00f3w, kt\u00f3rzy na co dzie\u0144 stosuj\u0105 komentowane przepisy.<\/p>\n","protected":false},"excerpt":{"rendered":"<p>Seria: Kr\u00f3tkie Komentarze Becka Redakcja: dr Pawe\u0142 Drembkowski Autor: dr [&hellip;]<\/p>\n","protected":false},"featured_media":10315,"template":"","meta":[],"product_brand":[],"product_cat":[7492,18,7494],"product_tag":[485,486,5166],"class_list":{"0":"post-209","1":"product","2":"type-product","3":"status-publish","4":"has-post-thumbnail","6":"product_cat-administracyjne","7":"product_cat-prawo","8":"product_cat-samorzad-terytorialny","9":"product_tag-prawo-administracyjne","10":"product_tag-samorzad-terytorialny","11":"product_tag-seria-krotkie-komentarze-becka","13":"first","14":"instock","15":"sale","16":"shipping-taxable","17":"purchasable","18":"product-type-simple"},"_links":{"self":[{"href":"https:\/\/ksiegarnia-akademicka.pl\/index.php\/wp-json\/wp\/v2\/product\/209","targetHints":{"allow":["GET"]}}],"collection":[{"href":"https:\/\/ksiegarnia-akademicka.pl\/index.php\/wp-json\/wp\/v2\/product"}],"about":[{"href":"https:\/\/ksiegarnia-akademicka.pl\/index.php\/wp-json\/wp\/v2\/types\/product"}],"wp:featuredmedia":[{"embeddable":true,"href":"https:\/\/ksiegarnia-akademicka.pl\/index.php\/wp-json\/wp\/v2\/media\/10315"}],"wp:attachment":[{"href":"https:\/\/ksiegarnia-akademicka.pl\/index.php\/wp-json\/wp\/v2\/media?parent=209"}],"wp:term":[{"taxonomy":"product_brand","embeddable":true,"href":"https:\/\/ksiegarnia-akademicka.pl\/index.php\/wp-json\/wp\/v2\/product_brand?post=209"},{"taxonomy":"product_cat","embeddable":true,"href":"https:\/\/ksiegarnia-akademicka.pl\/index.php\/wp-json\/wp\/v2\/product_cat?post=209"},{"taxonomy":"product_tag","embeddable":true,"href":"https:\/\/ksiegarnia-akademicka.pl\/index.php\/wp-json\/wp\/v2\/product_tag?post=209"}],"curies":[{"name":"wp","href":"https:\/\/api.w.org\/{rel}","templated":true}]}}