{"id":20891,"date":"2025-04-16T10:18:21","date_gmt":"2025-04-16T08:18:21","guid":{"rendered":"http:\/\/ksiegarnia-akademicka.pl\/?post_type=product&#038;p=20891"},"modified":"2025-04-16T10:18:22","modified_gmt":"2025-04-16T08:18:22","slug":"prawo-karne-materialne-z-perspektywy-nauki-o-bezpieczenstwie-2","status":"publish","type":"product","link":"https:\/\/ksiegarnia-akademicka.pl\/index.php\/product\/prawo-karne-materialne-z-perspektywy-nauki-o-bezpieczenstwie-2\/","title":{"rendered":"Prawo karne materialne z perspektywy nauki o bezpiecze\u0144stwie"},"content":{"rendered":"<div class=\"grupa seria\"><span class=\"meta-head-blue\">Nale\u017cy do serii:<\/span><\/p>\n<ul>\n<li>BEZPIECZE\u0143STWO DZI\u015a I JUTRO<\/li>\n<\/ul>\n<\/div>\n<div class=\"grupa osoby\"><span class=\"meta-head\">Autor:<\/span><\/p>\n<ul>\n<li class=\"meta-value\">Piotr Starzy\u0144ski<\/li>\n<li class=\"meta-value\">Maciej Nawacki<\/li>\n<\/ul>\n<\/div>\n<div class=\"grupa wydawca\"><span class=\"meta-head\">Wydawca:<\/span>\u00a0Editions Spotkania<\/div>\n<div class=\"grupa dane\">\n<div>Oprawa:\u00a0<span class=\"meta-value-bold\">Mi\u0119kka<\/span><\/div>\n<div>Format:\u00a0<span class=\"meta-value-bold\">16.5&#215;23.5cm<\/span><\/div>\n<div>Liczba stron:\u00a0<span class=\"meta-value-bold\">251<\/span><\/div>\n<div>Rok wydania:\u00a0<span class=\"meta-value-bold\">2021<\/span><\/div>\n<div>J\u0119zyk wydania:\u00a0<span class=\"meta-value-bold\">polski<\/span><\/div>\n<\/div>\n<div><\/div>\n<div>Celem monografii jest uniwersalne i kompleksowe uj\u0119cie prawa karnego materialnego, uwzgl\u0119dniaj\u0105ce wchodz\u0105c\u0105 w \u017cycie 1 lipca 2015 r. najbardziej obszern\u0105 i znacz\u0105c\u0105 z dotychczasowych nowelizacj\u0119 prawa karnego.<\/p>\n<p>Nie odchodz\u0105c ca\u0142kowicie od systematyki kodeksowej, od aktualnego unormowania, autorzy przedstawiaj\u0105 zasady i tre\u015bci prawa karnego materialnego w spos\u00f3b umo\u017cliwiaj\u0105cy czytelnikom poruszanie si\u0119 w ustawicznie zmienianym Kodeksie karnym, przyswojenie umiej\u0119tno\u015bci pracy ze spraw\u0105 karn\u0105, niezale\u017cnie od wprowadzanych modyfikacji &#8222;filozofii karania&#8221; i dominuj\u0105cej polityki karnej.<\/p>\n<p>Publikacja adresowana jest do student\u00f3w kierunk\u00f3w bezpiecze\u0144stwa wewn\u0119trznego, prawa i administracji, jak te\u017c do funkcjonariuszy organ\u00f3w post\u0119powania przygotowawczego, w tym m.in. Policji i Stra\u017cy Granicznej.<\/p>\n<p>Z uwagi na kr\u0105g adresat\u00f3w po\u0142o\u017cono wi\u0119kszy nacisk na zaprezentowanie zagadnie\u0144 zwi\u0105zanych z relacj\u0105 prawa karnego materialnego z bezpiecze\u0144stwem w r\u00f3\u017cnych jego obszarach. Autorzy skupili si\u0119 na tych aspektach prawa karnego, kt\u00f3re s\u0105 istotne z punktu widzenia os\u00f3b stosuj\u0105cych Kodeks karny w toku post\u0119powania karnego, a zw\u0142aszcza z punktu widzenia nieprokuratorskich organ\u00f3w post\u0119powania przygotowawczego, kt\u00f3re w mniejszym zakresie uczestnicz\u0105 w post\u0119powaniu s\u0105dowym ni\u017c w przygotowawczym. Uj\u0119cie prawa karnego materialnego w kontek\u015bcie nauki o bezpiecze\u0144stwie doprowadzi\u0142o do innego ni\u017c &#8222;klasyczne\u201d opracowania cz\u0119\u015bci szczeg\u00f3lnej Kodeksu karnego. Autorzy dokonali podzia\u0142u przest\u0119pstw w zale\u017cno\u015bci od dominuj\u0105cego przedmiotu ochrony, jakim jest bezpiecze\u0144stwo.<\/p>\n<p>Opracowanie zawiera tak\u017ce graficzne przedstawienie najistotniejszych z punktu widzenia adresat\u00f3w ksi\u0105\u017cki instytucji prawa karnego materialnego, co niew\u0105tpliwie sprzyja zrozumieniu prawa karnego. W opracowaniu w poszczeg\u00f3lnych jego cz\u0119\u015bciach sformu\u0142owano zwroty kluczowe, jak r\u00f3wnie\u017c pytania kontrolne.<\/p>\n<p>Ksi\u0105\u017cka zawiera czytelny skorowidz, a nadto autorzy przywo\u0142uj\u0105 nie tylko krajowe orzecznictwo, ale tak\u017ce judykaty Europejskiego Trybuna\u0142u Praw Cz\u0142owieka, jak r\u00f3wnie\u017c si\u0119gaj\u0105 do dokument\u00f3w z procesu legislacyjnego i do dorobku doktryny. Podkre\u015bli\u0107 nale\u017cy, \u017ce tego typu opracowanie jest pierwszym na polskim rynku wydawniczym, uwzgl\u0119dniaj\u0105cym now\u0105, zmienion\u0105 w spos\u00f3b fundamentalny &#8222;filozofi\u0119 karania&#8221;.<\/p><\/div>\n","protected":false},"excerpt":{"rendered":"<p>Nale\u017cy do serii: BEZPIECZE\u0143STWO DZI\u015a I JUTRO Autor: Piotr Starzy\u0144ski [&hellip;]<\/p>\n","protected":false},"featured_media":20892,"template":"","meta":[],"product_brand":[],"product_cat":[8250,7490,18],"product_tag":[3809,296],"class_list":{"0":"post-20891","1":"product","2":"type-product","3":"status-publish","4":"has-post-thumbnail","6":"product_cat-bezpieczenstwo-wewnetrzne","7":"product_cat-karne","8":"product_cat-prawo","9":"product_tag-bezpieczenstwo-wewnetrzne","10":"product_tag-prawo-karne","12":"first","13":"instock","14":"sale","15":"shipping-taxable","16":"purchasable","17":"product-type-simple"},"_links":{"self":[{"href":"https:\/\/ksiegarnia-akademicka.pl\/index.php\/wp-json\/wp\/v2\/product\/20891","targetHints":{"allow":["GET"]}}],"collection":[{"href":"https:\/\/ksiegarnia-akademicka.pl\/index.php\/wp-json\/wp\/v2\/product"}],"about":[{"href":"https:\/\/ksiegarnia-akademicka.pl\/index.php\/wp-json\/wp\/v2\/types\/product"}],"wp:featuredmedia":[{"embeddable":true,"href":"https:\/\/ksiegarnia-akademicka.pl\/index.php\/wp-json\/wp\/v2\/media\/20892"}],"wp:attachment":[{"href":"https:\/\/ksiegarnia-akademicka.pl\/index.php\/wp-json\/wp\/v2\/media?parent=20891"}],"wp:term":[{"taxonomy":"product_brand","embeddable":true,"href":"https:\/\/ksiegarnia-akademicka.pl\/index.php\/wp-json\/wp\/v2\/product_brand?post=20891"},{"taxonomy":"product_cat","embeddable":true,"href":"https:\/\/ksiegarnia-akademicka.pl\/index.php\/wp-json\/wp\/v2\/product_cat?post=20891"},{"taxonomy":"product_tag","embeddable":true,"href":"https:\/\/ksiegarnia-akademicka.pl\/index.php\/wp-json\/wp\/v2\/product_tag?post=20891"}],"curies":[{"name":"wp","href":"https:\/\/api.w.org\/{rel}","templated":true}]}}