{"id":20884,"date":"2025-04-16T09:49:01","date_gmt":"2025-04-16T07:49:01","guid":{"rendered":"http:\/\/ksiegarnia-akademicka.pl\/?post_type=product&#038;p=20884"},"modified":"2025-04-16T09:49:03","modified_gmt":"2025-04-16T07:49:03","slug":"promocja-zdrowia-w-praktyce","status":"publish","type":"product","link":"https:\/\/ksiegarnia-akademicka.pl\/index.php\/product\/promocja-zdrowia-w-praktyce\/","title":{"rendered":"Promocja zdrowia w praktyce"},"content":{"rendered":"<div class=\"grupa osoby\"><span class=\"meta-head\">Autor:<\/span><\/p>\n<ul>\n<li class=\"meta-value\">John Hubley<\/li>\n<\/ul>\n<\/div>\n<div class=\"grupa osoby\"><span class=\"meta-head-blue\">T\u0142umacze:<\/span>\u00a0<span class=\"meta-value\">\u017buchowski Marcin<\/span><\/div>\n<div class=\"grupa wydawca\"><span class=\"meta-head\">Wydawca:<\/span>\u00a0Wydawnictwo Naukowe PWN<\/div>\n<div class=\"grupa dane\">\n<div>Oprawa:\u00a0<span class=\"meta-value-bold\">Mi\u0119kka<\/span><\/div>\n<div>Format:\u00a0<span class=\"meta-value-bold\">21.0&#215;29.7cm<\/span><\/div>\n<div>Liczba stron:\u00a0<span class=\"meta-value-bold\">380<\/span><\/div>\n<div>Wydanie:\u00a0<span class=\"meta-value-bold\">1<\/span><\/div>\n<div>Rok wydania:\u00a0<span class=\"meta-value-bold\">2025<\/span><\/div>\n<div>J\u0119zyk wydania:\u00a0<span class=\"meta-value-bold\">polski<\/span><\/div>\n<\/div>\n<div><\/div>\n<div>Promocja zdrowia jest kluczowym komponentem zdrowia publicznego, kt\u00f3ry \u0142\u0105czy edukacj\u0119 zdrowotn\u0105 skierowan\u0105 do jednostek i spo\u0142eczno\u015bci, popraw\u0119 \u015bwiadcze\u0144 oraz rzecznictwo ukierunkowane na wywieranie wp\u0142ywu na polityki dotycz\u0105ce zdrowia. Promocja zdrowia stanowi istotn\u0105 cz\u0119\u015b\u0107 dzia\u0142a\u0144 wi\u0119kszo\u015bci pracownik\u00f3w ochrony zdrowia i s\u0142u\u017cb spo\u0142ecznych, w tym piel\u0119gniarek, lekarzy, przedstawicieli pokrewnych zawod\u00f3w zwi\u0105zanych z opiek\u0105 zdrowotn\u0105, rehabilitant\u00f3w, pracownik\u00f3w spo\u0142eczno\u015bci, s\u0142u\u017cb sanitarnych i zdrowia publicznego. Niniejsza ksi\u0105\u017cka zawiera ilustracje, studia przypadk\u00f3w, wskaz\u00f3wki i listy kontrolne z instrukcjami \u201ekrok po kroku\u201d i przedstawia: praktyczne wprowadzenie do promocji zdrowia, debaty oraz kwestie etyczne zwi\u0105zane z promowaniem zdrowia i zach\u0119caniem ludzi do prozdrowotnego stylu \u017cycia, zagadnienia dotycz\u0105ce reorientacji s\u0142u\u017cb, rozwijania dzia\u0142a\u0144 spo\u0142eczno\u015bci na rzecz zdrowia, stawiania czo\u0142a spo\u0142ecznym i ekonomicznym uwarunkowaniom zdrowia oraz wp\u0142ywu na polityk\u0119; powi\u0105zania z niekt\u00f3rymi kluczowymi kompetencjami w zakresie zdrowia publicznego, komunikowania na rzecz zdrowia oraz promocji zdrowia okre\u015blonymi w Skills for Health Programme i National Occupational Standards; przewodnik dotycz\u0105cy promocji zdrowia w spo\u0142eczno\u015bci, miejscu pracy, szkolnictwie, podstawowej opiece zdrowotnej, szpitalu i innych instytucjach; ustrukturyzowane zadania umo\u017cliwiaj\u0105ce czytelnikowi zastosowanie tre\u015bci ksi\u0105\u017cki do jego sytuacji; punkt wyj\u015bcia dla dalszych studi\u00f3w w zakresie promocji zdrowia \u2013 na ko\u0144cu ka\u017cdego rozdzia\u0142u zaproponowano warte przeczytania pozycje pi\u015bmiennictwa dotycz\u0105cego promocji zdrowia, a w ostatnim rozdziale zawarto przegl\u0105d pi\u015bmiennictwa z tej dziedziny. Z tekstu Ksi\u0105\u017ck\u0119 Promocja zdrowia w praktyce napisali wyk\u0142adowcy i pracownicy naukowi z Leeds Beckett University\u2013 maj\u0105cy znacz\u0105cy dorobek i do\u015bwiadczenia w tej dziedzinie. Zaprezentowali nowoczesne, wielostronne podej\u015bcie do promocji zdrowia, jej strategi\u0119, kwestie etyczne oraz zasady planowania i skutecznego dzia\u0142ania. Warto\u015bci\u0105 ksi\u0105\u017cki jest \u015bcis\u0142e powi\u0105zanie naukowych i teoretycznych za\u0142o\u017ce\u0144 promocji zdrowia z jej praktyk\u0105 w r\u00f3\u017cnych siedliskach. Struktura i organizacja tekstu u\u0142atwiaj\u0105 korzystanie z ksi\u0105\u017cki \u2013 na pocz\u0105tku ka\u017cdego rozdzia\u0142u podano kluczowe elementy tre\u015bci i oczekiwane efekty uczenia si\u0119; w tek\u015bcie jest wiele tabel, wykres\u00f3w, modeli, ramek, przyk\u0142ad\u00f3w dobrej praktyki, studi\u00f3w przypadku, fotografii oraz sugerowane pozycje pi\u015bmiennictwa. Z przedmowy do polskiego wydania<\/div>\n","protected":false},"excerpt":{"rendered":"<p>Autor: John Hubley T\u0142umacze:\u00a0\u017buchowski Marcin Wydawca:\u00a0Wydawnictwo Naukowe PWN Oprawa:\u00a0Mi\u0119kka Format:\u00a021.0&#215;29.7cm [&hellip;]<\/p>\n","protected":false},"featured_media":20886,"template":"","meta":[],"product_brand":[],"product_cat":[8302,7493,7530],"product_tag":[3994,8605],"class_list":{"0":"post-20884","1":"product","2":"type-product","3":"status-publish","4":"has-post-thumbnail","6":"product_cat-inne-medycyna","7":"product_cat-medycyna","8":"product_cat-nowosci","9":"product_tag-medycyna","10":"product_tag-promocja-zdrowia","12":"first","13":"instock","14":"sale","15":"shipping-taxable","16":"purchasable","17":"product-type-simple"},"_links":{"self":[{"href":"https:\/\/ksiegarnia-akademicka.pl\/index.php\/wp-json\/wp\/v2\/product\/20884","targetHints":{"allow":["GET"]}}],"collection":[{"href":"https:\/\/ksiegarnia-akademicka.pl\/index.php\/wp-json\/wp\/v2\/product"}],"about":[{"href":"https:\/\/ksiegarnia-akademicka.pl\/index.php\/wp-json\/wp\/v2\/types\/product"}],"wp:featuredmedia":[{"embeddable":true,"href":"https:\/\/ksiegarnia-akademicka.pl\/index.php\/wp-json\/wp\/v2\/media\/20886"}],"wp:attachment":[{"href":"https:\/\/ksiegarnia-akademicka.pl\/index.php\/wp-json\/wp\/v2\/media?parent=20884"}],"wp:term":[{"taxonomy":"product_brand","embeddable":true,"href":"https:\/\/ksiegarnia-akademicka.pl\/index.php\/wp-json\/wp\/v2\/product_brand?post=20884"},{"taxonomy":"product_cat","embeddable":true,"href":"https:\/\/ksiegarnia-akademicka.pl\/index.php\/wp-json\/wp\/v2\/product_cat?post=20884"},{"taxonomy":"product_tag","embeddable":true,"href":"https:\/\/ksiegarnia-akademicka.pl\/index.php\/wp-json\/wp\/v2\/product_tag?post=20884"}],"curies":[{"name":"wp","href":"https:\/\/api.w.org\/{rel}","templated":true}]}}