{"id":20876,"date":"2025-04-16T09:36:18","date_gmt":"2025-04-16T07:36:18","guid":{"rendered":"http:\/\/ksiegarnia-akademicka.pl\/?post_type=product&#038;p=20876"},"modified":"2025-04-16T09:36:19","modified_gmt":"2025-04-16T07:36:19","slug":"otologia-kliniczna","status":"publish","type":"product","link":"https:\/\/ksiegarnia-akademicka.pl\/index.php\/product\/otologia-kliniczna\/","title":{"rendered":"Otologia kliniczna"},"content":{"rendered":"<div class=\"grupa osoby\"><span class=\"meta-head-blue\">Redakcja:<\/span>\u00a0<span class=\"meta-value\">Szyfter Witold<\/span><\/div>\n<div class=\"grupa wydawca\"><span class=\"meta-head\">Wydawca:<\/span>\u00a0Termedia<\/div>\n<div class=\"grupa dane\">\n<div>Oprawa:\u00a0<span class=\"meta-value-bold\">Twarda<\/span><\/div>\n<div>Format:\u00a0<span class=\"meta-value-bold\">20.4&#215;28.2cm<\/span><\/div>\n<div>Liczba stron:\u00a0<span class=\"meta-value-bold\">336<\/span><\/div>\n<div>Rok wydania:\u00a0<span class=\"meta-value-bold\">2020<\/span><\/div>\n<div>J\u0119zyk wydania:\u00a0<span class=\"meta-value-bold\">polski<\/span><\/div>\n<\/div>\n<div><\/div>\n<div>Zawarta w \u201eOtologii klinicznej\u201d wiedza dotyczy szeroko rozumianej fizjologii i patologii ko\u015bci skroniowej oraz narz\u0105d\u00f3w s\u0142uchu i r\u00f3wnowagi. Autorami s\u0105 lekarze, kt\u00f3rzy od wielu lat pracuj\u0105 w Klinice Otolaryngologii i Onkologii Laryngologicznej Uniwersytetu Medycznego w Poznaniu oraz osoby z ro\u017cnych zaprzyja\u017anionych i wsp\u00f3\u0142pracuj\u0105cych o\u015brodk\u00f3w naukowych tego miasta.<br \/>\nAutorzy bardzo szeroko przedstawiaj\u0105 tematyk\u0119 przewlek\u0142ego zapalenia ucha \u015brodkowego, ze stale gro\u017anymi dla \u017cycia powik\u0142aniami oraz zagadnienie implant\u00f3w s\u0142uchowych, z kt\u00f3rymi pozna\u0144ska Klinika ma ju\u017c ponad 30-letnie do\u015bwiadczenie. Om\u00f3wiono embriologi\u0119 ko\u015bci skroniowej, genetyk\u0119 niedos\u0142uchu, patomorfologi\u0119 i biomechanik\u0119 ucha \u015brodkowego \u2013 tak wa\u017cne dla zrozumienia zagadnie\u0144 klinicznych.<br \/>\nW wielu miejscach zawarta jest wiedza z zakresu neurootologii, kt\u00f3ra bardzo dynamicznie rozwija si\u0119 w ostatnich dekadach. Dotyczy ona narz\u0105du r\u00f3wnowagi, implant\u00f3w pniowych i patologii linii bocznej podstawy czaszki.<br \/>\nOsobny rozdzia\u0142 po\u015bwi\u0119cony zosta\u0142 badaniom screeningowym s\u0142uchu u noworodk\u00f3w, bo ostatnie dwie dekady to gwa\u0142towny rozw\u00f3j tej metody w wykrywaniu niedos\u0142uchu wrodzonego. A Polska jest przecie\u017c w \u015bwiatowej awangardzie wprowadzania powszechnych bada\u0144 s\u0142uchu u noworodk\u00f3w.<\/p>\n<p>Ksi\u0105\u017cka jest bogato ilustrowana fotografiami ze zbior\u00f3w Kliniki.<\/p><\/div>\n","protected":false},"excerpt":{"rendered":"<p>Redakcja:\u00a0Szyfter Witold Wydawca:\u00a0Termedia Oprawa:\u00a0Twarda Format:\u00a020.4&#215;28.2cm Liczba stron:\u00a0336 Rok wydania:\u00a02020 J\u0119zyk [&hellip;]<\/p>\n","protected":false},"featured_media":20877,"template":"","meta":[],"product_brand":[],"product_cat":[8302,7493],"product_tag":[8602],"class_list":{"0":"post-20876","1":"product","2":"type-product","3":"status-publish","4":"has-post-thumbnail","6":"product_cat-inne-medycyna","7":"product_cat-medycyna","8":"product_tag-otologia","10":"first","11":"instock","12":"sale","13":"shipping-taxable","14":"purchasable","15":"product-type-simple"},"_links":{"self":[{"href":"https:\/\/ksiegarnia-akademicka.pl\/index.php\/wp-json\/wp\/v2\/product\/20876","targetHints":{"allow":["GET"]}}],"collection":[{"href":"https:\/\/ksiegarnia-akademicka.pl\/index.php\/wp-json\/wp\/v2\/product"}],"about":[{"href":"https:\/\/ksiegarnia-akademicka.pl\/index.php\/wp-json\/wp\/v2\/types\/product"}],"wp:featuredmedia":[{"embeddable":true,"href":"https:\/\/ksiegarnia-akademicka.pl\/index.php\/wp-json\/wp\/v2\/media\/20877"}],"wp:attachment":[{"href":"https:\/\/ksiegarnia-akademicka.pl\/index.php\/wp-json\/wp\/v2\/media?parent=20876"}],"wp:term":[{"taxonomy":"product_brand","embeddable":true,"href":"https:\/\/ksiegarnia-akademicka.pl\/index.php\/wp-json\/wp\/v2\/product_brand?post=20876"},{"taxonomy":"product_cat","embeddable":true,"href":"https:\/\/ksiegarnia-akademicka.pl\/index.php\/wp-json\/wp\/v2\/product_cat?post=20876"},{"taxonomy":"product_tag","embeddable":true,"href":"https:\/\/ksiegarnia-akademicka.pl\/index.php\/wp-json\/wp\/v2\/product_tag?post=20876"}],"curies":[{"name":"wp","href":"https:\/\/api.w.org\/{rel}","templated":true}]}}