{"id":20857,"date":"2025-04-15T09:32:04","date_gmt":"2025-04-15T07:32:04","guid":{"rendered":"http:\/\/ksiegarnia-akademicka.pl\/?post_type=product&#038;p=20857"},"modified":"2025-04-15T09:32:05","modified_gmt":"2025-04-15T07:32:05","slug":"rozbici-nirenska-i-karski","status":"publish","type":"product","link":"https:\/\/ksiegarnia-akademicka.pl\/index.php\/product\/rozbici-nirenska-i-karski\/","title":{"rendered":"Rozbici. Nire\u0144ska i Karski"},"content":{"rendered":"<div class=\"grupa osoby\"><span class=\"meta-head\">Autor:<\/span><\/p>\n<ul>\n<li class=\"meta-value\">Ula Ryciak<\/li>\n<\/ul>\n<\/div>\n<div class=\"grupa wydawca\"><span class=\"meta-head\">Wydawca:<\/span>\u00a0Literackie<\/div>\n<div class=\"grupa dane\">\n<div>Oprawa:\u00a0<span class=\"meta-value-bold\">Twarda<\/span><\/div>\n<div>Format:\u00a0<span class=\"meta-value-bold\">14.3&#215;20.5cm<\/span><\/div>\n<div>Liczba stron:\u00a0<span class=\"meta-value-bold\">304<\/span><\/div>\n<div>Wydanie:\u00a0<span class=\"meta-value-bold\">1<\/span><\/div>\n<div>Rok wydania:\u00a0<span class=\"meta-value-bold\">2025<\/span><\/div>\n<div>J\u0119zyk wydania:\u00a0<span class=\"meta-value-bold\">polski<\/span><\/div>\n<\/div>\n<div><\/div>\n<div>Poruszaj\u0105ca opowie\u015b\u0107 o wyboistej \u017cydowsko-polskiej mi\u0142o\u015bci naznaczonej wojennymi prze\u017cyciami. Londyn, lata 30. XX wieku. Spotykaj\u0105 si\u0119 przelotnie, zatrzymuj\u0105 \u015blady spojrze\u0144. Zanim po\u0142\u0105czy ich uczucie, rozdzieli ich wojna. Ona \u2013 \u017byd\u00f3wka z Warszawy, z determinacj\u0105 szuka wolno\u015bci i prawa do ekspresji na scenie. On \u2013 katolik z biednej \u0142\u00f3dzkiej rodziny, \u015bwietnie zapowiadaj\u0105cy si\u0119 dyplomata. Po latach odnajd\u0105 si\u0119 w Ameryce. Jan Karski przyb\u0119dzie tam jako emisariusz polskiego rz\u0105du, by da\u0107 \u015bwiadectwo dokonuj\u0105cej si\u0119 w Europie Zag\u0142ady \u017byd\u00f3w. Otrzyma za to tytu\u0142 Sprawiedliwego w\u015br\u00f3d Narod\u00f3w \u015awiata i b\u0119dzie nominowany do Pokojowej Nagrody Nobla. Pola Nire\u0144ska, kt\u00f3ra straci znaczn\u0105 cz\u0119\u015b\u0107 rodziny w Holokau\u015bcie, wyjedzie za ocean, by ta\u0144czy\u0107. Po trzech dekadach zacznie \u015bwi\u0119ci\u0107 triumfy jako choreografka. Zbli\u017cy ich nie to, co wsp\u00f3lnie pami\u0119taj\u0105, lecz to, o czym pr\u00f3buj\u0105 zapomnie\u0107. Ula Ryciak, autorka m.in. bestsellerowych opowie\u015bci o Agnieszce Osieckiej (Potargana w mi\u0142o\u015bci), Kalinie J\u0119drusik (Niemoralna. Kalina), Rubinsteinach (Nela i Artur. Koncert intymny Rubinstein\u00f3w) i Zofii Chom\u0119towskiej (\u015awiat\u0142oczu\u0142a. Kadry z \u017cycia) mierzy si\u0119 z tajemnic\u0105 uwik\u0142anego w przesz\u0142o\u015b\u0107 zwi\u0105zku, w kt\u00f3rym osobiste splata si\u0119 z politycznym, a rozdarci poczuciem winy partnerzy wci\u0105\u017c od nowa reanimuj\u0105 \u0142\u0105cz\u0105ce ich uczucie. Rozbici to historia o tym, \u017ce przesz\u0142o\u015b\u0107 nigdy nie odchodzi, staje si\u0119 tera\u017aniejszo\u015bci\u0105 i determinuje przysz\u0142o\u015b\u0107. A cia\u0142o pami\u0119ta to, co umys\u0142 wola\u0142 zapomnie\u0107.<\/div>\n","protected":false},"excerpt":{"rendered":"<p>Autor: Ula Ryciak Wydawca:\u00a0Literackie Oprawa:\u00a0Twarda Format:\u00a014.3&#215;20.5cm Liczba stron:\u00a0304 Wydanie:\u00a01 Rok [&hellip;]<\/p>\n","protected":false},"featured_media":20858,"template":"","meta":[],"product_brand":[],"product_cat":[7707,7530],"product_tag":[2322,5953],"class_list":{"0":"post-20857","1":"product","2":"type-product","3":"status-publish","4":"has-post-thumbnail","6":"product_cat-literatura","7":"product_cat-nowosci","8":"product_tag-biografie","9":"product_tag-literatura","11":"first","12":"instock","13":"sale","14":"shipping-taxable","15":"purchasable","16":"product-type-simple"},"_links":{"self":[{"href":"https:\/\/ksiegarnia-akademicka.pl\/index.php\/wp-json\/wp\/v2\/product\/20857","targetHints":{"allow":["GET"]}}],"collection":[{"href":"https:\/\/ksiegarnia-akademicka.pl\/index.php\/wp-json\/wp\/v2\/product"}],"about":[{"href":"https:\/\/ksiegarnia-akademicka.pl\/index.php\/wp-json\/wp\/v2\/types\/product"}],"wp:featuredmedia":[{"embeddable":true,"href":"https:\/\/ksiegarnia-akademicka.pl\/index.php\/wp-json\/wp\/v2\/media\/20858"}],"wp:attachment":[{"href":"https:\/\/ksiegarnia-akademicka.pl\/index.php\/wp-json\/wp\/v2\/media?parent=20857"}],"wp:term":[{"taxonomy":"product_brand","embeddable":true,"href":"https:\/\/ksiegarnia-akademicka.pl\/index.php\/wp-json\/wp\/v2\/product_brand?post=20857"},{"taxonomy":"product_cat","embeddable":true,"href":"https:\/\/ksiegarnia-akademicka.pl\/index.php\/wp-json\/wp\/v2\/product_cat?post=20857"},{"taxonomy":"product_tag","embeddable":true,"href":"https:\/\/ksiegarnia-akademicka.pl\/index.php\/wp-json\/wp\/v2\/product_tag?post=20857"}],"curies":[{"name":"wp","href":"https:\/\/api.w.org\/{rel}","templated":true}]}}