{"id":20829,"date":"2025-04-11T11:17:52","date_gmt":"2025-04-11T09:17:52","guid":{"rendered":"http:\/\/ksiegarnia-akademicka.pl\/?post_type=product&#038;p=20829"},"modified":"2025-04-11T11:17:53","modified_gmt":"2025-04-11T09:17:53","slug":"copywriting-w-rekrutacji-i-employer-brandingu","status":"publish","type":"product","link":"https:\/\/ksiegarnia-akademicka.pl\/index.php\/product\/copywriting-w-rekrutacji-i-employer-brandingu\/","title":{"rendered":"Copywriting w rekrutacji i employer brandingu"},"content":{"rendered":"<div class=\"grupa osoby\"><span class=\"meta-head-blue\">Autor:<\/span><\/p>\n<ul>\n<li class=\"meta-value\">Nocny Filip<\/li>\n<\/ul>\n<\/div>\n<div class=\"grupa wydawca\"><span class=\"meta-head\">Wydawca:<\/span>\u00a0onepress<\/div>\n<div class=\"grupa dane\">\n<div>Oprawa:\u00a0<span class=\"meta-value-bold\">Mi\u0119kka ze skrzyde\u0142kami<\/span><\/div>\n<div>Format:\u00a0<span class=\"meta-value-bold\">14.0&#215;20.8cm<\/span><\/div>\n<div>Liczba stron:\u00a0<span class=\"meta-value-bold\">280<\/span><\/div>\n<div>Rok wydania:\u00a0<span class=\"meta-value-bold\">2025<\/span><\/div>\n<div>J\u0119zyk wydania:\u00a0<span class=\"meta-value-bold\">polski<\/span><\/div>\n<\/div>\n<div><\/div>\n<div>To pierwszy podr\u0119cznik copywritingu przeznaczony specjalnie dla HR-owc\u00f3w<\/p>\n<p>W ksi\u0105\u017cce znajdziesz pakiet konkretnych technik, przyk\u0142ad\u00f3w, gotowych wzor\u00f3w tekst\u00f3w, jak r\u00f3wnie\u017c praktycznych \u0107wicze\u0144, dzi\u0119ki kt\u00f3rym tworzone przez Ciebie reklamy rekrutacyjne i oferty pracy zmieni\u0105 zainteresowanie, jakie wywo\u0142uj\u0105 one u potencjalnego kandydata, w przyjemne pragnienie z\u0142o\u017cenia aplikacji.<\/p>\n<p>Zacznij czyta\u0107 i \u0107wiczy\u0107 z naszym kursobookiem \u2015 i przekonaj si\u0119, \u017ce potrafisz doskonale:<br \/>\nodzwierciedla\u0107 s\u0142owami unikatowe DNA firmy i kreowa\u0107 za ich pomoc\u0105 po\u017c\u0105dany wizerunek marki pracodawcy<br \/>\ndefiniowa\u0107 EVP i wkomponowywa\u0107 tone of voice w prawdziwe oczekiwania kandydat\u00f3w, a tak\u017ce ju\u017c zatrudnionych pracownik\u00f3w<br \/>\nod r\u0119ki i za ka\u017cdym razem tworzy\u0107 skuteczne og\u0142oszenia rekrutacyjne<br \/>\npisa\u0107 newslettery, kt\u00f3re wywo\u0142uj\u0105 apetyt na czytanie w ramach komunikacji wewn\u0119trznej<br \/>\ntworzy\u0107 magnetyczne posty z efektem \u201elubi\u0119 to\u201d<\/p><\/div>\n","protected":false},"excerpt":{"rendered":"<p>Autor: Nocny Filip Wydawca:\u00a0onepress Oprawa:\u00a0Mi\u0119kka ze skrzyde\u0142kami Format:\u00a014.0&#215;20.8cm Liczba stron:\u00a0280 [&hellip;]<\/p>\n","protected":false},"featured_media":20831,"template":"","meta":[],"product_brand":[],"product_cat":[29,7530,30,7513],"product_tag":[8595,543,1757],"class_list":{"0":"post-20829","1":"product","2":"type-product","3":"status-publish","4":"has-post-thumbnail","6":"product_cat-marketing-i-reklama","7":"product_cat-nowosci","8":"product_cat-zarzadzanie","9":"product_cat-zarzadzanie-zasobami-ludzkimi","10":"product_tag-copywriting","11":"product_tag-hr","12":"product_tag-reklama","14":"first","15":"instock","16":"sale","17":"shipping-taxable","18":"purchasable","19":"product-type-simple"},"_links":{"self":[{"href":"https:\/\/ksiegarnia-akademicka.pl\/index.php\/wp-json\/wp\/v2\/product\/20829","targetHints":{"allow":["GET"]}}],"collection":[{"href":"https:\/\/ksiegarnia-akademicka.pl\/index.php\/wp-json\/wp\/v2\/product"}],"about":[{"href":"https:\/\/ksiegarnia-akademicka.pl\/index.php\/wp-json\/wp\/v2\/types\/product"}],"wp:featuredmedia":[{"embeddable":true,"href":"https:\/\/ksiegarnia-akademicka.pl\/index.php\/wp-json\/wp\/v2\/media\/20831"}],"wp:attachment":[{"href":"https:\/\/ksiegarnia-akademicka.pl\/index.php\/wp-json\/wp\/v2\/media?parent=20829"}],"wp:term":[{"taxonomy":"product_brand","embeddable":true,"href":"https:\/\/ksiegarnia-akademicka.pl\/index.php\/wp-json\/wp\/v2\/product_brand?post=20829"},{"taxonomy":"product_cat","embeddable":true,"href":"https:\/\/ksiegarnia-akademicka.pl\/index.php\/wp-json\/wp\/v2\/product_cat?post=20829"},{"taxonomy":"product_tag","embeddable":true,"href":"https:\/\/ksiegarnia-akademicka.pl\/index.php\/wp-json\/wp\/v2\/product_tag?post=20829"}],"curies":[{"name":"wp","href":"https:\/\/api.w.org\/{rel}","templated":true}]}}