{"id":20797,"date":"2025-04-08T15:54:23","date_gmt":"2025-04-08T13:54:23","guid":{"rendered":"http:\/\/ksiegarnia-akademicka.pl\/?post_type=product&#038;p=20797"},"modified":"2025-04-08T15:54:24","modified_gmt":"2025-04-08T13:54:24","slug":"porzadni-ludzie","status":"publish","type":"product","link":"https:\/\/ksiegarnia-akademicka.pl\/index.php\/product\/porzadni-ludzie\/","title":{"rendered":"Porz\u0105dni ludzie"},"content":{"rendered":"<div class=\"grupa osoby\"><span class=\"meta-head\">Autor:<\/span><\/p>\n<ul>\n<li class=\"meta-value\">Kinga Wyrzykowska<\/li>\n<\/ul>\n<\/div>\n<div class=\"grupa osoby\"><span class=\"meta-head-blue\">T\u0142umacze:<\/span>\u00a0<span class=\"meta-value\">Dorota Malina<\/span><\/div>\n<div class=\"grupa osoby\"><span class=\"meta-head-blue\">Ilustracje:<\/span>\u00a0<span class=\"meta-value\">Pawu\u0142a<\/span><\/div>\n<div class=\"grupa wydawca\"><span class=\"meta-head\">Wydawca:<\/span>\u00a0Nowe<\/div>\n<div class=\"grupa dane\">\n<div>Oprawa:\u00a0<span class=\"meta-value-bold\">Mi\u0119kka ze skrzyde\u0142kami<\/span><\/div>\n<div>Format:\u00a0<span class=\"meta-value-bold\">14.5&#215;22.0cm<\/span><\/div>\n<div>Liczba stron:\u00a0<span class=\"meta-value-bold\">282<\/span><\/div>\n<div>Wydanie:\u00a0<span class=\"meta-value-bold\">1<\/span><\/div>\n<div>Rok wydania:\u00a0<span class=\"meta-value-bold\">2025<\/span><\/div>\n<div>J\u0119zyk wydania:\u00a0<span class=\"meta-value-bold\">polski<\/span><\/div>\n<\/div>\n<div><\/div>\n<div>O ksi\u0105\u017cce:<br \/>\nWszystkie szale\u0144stwa naszych czas\u00f3w w powie\u015bci francuskiej pisarki urodzonej w Polsce<\/p>\n<p>Doskona\u0142e laboratorium ludzkich zachowa\u0144<br \/>\nSYLWIA CHUTNIK<br \/>\nB\u0142yskotliwa i komiczna powie\u015b\u0107, kt\u00f3ra ods\u0142ania wszystkie szale\u0144stwa naszych czas\u00f3w.<br \/>\nLIRE MAGAZINE LITT\u00c9RAIRE<br \/>\nZamo\u017cna francuska rodzina Simart-Duteil\u00f3w trafia na pierwsze strony gazet, gdy jej cz\u0142onkowie barykaduj\u0105 si\u0119 w swojej normandzkiej posiad\u0142o\u015bci. Czytelnik \u015bledzi wydarzenia w 2015 roku, poprzedzaj\u0105cym t\u0119 dobrowoln\u0105 izolacj\u0119. Na pocz\u0105tku wszystko wydaje si\u0119 idealne: zadbane dzieci, eleganccy rodzice, pi\u0119kny dom, klinika chirurgii plastycznej i karty cz\u0142onkowskie presti\u017cowych klub\u00f3w. Wiecznie m\u0142oda wdowa Isabella oraz jej dzieci \u2013 Samuel, Paul, Clothilde \u2013 wiod\u0105 wygodne, luksusowe \u017cycie. A\u017c do chwili, kiedy niespodziewanie do ich drzwi puka Obcy. Kim jest i dlaczego wywo\u0142uje tak\u0105 panik\u0119?<br \/>\nT\u0119 powie\u015b\u0107 czyta si\u0119 w napi\u0119ciu, jakby ogl\u0105da\u0142o si\u0119 dynamiczny spektakl teatralny albo bardzo dobry film. A\u017c do zupe\u0142nie nieprzewidywalnego fina\u0142u.<br \/>\nO autorce:<br \/>\nKINGA WYRZYKOWSKA &#8211; francuska pisarka urodzona w Warszawie. Na pocz\u0105tku lat 80. przenios\u0142a si\u0119 z rodzicami do Francji. Po studiach z literatury w Pary\u017cu bra\u0142a udzia\u0142 w r\u00f3\u017cnych projektach teatralnych i audiowizualnych. Za powie\u015b\u0107 Porz\u0105dni ludzie otrzyma\u0142a we Francji presti\u017cow\u0105 Nagrod\u0119 Fran\u00e7oise Sagan 2023.<\/p><\/div>\n","protected":false},"excerpt":{"rendered":"<p>Autor: Kinga Wyrzykowska T\u0142umacze:\u00a0Dorota Malina Ilustracje:\u00a0Pawu\u0142a Wydawca:\u00a0Nowe Oprawa:\u00a0Mi\u0119kka ze skrzyde\u0142kami [&hellip;]<\/p>\n","protected":false},"featured_media":20798,"template":"","meta":[],"product_brand":[],"product_cat":[7707,7530],"product_tag":[8586],"class_list":{"0":"post-20797","1":"product","2":"type-product","3":"status-publish","4":"has-post-thumbnail","6":"product_cat-literatura","7":"product_cat-nowosci","8":"product_tag-powiesc-farncuska","10":"first","11":"instock","12":"sale","13":"shipping-taxable","14":"purchasable","15":"product-type-simple"},"_links":{"self":[{"href":"https:\/\/ksiegarnia-akademicka.pl\/index.php\/wp-json\/wp\/v2\/product\/20797","targetHints":{"allow":["GET"]}}],"collection":[{"href":"https:\/\/ksiegarnia-akademicka.pl\/index.php\/wp-json\/wp\/v2\/product"}],"about":[{"href":"https:\/\/ksiegarnia-akademicka.pl\/index.php\/wp-json\/wp\/v2\/types\/product"}],"wp:featuredmedia":[{"embeddable":true,"href":"https:\/\/ksiegarnia-akademicka.pl\/index.php\/wp-json\/wp\/v2\/media\/20798"}],"wp:attachment":[{"href":"https:\/\/ksiegarnia-akademicka.pl\/index.php\/wp-json\/wp\/v2\/media?parent=20797"}],"wp:term":[{"taxonomy":"product_brand","embeddable":true,"href":"https:\/\/ksiegarnia-akademicka.pl\/index.php\/wp-json\/wp\/v2\/product_brand?post=20797"},{"taxonomy":"product_cat","embeddable":true,"href":"https:\/\/ksiegarnia-akademicka.pl\/index.php\/wp-json\/wp\/v2\/product_cat?post=20797"},{"taxonomy":"product_tag","embeddable":true,"href":"https:\/\/ksiegarnia-akademicka.pl\/index.php\/wp-json\/wp\/v2\/product_tag?post=20797"}],"curies":[{"name":"wp","href":"https:\/\/api.w.org\/{rel}","templated":true}]}}