{"id":20782,"date":"2025-04-08T09:23:14","date_gmt":"2025-04-08T07:23:14","guid":{"rendered":"http:\/\/ksiegarnia-akademicka.pl\/?post_type=product&#038;p=20782"},"modified":"2025-04-08T09:23:15","modified_gmt":"2025-04-08T07:23:15","slug":"zwolnienie-osob-fizycznych-od-kosztow-sadowych-w-sprawach-cywilnych-zagadnienia-praktyczne","status":"publish","type":"product","link":"https:\/\/ksiegarnia-akademicka.pl\/index.php\/product\/zwolnienie-osob-fizycznych-od-kosztow-sadowych-w-sprawach-cywilnych-zagadnienia-praktyczne\/","title":{"rendered":"Zwolnienie os\u00f3b fizycznych od koszt\u00f3w s\u0105dowych w sprawach cywilnych. Zagadnienia praktyczne"},"content":{"rendered":"<div class=\"grupa osoby\"><span class=\"meta-head\">Autor:<\/span><\/p>\n<ul>\n<li class=\"meta-value\">Aleksandra Partyk<\/li>\n<\/ul>\n<\/div>\n<div class=\"grupa wydawca\"><span class=\"meta-head\">Wydawca:<\/span>\u00a0Wolters Kluwer<\/div>\n<div class=\"grupa dane\">\n<div>Oprawa:\u00a0<span class=\"meta-value-bold\">Twarda<\/span><\/div>\n<div>Liczba stron:\u00a0<span class=\"meta-value-bold\">296<\/span><\/div>\n<div>Wydanie:\u00a0<span class=\"meta-value-bold\">1<\/span><\/div>\n<div>Rok wydania:\u00a0<span class=\"meta-value-bold\">2025<\/span><\/div>\n<div>J\u0119zyk wydania:\u00a0<span class=\"meta-value-bold\">polski<\/span><\/div>\n<\/div>\n<div><\/div>\n<div>W publikacji przedstawiono problematyk\u0119 zwolnienia strony b\u0119d\u0105cej osob\u0105 fizyczn\u0105 z koszt\u00f3w s\u0105dowych w sprawach cywilnych. Praca powsta\u0142a na podstawie analizy przepis\u00f3w kluczowych akt\u00f3w prawnych, pogl\u0105d\u00f3w wyra\u017conych w doktrynie, a tak\u017ce judykatury zar\u00f3wno Europejskiego Trybuna\u0142u Praw Cz\u0142owieka, jak i s\u0105d\u00f3w krajowych oraz Trybuna\u0142u Konstytucyjnego.<br \/>\nAutorka omawia m.in. przes\u0142anki merytoryczne zwolnienia z koszt\u00f3w s\u0105dowych, aspekty proceduralne oraz kwesti\u0119 cofania zwolnienia z koszt\u00f3w s\u0105dowych, uwzgl\u0119dniaj\u0105c dorobek orzecznictwa i aktualn\u0105 praktyk\u0119 s\u0105dow\u0105.<br \/>\nRozwa\u017cania te zosta\u0142y wzbogacone o wywiady z s\u0119dziami i referendarzami, kt\u00f3rzy odnie\u015bli si\u0119 do tytu\u0142owego zagadnienia na podstawie swoich do\u015bwiadcze\u0144 zawodowych z praktyki orzeczniczej.<br \/>\nPublikacja jest przeznaczona przede wszystkim dla s\u0119dzi\u00f3w, referendarzy s\u0105dowych i asystent\u00f3w s\u0119dzi\u00f3w. B\u0119dzie przydatna r\u00f3wnie\u017c dla adwokat\u00f3w, radc\u00f3w prawnych i aplikant\u00f3w zawod\u00f3w prawniczych.<\/div>\n","protected":false},"excerpt":{"rendered":"<p>Autor: Aleksandra Partyk Wydawca:\u00a0Wolters Kluwer Oprawa:\u00a0Twarda Liczba stron:\u00a0296 Wydanie:\u00a01 Rok [&hellip;]<\/p>\n","protected":false},"featured_media":20783,"template":"","meta":[],"product_brand":[],"product_cat":[7491,7530,18],"product_tag":[668,615],"class_list":{"0":"post-20782","1":"product","2":"type-product","3":"status-publish","4":"has-post-thumbnail","6":"product_cat-cywilne","7":"product_cat-nowosci","8":"product_cat-prawo","9":"product_tag-koszty-sadowe","10":"product_tag-prawo-cywilne","12":"first","13":"instock","14":"sale","15":"shipping-taxable","16":"purchasable","17":"product-type-simple"},"_links":{"self":[{"href":"https:\/\/ksiegarnia-akademicka.pl\/index.php\/wp-json\/wp\/v2\/product\/20782","targetHints":{"allow":["GET"]}}],"collection":[{"href":"https:\/\/ksiegarnia-akademicka.pl\/index.php\/wp-json\/wp\/v2\/product"}],"about":[{"href":"https:\/\/ksiegarnia-akademicka.pl\/index.php\/wp-json\/wp\/v2\/types\/product"}],"wp:featuredmedia":[{"embeddable":true,"href":"https:\/\/ksiegarnia-akademicka.pl\/index.php\/wp-json\/wp\/v2\/media\/20783"}],"wp:attachment":[{"href":"https:\/\/ksiegarnia-akademicka.pl\/index.php\/wp-json\/wp\/v2\/media?parent=20782"}],"wp:term":[{"taxonomy":"product_brand","embeddable":true,"href":"https:\/\/ksiegarnia-akademicka.pl\/index.php\/wp-json\/wp\/v2\/product_brand?post=20782"},{"taxonomy":"product_cat","embeddable":true,"href":"https:\/\/ksiegarnia-akademicka.pl\/index.php\/wp-json\/wp\/v2\/product_cat?post=20782"},{"taxonomy":"product_tag","embeddable":true,"href":"https:\/\/ksiegarnia-akademicka.pl\/index.php\/wp-json\/wp\/v2\/product_tag?post=20782"}],"curies":[{"name":"wp","href":"https:\/\/api.w.org\/{rel}","templated":true}]}}