{"id":20778,"date":"2025-04-08T09:18:28","date_gmt":"2025-04-08T07:18:28","guid":{"rendered":"http:\/\/ksiegarnia-akademicka.pl\/?post_type=product&#038;p=20778"},"modified":"2025-04-08T09:18:29","modified_gmt":"2025-04-08T07:18:29","slug":"wprowadzenie-do-elektroniki-i-elektrotechniki-tom-1-4","status":"publish","type":"product","link":"https:\/\/ksiegarnia-akademicka.pl\/index.php\/product\/wprowadzenie-do-elektroniki-i-elektrotechniki-tom-1-4\/","title":{"rendered":"Wprowadzenie do elektroniki i elektrotechniki Tom 1-4"},"content":{"rendered":"<div class=\"grupa osoby\"><span class=\"meta-head\">Autor:<\/span><\/p>\n<ul>\n<li class=\"meta-value\">Allan R. Hambley<\/li>\n<\/ul>\n<\/div>\n<div class=\"grupa osoby\"><span class=\"meta-head-blue\">T\u0142umacze:<\/span>\u00a0<span class=\"meta-value\">Pu\u0142ka Andrzej<\/span><\/div>\n<div class=\"grupa wydawca\"><span class=\"meta-head\">Wydawca:<\/span>\u00a0Wydawnictwo Naukowe PWN<\/div>\n<div class=\"grupa dane\">\n<div>Oprawa:\u00a0<span class=\"meta-value-bold\">Mi\u0119kka<\/span><\/div>\n<div>Format:\u00a0<span class=\"meta-value-bold\">21.0&#215;29.5cm<\/span><\/div>\n<div>Liczba stron:\u00a0<span class=\"meta-value-bold\">1056<\/span><\/div>\n<div>Wydanie:\u00a0<span class=\"meta-value-bold\">1<\/span><\/div>\n<div>Rok wydania:\u00a0<span class=\"meta-value-bold\">2025<\/span><\/div>\n<div>J\u0119zyk wydania:\u00a0<span class=\"meta-value-bold\">polski<\/span><\/div>\n<\/div>\n<div><\/div>\n<div>Pierwsza cz\u0119\u015b\u0107 tej kultowej pozycji z zakresu elektrotechniki, elektroniki oraz obwod\u00f3w magnetycznych i maszyn elektrycznych dotyczy teorii obwod\u00f3w elektrycznych od pr\u0105d\u00f3w sta\u0142ych do pr\u0105d\u00f3w przemiennych, zar\u00f3wno stan\u00f3w ustalonych, jak i stan\u00f3w nieustalonych (przej\u015bciowych). Obejmuje takie zagadnienia jak: obwody rezystancyjne, indukcyjno\u015b\u0107 i pojemno\u015b\u0107, stany nieustalone, analiza stan\u00f3w ustalonych w obwodach pr\u0105du sinusoidalnego, charakterystyki cz\u0119stotliwo\u015bciowe, wykresy Bode\u2019go i rezonanse.<br \/>\nDruga cz\u0119\u015b\u0107 tej kultowej pozycji z zakresu elektrotechniki, elektroniki oraz obwod\u00f3w magnetycznych i maszyn elektrycznychdotyczy system\u00f3w cyfrowych i obejmuje takie zagadnienia jak: uk\u0142ady logiczne, komputery, mikrokontrolery oraz komputerowe systemy pomiarowe.<br \/>\nTrzecia cz\u0119\u015b\u0107 tej kultowej pozycji z zakresu elektrotechniki, elektroniki oraz obwod\u00f3w magnetycznych i maszyn elektrycznych dotyczy uk\u0142ad\u00f3w i urz\u0105dze\u0144 elektrycznych. Obejmuje takie zagadnienia jak: diody, wzmacniacze, tranzystory polowe i bipolarne, wzmacniacze operacyjne. Na szczeg\u00f3ln\u0105 uwag\u0119 zas\u0142uguje oryginalny spos\u00f3b przedstawienia tych zagadnie\u0144, kt\u00f3ry odbiega nieco od klasycznych polskich podr\u0119cznik\u00f3w. Czwarta cz\u0119\u015b\u0107 tej kultowej pozycji z zakresu elektrotechniki, elektroniki oraz obwod\u00f3w magnetycznych i maszyn elektrycznychdotyczy elektromechaniki. Obejmuje takie zagadnienia jak: obwody magnetyczne i transformatory, maszyny pr\u0105du sta\u0142ego oraz maszyny pr\u0105du przemiennego. Dodatkowym elementem opisanym w ksi\u0105\u017cce s\u0105 generatory napi\u0119cia (pr\u0105dnice).<\/div>\n","protected":false},"excerpt":{"rendered":"<p>Autor: Allan R. Hambley T\u0142umacze:\u00a0Pu\u0142ka Andrzej Wydawca:\u00a0Wydawnictwo Naukowe PWN Oprawa:\u00a0Mi\u0119kka [&hellip;]<\/p>\n","protected":false},"featured_media":20779,"template":"","meta":[],"product_brand":[],"product_cat":[8191,41,7530],"product_tag":[120,119],"class_list":{"0":"post-20778","1":"product","2":"type-product","3":"status-publish","4":"has-post-thumbnail","6":"product_cat-elektrotechnika","7":"product_cat-nauki-techniczne","8":"product_cat-nowosci","9":"product_tag-elektronika","10":"product_tag-elektrotechnika","12":"first","13":"instock","14":"sale","15":"shipping-taxable","16":"purchasable","17":"product-type-simple"},"_links":{"self":[{"href":"https:\/\/ksiegarnia-akademicka.pl\/index.php\/wp-json\/wp\/v2\/product\/20778","targetHints":{"allow":["GET"]}}],"collection":[{"href":"https:\/\/ksiegarnia-akademicka.pl\/index.php\/wp-json\/wp\/v2\/product"}],"about":[{"href":"https:\/\/ksiegarnia-akademicka.pl\/index.php\/wp-json\/wp\/v2\/types\/product"}],"wp:featuredmedia":[{"embeddable":true,"href":"https:\/\/ksiegarnia-akademicka.pl\/index.php\/wp-json\/wp\/v2\/media\/20779"}],"wp:attachment":[{"href":"https:\/\/ksiegarnia-akademicka.pl\/index.php\/wp-json\/wp\/v2\/media?parent=20778"}],"wp:term":[{"taxonomy":"product_brand","embeddable":true,"href":"https:\/\/ksiegarnia-akademicka.pl\/index.php\/wp-json\/wp\/v2\/product_brand?post=20778"},{"taxonomy":"product_cat","embeddable":true,"href":"https:\/\/ksiegarnia-akademicka.pl\/index.php\/wp-json\/wp\/v2\/product_cat?post=20778"},{"taxonomy":"product_tag","embeddable":true,"href":"https:\/\/ksiegarnia-akademicka.pl\/index.php\/wp-json\/wp\/v2\/product_tag?post=20778"}],"curies":[{"name":"wp","href":"https:\/\/api.w.org\/{rel}","templated":true}]}}