{"id":20772,"date":"2025-04-08T09:11:16","date_gmt":"2025-04-08T07:11:16","guid":{"rendered":"http:\/\/ksiegarnia-akademicka.pl\/?post_type=product&#038;p=20772"},"modified":"2025-04-08T09:11:17","modified_gmt":"2025-04-08T07:11:17","slug":"kolagenoterapia-iniekcyjna","status":"publish","type":"product","link":"https:\/\/ksiegarnia-akademicka.pl\/index.php\/product\/kolagenoterapia-iniekcyjna\/","title":{"rendered":"Kolagenoterapia iniekcyjna"},"content":{"rendered":"<div class=\"grupa osoby\"><span class=\"meta-head\">Autor:<\/span><\/p>\n<ul>\n<li class=\"meta-value\">Kamil Koszela<\/li>\n<\/ul>\n<\/div>\n<div class=\"grupa wydawca\"><span class=\"meta-head\">Wydawca:<\/span>\u00a0Medical Tribune<\/div>\n<div class=\"grupa dane\">\n<div>Oprawa:\u00a0<span class=\"meta-value-bold\">Mi\u0119kka<\/span><\/div>\n<div>Format:\u00a0<span class=\"meta-value-bold\">19.3&#215;12.7cm<\/span><\/div>\n<div>Liczba stron:\u00a0<span class=\"meta-value-bold\">248<\/span><\/div>\n<div>Rok wydania:\u00a0<span class=\"meta-value-bold\">2025<\/span><\/div>\n<div>J\u0119zyk wydania:\u00a0<span class=\"meta-value-bold\">polski<\/span><\/div>\n<\/div>\n<div><\/div>\n<div>Kolagenoterapia iniekcyjna \u2013 wst\u0119p . . . . . . . . . . . . . . . . . . 9<br \/>\nKamil Koszela<br \/>\nKolagenoterapia iniekcyjna w chorobie zwyrodnieniowej<br \/>\ni entezopatiach . . . . . . . . . . . . . . . . . . . . . . . . . . . . . . . . . . . . 18<br \/>\nKamil Koszela<br \/>\nKolagenoterapia iniekcyjna w zespole b\u00f3lowym<br \/>\nkr\u0119gos\u0142upa . . . . . . . . . . . . . . . . . . . . . . . . . . . . . . . . . . . . . . . . 45<br \/>\nKamil Koszela<br \/>\nZastosowanie iniekcji kolagenu w terapii b\u00f3lu<br \/>\nmi\u0119\u015bniowo-powi\u0119ziowego mi\u0119\u015bni \u017cucia . . . . . . . . . . . . . . . 56<br \/>\nAleksandra Nitecka-Buchta, Stefan Baron<br \/>\nRehabilitacja a kolagenoterapia iniekcyjna . . . . . . . . . . . . 85<br \/>\nMicha\u0142 S\u0142upi\u0144ski, Kamil Koszela<br \/>\nKolagenoterapia iniekcyjna w medycynie paliatywnej . . . 97<br \/>\nElwira G\u00f3raj<br \/>\nKolagenoterapia iniekcyjna w leczeniu cukrzycowych<br \/>\nowrzodze\u0144 st\u00f3p . . . . . . . . . . . . . . . . . . . . . . . . . . . . . . . . . . . . 126<br \/>\nMagdalena Maj<br \/>\nZastosowanie tropokolagenu I w trudno goj\u0105cych<br \/>\nsi\u0119 ranach, owrzodzeniach i oparzeniach . . . . . . . . . . . . . . 156<br \/>\nAgata Biedulska<br \/>\nKolagenoterapia iniekcyjna w nietrzymaniu moczu . . . . . 181<br \/>\nMa\u0142gorzata Jerzak<br \/>\nKolagenoterapia iniekcyjna w medycynie estetycznej . . 201<br \/>\nDorota Bednarczyk-Kocwa<br \/>\nZastosowanie tropokolagenu w stomatologii . . . . . . . . . . 226<br \/>\nMarta Kryczka<\/div>\n","protected":false},"excerpt":{"rendered":"<p>Autor: Kamil Koszela Wydawca:\u00a0Medical Tribune Oprawa:\u00a0Mi\u0119kka Format:\u00a019.3&#215;12.7cm Liczba stron:\u00a0248 Rok [&hellip;]<\/p>\n","protected":false},"featured_media":20773,"template":"","meta":[],"product_brand":[],"product_cat":[7493,7530,8309],"product_tag":[8584,4853],"class_list":{"0":"post-20772","1":"product","2":"type-product","3":"status-publish","4":"has-post-thumbnail","6":"product_cat-medycyna","7":"product_cat-nowosci","8":"product_cat-ortopedia","9":"product_tag-kolagenoterapia","10":"product_tag-ortopedia","12":"first","13":"instock","14":"sale","15":"shipping-taxable","16":"purchasable","17":"product-type-simple"},"_links":{"self":[{"href":"https:\/\/ksiegarnia-akademicka.pl\/index.php\/wp-json\/wp\/v2\/product\/20772","targetHints":{"allow":["GET"]}}],"collection":[{"href":"https:\/\/ksiegarnia-akademicka.pl\/index.php\/wp-json\/wp\/v2\/product"}],"about":[{"href":"https:\/\/ksiegarnia-akademicka.pl\/index.php\/wp-json\/wp\/v2\/types\/product"}],"wp:featuredmedia":[{"embeddable":true,"href":"https:\/\/ksiegarnia-akademicka.pl\/index.php\/wp-json\/wp\/v2\/media\/20773"}],"wp:attachment":[{"href":"https:\/\/ksiegarnia-akademicka.pl\/index.php\/wp-json\/wp\/v2\/media?parent=20772"}],"wp:term":[{"taxonomy":"product_brand","embeddable":true,"href":"https:\/\/ksiegarnia-akademicka.pl\/index.php\/wp-json\/wp\/v2\/product_brand?post=20772"},{"taxonomy":"product_cat","embeddable":true,"href":"https:\/\/ksiegarnia-akademicka.pl\/index.php\/wp-json\/wp\/v2\/product_cat?post=20772"},{"taxonomy":"product_tag","embeddable":true,"href":"https:\/\/ksiegarnia-akademicka.pl\/index.php\/wp-json\/wp\/v2\/product_tag?post=20772"}],"curies":[{"name":"wp","href":"https:\/\/api.w.org\/{rel}","templated":true}]}}