{"id":20747,"date":"2025-04-04T09:49:05","date_gmt":"2025-04-04T07:49:05","guid":{"rendered":"http:\/\/ksiegarnia-akademicka.pl\/?post_type=product&#038;p=20747"},"modified":"2025-04-04T09:49:07","modified_gmt":"2025-04-04T07:49:07","slug":"sprawozdawczy-rachunek-kosztow-w-systemie-informacyjnym-przedsiebiorstwa-2","status":"publish","type":"product","link":"https:\/\/ksiegarnia-akademicka.pl\/index.php\/product\/sprawozdawczy-rachunek-kosztow-w-systemie-informacyjnym-przedsiebiorstwa-2\/","title":{"rendered":"Sprawozdawczy rachunek koszt\u00f3w w systemie informacyjnym przedsi\u0119biorstwa"},"content":{"rendered":"<div class=\"grupa osoby\"><span class=\"meta-head\">Autor:<\/span><\/p>\n<ul>\n<li class=\"meta-value\">Konrad Kocha\u0144ski<\/li>\n<li class=\"meta-value\">Hanna Czaja-Cieszy\u0144ska<\/li>\n<li class=\"meta-value\">Beata Sadowska<\/li>\n<li class=\"meta-value\">Adam Lulek<\/li>\n<\/ul>\n<\/div>\n<div class=\"grupa wydawca\"><span class=\"meta-head\">Wydawca:<\/span>\u00a0CeDeWu<\/div>\n<div class=\"grupa dane\">\n<div>Oprawa:\u00a0<span class=\"meta-value-bold\">Mi\u0119kka<\/span><\/div>\n<div>Format:\u00a0<span class=\"meta-value-bold\">16.5&#215;23.5cm<\/span><\/div>\n<div>Liczba stron:\u00a0<span class=\"meta-value-bold\">242<\/span><\/div>\n<div>Rok wydania:\u00a0<span class=\"meta-value-bold\">2025<\/span><\/div>\n<div>J\u0119zyk wydania:\u00a0<span class=\"meta-value-bold\">polski<\/span><\/div>\n<\/div>\n<div><\/div>\n<div>Koszty stanowi\u0105 jedn\u0105 z najwa\u017cniejszych kategorii ekonomicznych, a efektywne zarz\u0105dzanie nimi sta\u0142o si\u0119 konieczno\u015bci\u0105 dla wsp\u00f3\u0142czesnego przedsi\u0119biorstwa. Niniejsza publikacja to swoiste kompendium wiedzy na temat sprawozdawczego rachunku koszt\u00f3w, kt\u00f3ry &#8211; b\u0119d\u0105c fi larem rachunkowo\u015bci finansowej &#8211; jest odpowiedzialny za dostarczanie u\u017cytecznych informacji kosztowych zgodnych z przepisami regulacji bilansowych.<\/p>\n<p>W\u015br\u00f3d zaprezentowanych w ksi\u0105\u017cce zagadnie\u0144 s\u0105 m.in.:<br \/>\n&#8211; istota i przekroje klasyfikacyjne koszt\u00f3w,<br \/>\n&#8211; funkcje, zadania i odmiany rachunku koszt\u00f3w,<br \/>\n&#8211; pomiar koszt\u00f3w rodzajowych,<br \/>\n&#8211; rozliczanie koszt\u00f3w dzia\u0142alno\u015bci pomocniczej oraz koszt\u00f3w wydzia\u0142owych,<br \/>\n&#8211; rozliczanie koszt\u00f3w w czasie,<br \/>\n&#8211; rodzaje i metody kalkulacji koszt\u00f3w,<br \/>\n&#8211; raportowanie informacji kosztowych w sprawozdaniu finansowym.<\/p>\n<p>Ta przyst\u0119pna i jednocze\u015bnie sp\u00f3jna publikacja adresowana jest do os\u00f3b, kt\u00f3re interesuj\u0105 si\u0119 zarz\u0105dzaniem kosztami oraz pragn\u0105 zg\u0142\u0119bi\u0107 tajniki w szczeg\u00f3lno\u015bci sprawozdawczego (obligatoryjnego, ewidencyjnego, okresowego, systematycznego) rachunku koszt\u00f3w. Ze wzgl\u0119du na prosty j\u0119zyk, liczne schematy, przyk\u0142ady liczbowe i zadania sprawdzaj\u0105ce przedstawione w niej tre\u015bci s\u0105 \u0142atwiejsze w odbiorze.<\/p>\n<p>\u201e(&#8230;) Recenzowana praca jest interesuj\u0105ca i stanowi ciekawe opracowanie wskazuj\u0105ce na rol\u0119 pomiaru, ewidencji, przetwarzania i raportowania informacji o kosztach w ramach systematycznego rachunku koszt\u00f3w podmiot\u00f3w gospodarczych zobligowanych do stosowania prawa bilansowego. W pracy Autorzy umiej\u0119tnie \u0142\u0105cz\u0105 zagadnienia teoretyczne z ich zastosowaniem w praktyce&#8221;.<br \/>\nDr hab. Leszek Borowiec, fragment recenzji<\/p><\/div>\n","protected":false},"excerpt":{"rendered":"<p>Autor: Konrad Kocha\u0144ski Hanna Czaja-Cieszy\u0144ska Beata Sadowska Adam Lulek Wydawca:\u00a0CeDeWu [&hellip;]<\/p>\n","protected":false},"featured_media":20748,"template":"","meta":[],"product_brand":[],"product_cat":[7516,7530,31,23],"product_tag":[437,1221],"class_list":{"0":"post-20747","1":"product","2":"type-product","3":"status-publish","4":"has-post-thumbnail","6":"product_cat-finanse-przedsiebiorstwa","7":"product_cat-nowosci","8":"product_cat-przedsiebiorstwo","9":"product_cat-rachunkowosc","10":"product_tag-finanse-przedsiebiorstwa","11":"product_tag-rachunek-kosztow","13":"first","14":"instock","15":"sale","16":"shipping-taxable","17":"purchasable","18":"product-type-simple"},"_links":{"self":[{"href":"https:\/\/ksiegarnia-akademicka.pl\/index.php\/wp-json\/wp\/v2\/product\/20747","targetHints":{"allow":["GET"]}}],"collection":[{"href":"https:\/\/ksiegarnia-akademicka.pl\/index.php\/wp-json\/wp\/v2\/product"}],"about":[{"href":"https:\/\/ksiegarnia-akademicka.pl\/index.php\/wp-json\/wp\/v2\/types\/product"}],"wp:featuredmedia":[{"embeddable":true,"href":"https:\/\/ksiegarnia-akademicka.pl\/index.php\/wp-json\/wp\/v2\/media\/20748"}],"wp:attachment":[{"href":"https:\/\/ksiegarnia-akademicka.pl\/index.php\/wp-json\/wp\/v2\/media?parent=20747"}],"wp:term":[{"taxonomy":"product_brand","embeddable":true,"href":"https:\/\/ksiegarnia-akademicka.pl\/index.php\/wp-json\/wp\/v2\/product_brand?post=20747"},{"taxonomy":"product_cat","embeddable":true,"href":"https:\/\/ksiegarnia-akademicka.pl\/index.php\/wp-json\/wp\/v2\/product_cat?post=20747"},{"taxonomy":"product_tag","embeddable":true,"href":"https:\/\/ksiegarnia-akademicka.pl\/index.php\/wp-json\/wp\/v2\/product_tag?post=20747"}],"curies":[{"name":"wp","href":"https:\/\/api.w.org\/{rel}","templated":true}]}}