{"id":20743,"date":"2025-04-04T09:43:47","date_gmt":"2025-04-04T07:43:47","guid":{"rendered":"http:\/\/ksiegarnia-akademicka.pl\/?post_type=product&#038;p=20743"},"modified":"2025-04-04T09:43:48","modified_gmt":"2025-04-04T07:43:48","slug":"parki-technologiczne-jako-element-regionalnej-polityki-wsparcia-internacjonalizacji-innowacyjnych-firm-sektora-msp","status":"publish","type":"product","link":"https:\/\/ksiegarnia-akademicka.pl\/index.php\/product\/parki-technologiczne-jako-element-regionalnej-polityki-wsparcia-internacjonalizacji-innowacyjnych-firm-sektora-msp\/","title":{"rendered":"Parki technologiczne jako element regionalnej polityki wsparcia internacjonalizacji innowacyjnych firm sektora M\u015aP"},"content":{"rendered":"<div class=\"grupa osoby\"><span class=\"meta-head\">Autor:<\/span><\/p>\n<ul>\n<li class=\"meta-value\">Leszek Kwieci\u0144ski<\/li>\n<li class=\"meta-value\">Magdalena Stawicka<\/li>\n<li class=\"meta-value\">Mateusz B\u0142aszczyk<\/li>\n<\/ul>\n<\/div>\n<div class=\"grupa wydawca\"><span class=\"meta-head\">Wydawca:<\/span>\u00a0CeDeWu<\/div>\n<div class=\"grupa dane\">\n<div>Oprawa:\u00a0<span class=\"meta-value-bold\">Mi\u0119kka<\/span><\/div>\n<div>Format:\u00a0<span class=\"meta-value-bold\">16.5&#215;23.5cm<\/span><\/div>\n<div>Liczba stron:\u00a0<span class=\"meta-value-bold\">228<\/span><\/div>\n<div>Rok wydania:\u00a0<span class=\"meta-value-bold\">2025<\/span><\/div>\n<div>J\u0119zyk wydania:\u00a0<span class=\"meta-value-bold\">polski<\/span><\/div>\n<\/div>\n<div><\/div>\n<div>Gospodarka wiedzy, innowacyjno\u015b\u0107 i internacjonalizacja oraz pomoc publiczna to kluczowe poj\u0119cia, kt\u00f3re organizuj\u0105 wsp\u00f3\u0142czesn\u0105 debat\u0119 na temat rozwoju regionalnego. Dlatego te\u017c sta\u0142y si\u0119 centralnymi zagadnieniami dyskutowanymi w prezentowanej ksi\u0105\u017cce. Autorzy swoje zainteresowania koncentruj\u0105 na przedsi\u0119biorstwach-lokatorach park\u00f3w technologicznych w Polsce oraz samych parkach technologicznych, kt\u00f3re traktowane s\u0105 jako podstawowy instrument regionalnej polityki rozwoju.<\/p>\n<p>Monografia jest po\u0142\u0105czeniem teoretycznej refleksji nad perspektywami rozwoju gospodarczego z gruntownymi, wieloaspektowymi badaniami park\u00f3w technologicznych i operuj\u0105cych w nich przedsi\u0119biorstw. Celem przeprowadzonych bada\u0144 jest m.in. okre\u015blenie, na ile i w jakim zakresie parki technologiczne s\u0105 skutecznym narz\u0119dziem budowania gospodarki opartej na wiedzy i osi\u0105gania przewagi konkurencyjnej na tym polu.<\/p>\n<p>Zaprezentowane analizy przynosz\u0105 mi\u0119dzy innymi odpowiedzi na pytania o stopie\u0144 innowacyjno\u015bci i internacjonalizacji firm-lokator\u00f3w park\u00f3w technologicznych oraz kondycj\u0119 park\u00f3w technologicznych w Polsce, a tak\u017ce wp\u0142yw pomocy publicznej na rozw\u00f3j sektora innowacyjnych przedsi\u0119biorstw. Przeprowadzone studia empiryczne pozwalaj\u0105 te\u017c na zaprezentowanie po\u017c\u0105danego modelu funkcjonowania park\u00f3w technologicznych, a w szerszej perspektywie zasad skutecznej polityki regionalnej wpisuj\u0105cej si\u0119 we wsp\u00f3\u0142czesne teorie handlu i rozwoju endogennego.<\/p>\n<p>Ksi\u0105\u017cka kierowana jest do szerokiego grona odbiorc\u00f3w zainteresowanych zagadnieniami internacjonalizacji, innowacyjno\u015bci i polityki publicznej. Przedstawione w niej ustalenia mog\u0105 by\u0107 &#8211; zdaniem autor\u00f3w &#8211; ciekawe zar\u00f3wno dla czytelnik\u00f3w zajmuj\u0105cych si\u0119 tymi problemami od strony naukowej i poznawczej, jak te\u017c praktyk\u00f3w: menad\u017cer\u00f3w, decydent\u00f3w oraz ekspert\u00f3w zwi\u0105zanych z polityk\u0105 proinnowacyjn\u0105 i rozwojow\u0105.<\/p><\/div>\n","protected":false},"excerpt":{"rendered":"<p>Autor: Leszek Kwieci\u0144ski Magdalena Stawicka Mateusz B\u0142aszczyk Wydawca:\u00a0CeDeWu Oprawa:\u00a0Mi\u0119kka Format:\u00a016.5&#215;23.5cm [&hellip;]<\/p>\n","protected":false},"featured_media":20744,"template":"","meta":[],"product_brand":[],"product_cat":[17,7499,7530,7518,31],"product_tag":[337,1023,1625],"class_list":{"0":"post-20743","1":"product","2":"type-product","3":"status-publish","4":"has-post-thumbnail","6":"product_cat-ekonomia","7":"product_cat-makro-i-mikroekonomia","8":"product_cat-nowosci","9":"product_cat-przedsiebiorczosc","10":"product_cat-przedsiebiorstwo","11":"product_tag-ekonomia","12":"product_tag-msp","13":"product_tag-parki-technologiczne","15":"first","16":"instock","17":"sale","18":"shipping-taxable","19":"purchasable","20":"product-type-simple"},"_links":{"self":[{"href":"https:\/\/ksiegarnia-akademicka.pl\/index.php\/wp-json\/wp\/v2\/product\/20743","targetHints":{"allow":["GET"]}}],"collection":[{"href":"https:\/\/ksiegarnia-akademicka.pl\/index.php\/wp-json\/wp\/v2\/product"}],"about":[{"href":"https:\/\/ksiegarnia-akademicka.pl\/index.php\/wp-json\/wp\/v2\/types\/product"}],"wp:featuredmedia":[{"embeddable":true,"href":"https:\/\/ksiegarnia-akademicka.pl\/index.php\/wp-json\/wp\/v2\/media\/20744"}],"wp:attachment":[{"href":"https:\/\/ksiegarnia-akademicka.pl\/index.php\/wp-json\/wp\/v2\/media?parent=20743"}],"wp:term":[{"taxonomy":"product_brand","embeddable":true,"href":"https:\/\/ksiegarnia-akademicka.pl\/index.php\/wp-json\/wp\/v2\/product_brand?post=20743"},{"taxonomy":"product_cat","embeddable":true,"href":"https:\/\/ksiegarnia-akademicka.pl\/index.php\/wp-json\/wp\/v2\/product_cat?post=20743"},{"taxonomy":"product_tag","embeddable":true,"href":"https:\/\/ksiegarnia-akademicka.pl\/index.php\/wp-json\/wp\/v2\/product_tag?post=20743"}],"curies":[{"name":"wp","href":"https:\/\/api.w.org\/{rel}","templated":true}]}}