{"id":20724,"date":"2025-03-31T10:25:03","date_gmt":"2025-03-31T08:25:03","guid":{"rendered":"http:\/\/ksiegarnia-akademicka.pl\/?post_type=product&#038;p=20724"},"modified":"2025-03-31T10:25:03","modified_gmt":"2025-03-31T08:25:03","slug":"uchwaly-reklamowe-zagadnienia-prawne-i-legislacyjne","status":"publish","type":"product","link":"https:\/\/ksiegarnia-akademicka.pl\/index.php\/product\/uchwaly-reklamowe-zagadnienia-prawne-i-legislacyjne\/","title":{"rendered":"Uchwa\u0142y reklamowe Zagadnienia prawne i legislacyjne"},"content":{"rendered":"<div class=\"grupa osoby\"><span class=\"meta-head-blue\">Redakcja:<\/span>\u00a0<span class=\"meta-value\">Kru\u015b Maciej, Paw\u0142owski S\u0142awomir, Staniszewska Lucyna<\/span><\/div>\n<div class=\"grupa wydawca\"><span class=\"meta-head\">Wydawca:<\/span>\u00a0Wolters Kluwer<\/div>\n<div class=\"grupa dane\">\n<div>Oprawa:\u00a0<span class=\"meta-value-bold\">Twarda<\/span><\/div>\n<div>Liczba stron:\u00a0<span class=\"meta-value-bold\">132<\/span><\/div>\n<div>Wydanie:\u00a0<span class=\"meta-value-bold\">1<\/span><\/div>\n<div>Rok wydania:\u00a0<span class=\"meta-value-bold\">2025<\/span><\/div>\n<div>J\u0119zyk wydania:\u00a0<span class=\"meta-value-bold\">polski<\/span><\/div>\n<\/div>\n<div><\/div>\n<div>Publikacja kompleksowo omawia prawne i legislacyjne aspekty uchwa\u0142 reklamowych, kt\u00f3rych celem jest zapewnienie \u0142adu przestrzennego, ochrona krajobrazu, \u015brodowiska i bezpiecze\u0144stwa, oraz zapobieganie nadmiernemu nat\u0119\u017ceniu reklam.<\/p>\n<p>Opieraj\u0105c si\u0119 na orzecznictwie s\u0105d\u00f3w powszechnych i administracyjnych i pogl\u0105dach doktryny autorzy przedstawili zagadnienia dotycz\u0105ce m.in.:<br \/>\n\u2022 konstytucyjno\u015bci przepis\u00f3w uchwa\u0142 krajobrazowych, tj. problematyk\u0119 tzw. wyw\u0142aszczenia krajobrazowego, ze szczeg\u00f3lnym uwzgl\u0119dnieniem zasady pa\u0144stwa prawnego;<br \/>\n\u2022 audytu krajobrazowego w zestawieniu z uchwa\u0142\u0105 reklamow\u0105;<br \/>\n\u2022 korelacji mi\u0119dzy uchwa\u0142\u0105 krajobrazow\u0105 a zasad\u0105 dobrego s\u0105siedztwa przy ustalaniu warunk\u00f3w zabudowy dla obiekt\u00f3w reklamowych;<br \/>\n\u2022 reklamy cyfrowej i light pollution;<br \/>\n\u2022 nieuczciwej reklamy w przestrzeni publicznej, a tak\u017ce wskazali na zmiany, kt\u00f3re powinny zosta\u0107 wdro\u017cone zar\u00f3wno na szczeblu ustawodawczym, jak i samorz\u0105dowym.<\/p>\n<p>Artyku\u0142y zawarte w publikacji powsta\u0142y na podstawie referat\u00f3w wyg\u0142oszonych przez autor\u00f3w podczas konferencji zorganizowanej na Wydziale Prawa i Administracji Uniwersytetu im. Adama Mickiewicza w Poznaniu we wsp\u00f3\u0142pracy z Wydzia\u0142em Urbanistyki i Architektury Urz\u0119du Miasta<br \/>\nPoznania.<\/p>\n<p>Opracowanie przeznaczone jest dla prawnik\u00f3w, architekt\u00f3w, urbanist\u00f3w oraz pracownik\u00f3w administracji publicznej. Zainteresuje przedstawicieli jednostek samorz\u0105du terytorialnego, w szczeg\u00f3lno\u015bci odpowiedzialnych za zagadnienia zwi\u0105zane z planowaniem przestrzennym.<\/p><\/div>\n","protected":false},"excerpt":{"rendered":"<p>Redakcja:\u00a0Kru\u015b Maciej, Paw\u0142owski S\u0142awomir, Staniszewska Lucyna Wydawca:\u00a0Wolters Kluwer Oprawa:\u00a0Twarda Liczba [&hellip;]<\/p>\n","protected":false},"featured_media":20725,"template":"","meta":[],"product_brand":[],"product_cat":[7492,7530,18],"product_tag":[5037,8580],"class_list":{"0":"post-20724","1":"product","2":"type-product","3":"status-publish","4":"has-post-thumbnail","6":"product_cat-administracyjne","7":"product_cat-nowosci","8":"product_cat-prawo","9":"product_tag-seria-monografie","10":"product_tag-uchwaly-reklamowe","12":"first","13":"instock","14":"sale","15":"shipping-taxable","16":"purchasable","17":"product-type-simple"},"_links":{"self":[{"href":"https:\/\/ksiegarnia-akademicka.pl\/index.php\/wp-json\/wp\/v2\/product\/20724","targetHints":{"allow":["GET"]}}],"collection":[{"href":"https:\/\/ksiegarnia-akademicka.pl\/index.php\/wp-json\/wp\/v2\/product"}],"about":[{"href":"https:\/\/ksiegarnia-akademicka.pl\/index.php\/wp-json\/wp\/v2\/types\/product"}],"wp:featuredmedia":[{"embeddable":true,"href":"https:\/\/ksiegarnia-akademicka.pl\/index.php\/wp-json\/wp\/v2\/media\/20725"}],"wp:attachment":[{"href":"https:\/\/ksiegarnia-akademicka.pl\/index.php\/wp-json\/wp\/v2\/media?parent=20724"}],"wp:term":[{"taxonomy":"product_brand","embeddable":true,"href":"https:\/\/ksiegarnia-akademicka.pl\/index.php\/wp-json\/wp\/v2\/product_brand?post=20724"},{"taxonomy":"product_cat","embeddable":true,"href":"https:\/\/ksiegarnia-akademicka.pl\/index.php\/wp-json\/wp\/v2\/product_cat?post=20724"},{"taxonomy":"product_tag","embeddable":true,"href":"https:\/\/ksiegarnia-akademicka.pl\/index.php\/wp-json\/wp\/v2\/product_tag?post=20724"}],"curies":[{"name":"wp","href":"https:\/\/api.w.org\/{rel}","templated":true}]}}