{"id":20716,"date":"2025-03-31T09:53:37","date_gmt":"2025-03-31T07:53:37","guid":{"rendered":"http:\/\/ksiegarnia-akademicka.pl\/?post_type=product&#038;p=20716"},"modified":"2025-03-31T09:53:37","modified_gmt":"2025-03-31T07:53:37","slug":"ustawa-o-rachunkowosci-komentarz-2","status":"publish","type":"product","link":"https:\/\/ksiegarnia-akademicka.pl\/index.php\/product\/ustawa-o-rachunkowosci-komentarz-2\/","title":{"rendered":"Ustawa o rachunkowo\u015bci Komentarz"},"content":{"rendered":"<div class=\"grupa osoby\"><span class=\"meta-head-blue\">Redakcja:<\/span>\u00a0<span class=\"meta-value\">Wali\u0144ska Ewa<\/span><\/div>\n<div class=\"grupa wydawca\"><span class=\"meta-head\">Wydawca:<\/span>\u00a0Wolters Kluwer<\/div>\n<div class=\"grupa dane\">\n<div>Oprawa:\u00a0<span class=\"meta-value-bold\">Twarda<\/span><\/div>\n<div>Liczba stron:\u00a0<span class=\"meta-value-bold\">990<\/span><\/div>\n<div>Wydanie:\u00a0<span class=\"meta-value-bold\">7<\/span><\/div>\n<div>Rok wydania:\u00a0<span class=\"meta-value-bold\">2025<\/span><\/div>\n<div>J\u0119zyk wydania:\u00a0<span class=\"meta-value-bold\">polski<\/span><\/div>\n<\/div>\n<div><\/div>\n<div>W Komentarzu, opr\u00f3cz wyczerpuj\u0105cej analizy przepis\u00f3w, znalaz\u0142y si\u0119 przyk\u0142ady liczbowe odzwierciedlaj\u0105ce uj\u0119cie skutk\u00f3w finansowych prezentowanych zagadnie\u0144 w sprawozdaniach finansowych, a tak\u017ce odnosz\u0105ce si\u0119 do ewidencji ksi\u0119gowej. Zamieszczono w nim ponadto najwa\u017cniejsze zapisy zawarte w Krajowych Standardach Rachunkowo\u015bci.<\/p>\n<p>Si\u00f3dme wydanie uwzgl\u0119dnia m.in. zmiany zwi\u0105zane z wprowadzeniem nowych element\u00f3w sprawozdawczo\u015bci jednostki, w tym sprawozdania o podatku dochodowym, a tak\u017ce sprawozdawczo\u015bci zr\u00f3wnowa\u017conego rozwoju (ESG) oraz implementacji do polskiego porz\u0105dku prawnego regulacji tzw. dyrektywy delegowanej.<\/p>\n<p>Szczeg\u00f3lnie przydatne dla czytelnik\u00f3w b\u0119d\u0105:<\/p>\n<p>przyk\u0142ady alternatywnych sposob\u00f3w zastosowania przepis\u00f3w ustawy wraz z om\u00f3wieniem konsekwencji potencjalnych rozwi\u0105za\u0144 dla systemu ewidencji ksi\u0119gowej, sprawozdawczo\u015bci finansowej, jak r\u00f3wnie\u017c dla oceny sytuacji maj\u0105tkowej, finansowej i dokona\u0144 jednostki, a tak\u017ce dla oceny kierownictwa jednostki z efektywno\u015bci gospodarowania powierzonym kapita\u0142em;<br \/>\nwskaz\u00f3wki dotycz\u0105ce obowi\u0105zk\u00f3w kierownictwa jednostki oraz organ\u00f3w nadzorczych w zakresie rachunkowo\u015bci;<br \/>\nliczne odniesienia do skutk\u00f3w w zakresie podatku dochodowego wskazuj\u0105ce na konsekwencje wyst\u0119powania r\u00f3\u017cnic mi\u0119dzy prawem bilansowym i podatkowym w zasadach ustalania przychod\u00f3w i koszt\u00f3w;<br \/>\nopisy sytuacji praktycznych, pozwalaj\u0105ce na lepsze zrozumienie omawianych zagadnie\u0144.<br \/>\nAutorzy Komentarza to w znakomitej wi\u0119kszo\u015bci pracownicy naukowo-dydaktyczni Katedry Rachunkowo\u015bci na Wydziale Zarz\u0105dzania U\u0141, a tak\u017ce praktycy, kt\u00f3rzy na co dzie\u0144 pe\u0142ni\u0105 funkcje kierownicze w przedsi\u0119biorstwach, s\u0105 bieg\u0142ymi rewidentami oraz doradcami podatkowymi, prowadz\u0105 r\u00f3\u017cnego rodzaju szkolenia; nale\u017c\u0105 te\u017c do szerokiego grona eksperckiego, z kt\u00f3rego opinii i ekspertyz korzysta wiele podmiot\u00f3w gospodarczych.<\/p>\n<p>Publikacja jest przeznaczona dla ksi\u0119gowych, bieg\u0142ych rewident\u00f3w, dyrektor\u00f3w finansowych oraz doradc\u00f3w podatkowych i analityk\u00f3w finansowych.<\/p><\/div>\n","protected":false},"excerpt":{"rendered":"<p>Redakcja:\u00a0Wali\u0144ska Ewa Wydawca:\u00a0Wolters Kluwer Oprawa:\u00a0Twarda Liczba stron:\u00a0990 Wydanie:\u00a07 Rok wydania:\u00a02025 [&hellip;]<\/p>\n","protected":false},"featured_media":20717,"template":"","meta":[],"product_brand":[],"product_cat":[7530,23],"product_tag":[1497,1496],"class_list":{"0":"post-20716","1":"product","2":"type-product","3":"status-publish","4":"has-post-thumbnail","6":"product_cat-nowosci","7":"product_cat-rachunkowosc","8":"product_tag-komentarz","9":"product_tag-rachunkowosc","11":"first","12":"instock","13":"sale","14":"shipping-taxable","15":"purchasable","16":"product-type-simple"},"_links":{"self":[{"href":"https:\/\/ksiegarnia-akademicka.pl\/index.php\/wp-json\/wp\/v2\/product\/20716","targetHints":{"allow":["GET"]}}],"collection":[{"href":"https:\/\/ksiegarnia-akademicka.pl\/index.php\/wp-json\/wp\/v2\/product"}],"about":[{"href":"https:\/\/ksiegarnia-akademicka.pl\/index.php\/wp-json\/wp\/v2\/types\/product"}],"wp:featuredmedia":[{"embeddable":true,"href":"https:\/\/ksiegarnia-akademicka.pl\/index.php\/wp-json\/wp\/v2\/media\/20717"}],"wp:attachment":[{"href":"https:\/\/ksiegarnia-akademicka.pl\/index.php\/wp-json\/wp\/v2\/media?parent=20716"}],"wp:term":[{"taxonomy":"product_brand","embeddable":true,"href":"https:\/\/ksiegarnia-akademicka.pl\/index.php\/wp-json\/wp\/v2\/product_brand?post=20716"},{"taxonomy":"product_cat","embeddable":true,"href":"https:\/\/ksiegarnia-akademicka.pl\/index.php\/wp-json\/wp\/v2\/product_cat?post=20716"},{"taxonomy":"product_tag","embeddable":true,"href":"https:\/\/ksiegarnia-akademicka.pl\/index.php\/wp-json\/wp\/v2\/product_tag?post=20716"}],"curies":[{"name":"wp","href":"https:\/\/api.w.org\/{rel}","templated":true}]}}