{"id":20698,"date":"2025-03-27T09:01:24","date_gmt":"2025-03-27T08:01:24","guid":{"rendered":"http:\/\/ksiegarnia-akademicka.pl\/?post_type=product&#038;p=20698"},"modified":"2025-03-27T09:01:25","modified_gmt":"2025-03-27T08:01:25","slug":"alfabet-ludzkich-uczuc-czyli-jak-nazywac-emocje","status":"publish","type":"product","link":"https:\/\/ksiegarnia-akademicka.pl\/index.php\/product\/alfabet-ludzkich-uczuc-czyli-jak-nazywac-emocje\/","title":{"rendered":"Alfabet ludzkich uczu\u0107 czyli jak nazywa\u0107 emocje"},"content":{"rendered":"<div class=\"grupa osoby\"><span class=\"meta-head\">Autor:<\/span><\/p>\n<ul>\n<li class=\"meta-value\">Tiffany Watt-Smith<\/li>\n<\/ul>\n<\/div>\n<div class=\"grupa osoby\"><span class=\"meta-head-blue\">T\u0142umacze:<\/span>\u00a0<span class=\"meta-value\">Konieczny Jacek<\/span><\/div>\n<div class=\"grupa wydawca\"><span class=\"meta-head\">Wydawca:<\/span>\u00a0W.A.B.<\/div>\n<div class=\"grupa dane\">\n<div>Oprawa:\u00a0<span class=\"meta-value-bold\">Twarda<\/span><\/div>\n<div>Format:\u00a0<span class=\"meta-value-bold\">16.0&#215;21.5cm<\/span><\/div>\n<div>Liczba stron:\u00a0<span class=\"meta-value-bold\">384<\/span><\/div>\n<div>Rok wydania:\u00a0<span class=\"meta-value-bold\">2025<\/span><\/div>\n<div>J\u0119zyk wydania:\u00a0<span class=\"meta-value-bold\">polski<\/span><\/div>\n<\/div>\n<div><\/div>\n<div>Kr\u00f3tkie, lekkie i zabawne teksty opisuj\u0105ce najrozmaitsze ludzkie uczucia. Autorka czerpi\u0105c wiedz\u0119 z historii, antropologii, nauk przyrodniczych, sztuki i kultury popularnej bada, jak si\u0119 nazywa i charakteryzuje emocje w r\u00f3\u017cnych kulturach i j\u0119zykach. Czy zastanawia\u0142e\u015b si\u0119 kiedy\u015b, jak opisa\u0107 to przyjemne uczucie, kiedy w mro\u017an\u0105 zimow\u0105 noc siedzisz w przytulnym miejscu, otoczony przyjaci\u00f3\u0142mi i dobrym jedzeniem? Holendrzy nazywaj\u0105 je gezzelig. Albo jak okre\u015bli\u0107 ten specyficzny stan ulgi po\u0142\u0105czonej z przygaszeniem po wyj\u015bciu go\u015bci? Jeden z lud\u00f3w Papui-Nowej Gwinei nazywa go awumbuk. Albo jak w jednym s\u0142owie zamkn\u0105\u0107 to niewygodne skr\u0119powanie i zak\u0142opotanie ogarniaj\u0105ce nas w towarzystwie ludzi o wy\u017cszym statusie? W Indonezji m\u00f3wi si\u0119 o nim malu. Tiffany Watt Smith sprawdzi\u0142a, jak si\u0119 nazywa i charakteryzuje emocje w r\u00f3\u017cnych kulturach i j\u0119zykach. Czerpa\u0142a wiedz\u0119 z historii, antropologii, nauk przyrodniczych, sztuki i kultury popularnej. W kr\u00f3tkich, lekkich i zabawnych tekstach opisuje ponad sto pi\u0119\u0107dziesi\u0105t r\u00f3\u017cnych uczu\u0107. Sprawd\u017a, ile z nich znasz! Czytaj\u0105c j\u0105, odkryjesz uczucia, o kt\u00f3rych istnieniu nie mia\u0142e\u015b poj\u0119cia (jak basoreksja, nag\u0142a potrzeba poca\u0142owania kogo\u015b), odkryjesz sekretne historie nudy i pewno\u015bci siebie oraz uzyskasz nieoczekiwany wgl\u0105d w to, dlaczego czujemy si\u0119 tak, a nie inaczej. \u201eProwokuj\u0105ca do my\u015blenia podr\u00f3\u017c po naszych uczuciach. Ksi\u0105\u017cka splata my\u015bl naukow\u0105, filozoficzn\u0105 i literack\u0105. Jest gestem przeciwko argumentom, kt\u00f3re pr\u00f3buj\u0105 zredukowa\u0107 pi\u0119kn\u0105 z\u0142o\u017cono\u015b\u0107 naszego \u017cycia wewn\u0119trznego do zaledwie kilku kardynalnych emocji\u201d. Tim Dowling, \u201eThe Guardian\u201d Tiffant Watt Smith, antropolo\u017cka kultury i filozofka. Specjalizuje si\u0119 w historii ludzkich emocji. Studiowa\u0142a na uniwersytecie w Cambrige. Prowadzi badania w Centre for the History of Emotions w Queen Mary University of London. Publikowa\u0142a m.in. w \u201ebbc Magazine\u201d, \u201eThe Guardian\u201d i \u201eThe New Scientist\u201d. W 2014 roku przyznano jej tytu\u0142y bbc New Generation Thinker.<\/div>\n","protected":false},"excerpt":{"rendered":"<p>Autor: Tiffany Watt-Smith T\u0142umacze:\u00a0Konieczny Jacek Wydawca:\u00a0W.A.B. Oprawa:\u00a0Twarda Format:\u00a016.0&#215;21.5cm Liczba stron:\u00a0384 [&hellip;]<\/p>\n","protected":false},"featured_media":20699,"template":"","meta":[],"product_brand":[],"product_cat":[7707,27,7530,7509],"product_tag":[5953,1186,8579],"class_list":{"0":"post-20698","1":"product","2":"type-product","3":"status-publish","4":"has-post-thumbnail","6":"product_cat-literatura","7":"product_cat-nauki-spoleczne","8":"product_cat-nowosci","9":"product_cat-psychologia","10":"product_tag-literatura","11":"product_tag-psychologia","12":"product_tag-uczucia","14":"first","15":"instock","16":"sale","17":"shipping-taxable","18":"purchasable","19":"product-type-simple"},"_links":{"self":[{"href":"https:\/\/ksiegarnia-akademicka.pl\/index.php\/wp-json\/wp\/v2\/product\/20698","targetHints":{"allow":["GET"]}}],"collection":[{"href":"https:\/\/ksiegarnia-akademicka.pl\/index.php\/wp-json\/wp\/v2\/product"}],"about":[{"href":"https:\/\/ksiegarnia-akademicka.pl\/index.php\/wp-json\/wp\/v2\/types\/product"}],"wp:featuredmedia":[{"embeddable":true,"href":"https:\/\/ksiegarnia-akademicka.pl\/index.php\/wp-json\/wp\/v2\/media\/20699"}],"wp:attachment":[{"href":"https:\/\/ksiegarnia-akademicka.pl\/index.php\/wp-json\/wp\/v2\/media?parent=20698"}],"wp:term":[{"taxonomy":"product_brand","embeddable":true,"href":"https:\/\/ksiegarnia-akademicka.pl\/index.php\/wp-json\/wp\/v2\/product_brand?post=20698"},{"taxonomy":"product_cat","embeddable":true,"href":"https:\/\/ksiegarnia-akademicka.pl\/index.php\/wp-json\/wp\/v2\/product_cat?post=20698"},{"taxonomy":"product_tag","embeddable":true,"href":"https:\/\/ksiegarnia-akademicka.pl\/index.php\/wp-json\/wp\/v2\/product_tag?post=20698"}],"curies":[{"name":"wp","href":"https:\/\/api.w.org\/{rel}","templated":true}]}}