{"id":20687,"date":"2025-03-26T09:35:26","date_gmt":"2025-03-26T08:35:26","guid":{"rendered":"http:\/\/ksiegarnia-akademicka.pl\/?post_type=product&#038;p=20687"},"modified":"2025-03-26T09:35:26","modified_gmt":"2025-03-26T08:35:26","slug":"dudus-prezydent-we-mgle-kulisy-palacu-andrzeja-dudy","status":"publish","type":"product","link":"https:\/\/ksiegarnia-akademicka.pl\/index.php\/product\/dudus-prezydent-we-mgle-kulisy-palacu-andrzeja-dudy\/","title":{"rendered":"Dudu\u015b Prezydent we mgle Kulisy Pa\u0142acu Andrzeja Dudy"},"content":{"rendered":"<div class=\"grupa osoby\"><span class=\"meta-head\">Autor:<\/span><\/p>\n<ul>\n<li class=\"meta-value\">Jacek G\u0105dek<\/li>\n<\/ul>\n<\/div>\n<div class=\"grupa wydawca\"><span class=\"meta-head\">Wydawca:<\/span>\u00a0Ringier Axel Springer<\/div>\n<div class=\"grupa dane\">\n<div>Oprawa:\u00a0<span class=\"meta-value-bold\">Mi\u0119kka ze skrzyde\u0142kami<\/span><\/div>\n<div>Format:\u00a0<span class=\"meta-value-bold\">14.0&#215;20.7cm<\/span><\/div>\n<div>Liczba stron:\u00a0<span class=\"meta-value-bold\">320<\/span><\/div>\n<div>Wydanie:\u00a0<span class=\"meta-value-bold\">1<\/span><\/div>\n<div>Rok wydania:\u00a0<span class=\"meta-value-bold\">2025<\/span><\/div>\n<div>J\u0119zyk wydania:\u00a0<span class=\"meta-value-bold\">polski<\/span><\/div>\n<\/div>\n<div><\/div>\n<div>Najbardziej spektakularna kariera polityczna w III RP. Tak &#8211; to o Andrzeju Dudzie.<br \/>\nW Prawie i Sprawiedliwo\u015bci by\u0142 nikim, a wygra\u0142 wybory prezydenckie. Wprowadzaj\u0105c si\u0119 do wielkiego Pa\u0142acu &#8211; co przyznaj\u0105 jego zaufani ludzie &#8211; by\u0142 kompletnie zielony. \u017bona nie chcia\u0142a by\u0107 pierwsz\u0105 dam\u0105. C\u00f3rce zapewni\u0142 specjaln\u0105, zakulisow\u0105 ochron\u0119 przed mediami i w\u015bcibskimi paparazzi. Samego Andrzeja Dud\u0119 dopad\u0142 syndrom sztokholmski. Jaros\u0142aw Kaczy\u0144ski go upokarza\u0142 dos\u0142ownie wzywaj\u0105c skinieniem palca. Nawet na jego s\u0119dziwym ojcu si\u0119 m\u015bci\u0142, nie chc\u0105c mu na Wawelu poda\u0107 r\u0119ki.<br \/>\nPrezydent \u0142\u0105czy\u0142 w sobie ch\u0142opi\u0119co\u015b\u0107 z wielk\u0105 polityk\u0105: droczy\u0142 si\u0119 z &#8222;ruchad\u0142ami le\u015bnymi&#8221; na Twitterze, a jednocze\u015bnie prezydent USA Donald Trump na jednym z najbardziej nerwowych szczyt\u00f3w NATO w historii obejmowa\u0142 go i dawa\u0142 \u015bwiatu za przyk\u0142ad.<br \/>\nGdy wybuch\u0142a wojna w Ukrainie zachowywa\u0142 si\u0119 jakby \u015bmierci si\u0119 nie ba\u0142 &#8211; zawsze zreszt\u0105 ma przy sobie r\u00f3\u017caniec &#8211; a prawie wszyscy m\u00f3wili o nim z dum\u0105. Mia\u0142 dni wielkiej chwa\u0142y. A gdy w Pa\u0142acu si\u0119 za nim zamyka\u0142y drzwi &#8211; co przyznaj\u0105 jego wsp\u00f3\u0142pracownicy &#8211; to niemi\u0142osiernie ruga\u0142 ludzi i kl\u0105\u0142 na nich. Dr\u017ca\u0142 tylko przed \u017con\u0105.<\/p>\n<p>To jest ksi\u0105\u017cka o kulisach prezydentury Andrzeja Dudy i najwa\u017cniejszego pa\u0142acu w Polsce. O kulisach najskrytszych, najwa\u017cniejszych, najbardziej brutalnych, a cz\u0119sto te\u017c \u015bmiesznych. Ludzie z naj\u015bci\u015blejszego kr\u0119gu wok\u00f3\u0142 prezydenta za cen\u0119 anonimowo\u015bci m\u00f3wi\u0105, kim tak naprawd\u0119 jest Andrzej Duda i co sta\u0142o za jego najwa\u017cniejszymi decyzjami.<\/p><\/div>\n","protected":false},"excerpt":{"rendered":"<p>Autor: Jacek G\u0105dek Wydawca:\u00a0Ringier Axel Springer Oprawa:\u00a0Mi\u0119kka ze skrzyde\u0142kami Format:\u00a014.0&#215;20.7cm [&hellip;]<\/p>\n","protected":false},"featured_media":20688,"template":"","meta":[],"product_brand":[],"product_cat":[38,7530],"product_tag":[8578,67],"class_list":{"0":"post-20687","1":"product","2":"type-product","3":"status-publish","4":"has-post-thumbnail","6":"product_cat-historia","7":"product_cat-nowosci","8":"product_tag-andrzej-duda","9":"product_tag-historia-polski","11":"first","12":"instock","13":"sale","14":"shipping-taxable","15":"purchasable","16":"product-type-simple"},"_links":{"self":[{"href":"https:\/\/ksiegarnia-akademicka.pl\/index.php\/wp-json\/wp\/v2\/product\/20687","targetHints":{"allow":["GET"]}}],"collection":[{"href":"https:\/\/ksiegarnia-akademicka.pl\/index.php\/wp-json\/wp\/v2\/product"}],"about":[{"href":"https:\/\/ksiegarnia-akademicka.pl\/index.php\/wp-json\/wp\/v2\/types\/product"}],"wp:featuredmedia":[{"embeddable":true,"href":"https:\/\/ksiegarnia-akademicka.pl\/index.php\/wp-json\/wp\/v2\/media\/20688"}],"wp:attachment":[{"href":"https:\/\/ksiegarnia-akademicka.pl\/index.php\/wp-json\/wp\/v2\/media?parent=20687"}],"wp:term":[{"taxonomy":"product_brand","embeddable":true,"href":"https:\/\/ksiegarnia-akademicka.pl\/index.php\/wp-json\/wp\/v2\/product_brand?post=20687"},{"taxonomy":"product_cat","embeddable":true,"href":"https:\/\/ksiegarnia-akademicka.pl\/index.php\/wp-json\/wp\/v2\/product_cat?post=20687"},{"taxonomy":"product_tag","embeddable":true,"href":"https:\/\/ksiegarnia-akademicka.pl\/index.php\/wp-json\/wp\/v2\/product_tag?post=20687"}],"curies":[{"name":"wp","href":"https:\/\/api.w.org\/{rel}","templated":true}]}}