{"id":20660,"date":"2025-03-21T10:20:18","date_gmt":"2025-03-21T09:20:18","guid":{"rendered":"http:\/\/ksiegarnia-akademicka.pl\/?post_type=product&#038;p=20660"},"modified":"2025-03-21T10:20:19","modified_gmt":"2025-03-21T09:20:19","slug":"przedstawienie-zarzutow-w-polskim-procesie-karnym","status":"publish","type":"product","link":"https:\/\/ksiegarnia-akademicka.pl\/index.php\/product\/przedstawienie-zarzutow-w-polskim-procesie-karnym\/","title":{"rendered":"Przedstawienie zarzut\u00f3w w polskim procesie karnym"},"content":{"rendered":"<div class=\"grupa osoby\"><span class=\"meta-head\">Autor:<\/span><\/p>\n<ul>\n<li class=\"meta-value\">Aneta Ta\u0144ska-\u0141apczy\u0144ska<\/li>\n<\/ul>\n<\/div>\n<div class=\"grupa wydawca\"><span class=\"meta-head\">Wydawca:<\/span>\u00a0Elipsa Dom Wydawniczy i Handlowy<\/div>\n<div class=\"grupa dane\">\n<div>Oprawa:\u00a0<span class=\"meta-value-bold\">Mi\u0119kka<\/span><\/div>\n<div>Format:\u00a0<span class=\"meta-value-bold\">16.8&#215;24.0cm<\/span><\/div>\n<div>Liczba stron:\u00a0<span class=\"meta-value-bold\">438<\/span><\/div>\n<div>Rok wydania:\u00a0<span class=\"meta-value-bold\">2025<\/span><\/div>\n<div>J\u0119zyk wydania:\u00a0<span class=\"meta-value-bold\">polski<\/span><\/div>\n<\/div>\n<div><\/div>\n<div>Gruntowna analiza problematyki przedstawienia zarzut\u00f3w w polskim procesie karnym wymaga zestawienia analizy dogmatycznej (w uj\u0119ciu tradycyjnym) z praktycznym stosowaniem prawa. Tylko takie po\u0142\u0105czenie stwarza niepowtarzaln\u0105 mo\u017cliwo\u015b\u0107 weryfikacji prezentowanych przez dogmatyk\u00f3w prawa karnego tez z punktu widzenia ich przydatno\u015bci i u\u017cyteczno\u015bci w praktyce stosowania prawa. Z tego te\u017c powodu w monografii zwr\u00f3cono uwag\u0119 na najbardziej problematyczne kwestie zwi\u0105zane z przedstawieniem zarzut\u00f3w, staraj\u0105c si\u0119 jednocze\u015bnie rozwia\u0107 w\u0105tpliwo\u015bci, w obliczu kt\u00f3rych cz\u0119sto staj\u0105 organy prowadz\u0105ce post\u0119powanie przygotowawcze, dokonano oceny aktualnych regulacji oraz sformu\u0142owano postulaty de lege ferenda. Pami\u0119ta\u0107 nale\u017cy, \u017ce instytucja przedstawienia zarzut\u00f3w to nie tylko szereg element\u00f3w procesowych, ale r\u00f3wnie\u017c elementy o charakterze metodyczno-technicznym, a w\u0142a\u015bciwa interpretacja poszczeg\u00f3lnych element\u00f3w ma istotne znaczenie zar\u00f3wno dla prawid\u0142owego toku post\u0119powania, jak i dla realizacji praw stron procesowych, zw\u0142aszcza prawa podejrzanego do obrony. To w\u0142a\u015bnie na te zagadnienia, cho\u0107 w r\u00f3\u017cnym stopniu, po\u0142o\u017cono g\u0142\u00f3wny nacisk w pracy.<\/p>\n<p>Autorka zwraca tak\u017ce uwag\u0119 na zagadnienia, kt\u00f3re pomimo licznych opracowa\u0144, w dalszym ci\u0105gu budz\u0105 kontrowersje oraz odnosi si\u0119 do postulat\u00f3w wprowadzenia nieznanych dot\u0105d procedurze karnej rozwi\u0105za\u0144 wi\u0105\u017c\u0105cych si\u0119 z istotnymi zmianami w obr\u0119bie postepowania przygotowawczego. Opr\u00f3cz tak fundamentalnych kwestii jak sporz\u0105dzenie postanowienia o przedstawienie zarzut\u00f3w, jego og\u0142oszenie, przes\u0142uchanie podejrzanego, pouczenie go o prawach i obowi\u0105zkach, a tak\u017ce modyfikacja zarzut\u00f3w czy uproszczone formy ich przedstawienia, istotna cz\u0119\u015b\u0107 pracy obejmuje rozwa\u017cania dotycz\u0105ce kwestii najbardziej dyskusyjnych i dot\u0105d nierozstrzygni\u0119tych, sprawiaj\u0105cych najwi\u0119cej trudno\u015bci organom prowadz\u0105cym postepowanie przygotowawcze. To np. w\u0105tpliwo\u015bci interpretacyjne zwi\u0105zane z uzasadnieniem postanowienia o przedstawieniu zarzut\u00f3w, to problem okre\u015blenia momentu procesowej skuteczno\u015bci przedstawienia zarzut\u00f3w w trybie zwyczajnym oraz w trybie uproszczonym, czy kwestia ewentualnej zaskar\u017calno\u015bci takiego postanowienia i rozszerzenia odpowiedzialno\u015bci odszkodowawczej Skarbu Pa\u0144stwa w przypadku niew\u0105tpliwie \u201enies\u0142usznego\u201d przedstawienia zarzut\u00f3w.<\/p><\/div>\n","protected":false},"excerpt":{"rendered":"<p>Autor: Aneta Ta\u0144ska-\u0141apczy\u0144ska Wydawca:\u00a0Elipsa Dom Wydawniczy i Handlowy Oprawa:\u00a0Mi\u0119kka Format:\u00a016.8&#215;24.0cm [&hellip;]<\/p>\n","protected":false},"featured_media":20661,"template":"","meta":[],"product_brand":[],"product_cat":[7490,7530,18],"product_tag":[8575],"class_list":{"0":"post-20660","1":"product","2":"type-product","3":"status-publish","4":"has-post-thumbnail","6":"product_cat-karne","7":"product_cat-nowosci","8":"product_cat-prawo","9":"product_tag-polski-proces-karny","11":"first","12":"instock","13":"sale","14":"shipping-taxable","15":"purchasable","16":"product-type-simple"},"_links":{"self":[{"href":"https:\/\/ksiegarnia-akademicka.pl\/index.php\/wp-json\/wp\/v2\/product\/20660","targetHints":{"allow":["GET"]}}],"collection":[{"href":"https:\/\/ksiegarnia-akademicka.pl\/index.php\/wp-json\/wp\/v2\/product"}],"about":[{"href":"https:\/\/ksiegarnia-akademicka.pl\/index.php\/wp-json\/wp\/v2\/types\/product"}],"wp:featuredmedia":[{"embeddable":true,"href":"https:\/\/ksiegarnia-akademicka.pl\/index.php\/wp-json\/wp\/v2\/media\/20661"}],"wp:attachment":[{"href":"https:\/\/ksiegarnia-akademicka.pl\/index.php\/wp-json\/wp\/v2\/media?parent=20660"}],"wp:term":[{"taxonomy":"product_brand","embeddable":true,"href":"https:\/\/ksiegarnia-akademicka.pl\/index.php\/wp-json\/wp\/v2\/product_brand?post=20660"},{"taxonomy":"product_cat","embeddable":true,"href":"https:\/\/ksiegarnia-akademicka.pl\/index.php\/wp-json\/wp\/v2\/product_cat?post=20660"},{"taxonomy":"product_tag","embeddable":true,"href":"https:\/\/ksiegarnia-akademicka.pl\/index.php\/wp-json\/wp\/v2\/product_tag?post=20660"}],"curies":[{"name":"wp","href":"https:\/\/api.w.org\/{rel}","templated":true}]}}