{"id":20641,"date":"2025-03-21T09:20:38","date_gmt":"2025-03-21T08:20:38","guid":{"rendered":"http:\/\/ksiegarnia-akademicka.pl\/?post_type=product&#038;p=20641"},"modified":"2025-03-21T09:20:39","modified_gmt":"2025-03-21T08:20:39","slug":"ewolucja-ustrojow-panstwowych-i-instytucji-prawnych","status":"publish","type":"product","link":"https:\/\/ksiegarnia-akademicka.pl\/index.php\/product\/ewolucja-ustrojow-panstwowych-i-instytucji-prawnych\/","title":{"rendered":"Ewolucja ustroj\u00f3w pa\u0144stwowych i instytucji prawnych"},"content":{"rendered":"<div class=\"grupa osoby\"><span class=\"meta-head\">Autor:<\/span><\/p>\n<ul>\n<li class=\"meta-value\">Marek W\u0105sowicz<\/li>\n<li class=\"meta-value\">Tomasz Kr\u00f3lasik<\/li>\n<\/ul>\n<\/div>\n<div class=\"grupa osoby\"><span class=\"meta-head-blue\">Redakcja:<\/span>\u00a0<span class=\"meta-value\">W\u0105sowicz Marek<\/span><\/div>\n<div class=\"grupa wydawca\"><span class=\"meta-head\">Wydawca:<\/span>\u00a0Wolters Kluwer<\/div>\n<div class=\"grupa dane\">\n<div>Oprawa:\u00a0<span class=\"meta-value-bold\">Mi\u0119kka<\/span><\/div>\n<div>Liczba stron:\u00a0<span class=\"meta-value-bold\">416<\/span><\/div>\n<div>Wydanie:\u00a0<span class=\"meta-value-bold\">1<\/span><\/div>\n<div>Rok wydania:\u00a0<span class=\"meta-value-bold\">2025<\/span><\/div>\n<div>J\u0119zyk wydania:\u00a0<span class=\"meta-value-bold\">polski<\/span><\/div>\n<\/div>\n<div><\/div>\n<div>W podr\u0119czniku autorzy omawiaj\u0105 genez\u0119 najwa\u017cniejszych instytucji prawnoustrojowych i prawnos\u0105dowych b\u0119d\u0105cych podstaw\u0105 europejskiej kultury prawnej. Ich wyk\u0142ad dotyczy dw\u00f3ch zasadniczych zagadnie\u0144:<br \/>\n\u2022 konstytucjonalizmu \u2013 w zakresie kwestii ustrojowych,<br \/>\n\u2022 kodyfikacji \u2013 w zakresie instytucji prawnos\u0105dowych.<\/p>\n<p>Opracowanie prezentuje historyczne t\u0142o powstania konstytucji i jej podstawowych tre\u015bci oraz kodyfikacji i jej za\u0142o\u017ce\u0144. Przedstawia te\u017c ewolucj\u0119 instytucji ustrojowych regulowanych w konstytucjach oraz instytucji prawa s\u0105dowego zawartych w kodeksach.<\/p><\/div>\n","protected":false},"excerpt":{"rendered":"<p>Autor: Marek W\u0105sowicz Tomasz Kr\u00f3lasik Redakcja:\u00a0W\u0105sowicz Marek Wydawca:\u00a0Wolters Kluwer Oprawa:\u00a0Mi\u0119kka [&hellip;]<\/p>\n","protected":false},"featured_media":20642,"template":"","meta":[],"product_brand":[],"product_cat":[7492,7496,7530,18],"product_tag":[6138,330],"class_list":{"0":"post-20641","1":"product","2":"type-product","3":"status-publish","4":"has-post-thumbnail","6":"product_cat-administracyjne","7":"product_cat-konstytucyjne","8":"product_cat-nowosci","9":"product_cat-prawo","10":"product_tag-konstytucjonalizm","11":"product_tag-seria-akademicka","13":"first","14":"instock","15":"sale","16":"shipping-taxable","17":"purchasable","18":"product-type-simple"},"_links":{"self":[{"href":"https:\/\/ksiegarnia-akademicka.pl\/index.php\/wp-json\/wp\/v2\/product\/20641","targetHints":{"allow":["GET"]}}],"collection":[{"href":"https:\/\/ksiegarnia-akademicka.pl\/index.php\/wp-json\/wp\/v2\/product"}],"about":[{"href":"https:\/\/ksiegarnia-akademicka.pl\/index.php\/wp-json\/wp\/v2\/types\/product"}],"wp:featuredmedia":[{"embeddable":true,"href":"https:\/\/ksiegarnia-akademicka.pl\/index.php\/wp-json\/wp\/v2\/media\/20642"}],"wp:attachment":[{"href":"https:\/\/ksiegarnia-akademicka.pl\/index.php\/wp-json\/wp\/v2\/media?parent=20641"}],"wp:term":[{"taxonomy":"product_brand","embeddable":true,"href":"https:\/\/ksiegarnia-akademicka.pl\/index.php\/wp-json\/wp\/v2\/product_brand?post=20641"},{"taxonomy":"product_cat","embeddable":true,"href":"https:\/\/ksiegarnia-akademicka.pl\/index.php\/wp-json\/wp\/v2\/product_cat?post=20641"},{"taxonomy":"product_tag","embeddable":true,"href":"https:\/\/ksiegarnia-akademicka.pl\/index.php\/wp-json\/wp\/v2\/product_tag?post=20641"}],"curies":[{"name":"wp","href":"https:\/\/api.w.org\/{rel}","templated":true}]}}