{"id":20639,"date":"2025-03-21T09:17:42","date_gmt":"2025-03-21T08:17:42","guid":{"rendered":"http:\/\/ksiegarnia-akademicka.pl\/?post_type=product&#038;p=20639"},"modified":"2025-03-21T09:17:42","modified_gmt":"2025-03-21T08:17:42","slug":"dlaczego-buddyzm-jest-prawdziwy-naukowe-i-filozoficzne-podstawy-medytacji-i-oswiecenia","status":"publish","type":"product","link":"https:\/\/ksiegarnia-akademicka.pl\/index.php\/product\/dlaczego-buddyzm-jest-prawdziwy-naukowe-i-filozoficzne-podstawy-medytacji-i-oswiecenia\/","title":{"rendered":"Dlaczego buddyzm jest prawdziwy Naukowe i filozoficzne podstawy medytacji i o\u015bwiecenia"},"content":{"rendered":"<div class=\"grupa osoby\"><span class=\"meta-head-blue\">Autor:<\/span><\/p>\n<ul>\n<li class=\"meta-value\">Wright Robert<\/li>\n<\/ul>\n<\/div>\n<div class=\"grupa osoby\"><span class=\"meta-head-blue\">T\u0142umacze:<\/span>\u00a0<span class=\"meta-value\">Barbara Leonardi<\/span><\/div>\n<div class=\"grupa wydawca\"><span class=\"meta-head\">Wydawca:<\/span>\u00a0Sensus<\/div>\n<div class=\"grupa dane\">\n<div>Oprawa:\u00a0<span class=\"meta-value-bold\">Mi\u0119kka<\/span><\/div>\n<div>Format:\u00a0<span class=\"meta-value-bold\">14.0&#215;21.0cm<\/span><\/div>\n<div>Liczba stron:\u00a0<span class=\"meta-value-bold\">360<\/span><\/div>\n<div>Rok wydania:\u00a0<span class=\"meta-value-bold\">2025<\/span><\/div>\n<div>J\u0119zyk wydania:\u00a0<span class=\"meta-value-bold\">polski<\/span><\/div>\n<\/div>\n<div><\/div>\n<div>Bestseller New York Timesa!<br \/>\nWszystko, co powinni\u015bmy wiedzie\u0107 o nauce, praktyce i sile buddyzmu!<br \/>\nSusan Cain, autorka bestsellera Ciszej prosz\u0119&#8230;<br \/>\nEwolucja ukszta\u0142towa\u0142a ludzki m\u00f3zg tak, \u017ce poczucie szcz\u0119\u015bcia przez d\u0142u\u017cszy czas jest niemo\u017cliwe. Wygl\u0105da na to, \u017ce zaprogramowano nas na z\u0142o\u015b\u0107, gniew, smutek, l\u0119k lub chciwo\u015b\u0107. Czy to oznacza, \u017ce jeste\u015bmy skazani na cierpienie i nic z tym nie mo\u017cemy zrobi\u0107? Okazuje si\u0119, \u017ce odpowied\u017a na to pytanie jest znana od tysi\u0119cy lat i brzmi: buddyzm.<br \/>\nW tej nadzwyczajnej ksi\u0105\u017cce [autor] prezentuje silne argumenty na rzecz buddyjskiej drogi \u017cycia i buddyjskiego sposobu my\u015blenia. Prawdziwie prze\u0142omowa praca.<br \/>\nPaul Bloom, naukowiec i autor ksi\u0105\u017cki Przeciw empatii. Argumenty za racjonalnym wsp\u00f3\u0142czuciem<br \/>\nZa spraw\u0105 tej niezwyk\u0142ej ksi\u0105\u017cki, b\u0119d\u0105cej wspania\u0142\u0105 podr\u00f3\u017c\u0105 przez odkrycia psychologii i filozofii, pojmiesz, dlaczego medytacja mo\u017ce si\u0119 sta\u0107 podstaw\u0105 \u017cycia duchowego we wsp\u00f3\u0142czesnych czasach. Dowiesz si\u0119, \u017ce zar\u00f3wno odkrycia psychologii ewolucyjnej, jak i najnowsze ustalenia neuronauki s\u0105 zadziwiaj\u0105co zgodne z podstawami filozofii buddyjskiej. Je\u015bli tylko odwa\u017cysz si\u0119 na szczero\u015b\u0107 wobec siebie, zrozumiesz przenikliwie m\u0105dr\u0105 prawd\u0119, \u017ce buddyzm jest lekarstwem na ludzkie z\u0142udzenia i dzi\u0119ki temu mo\u017ce nas uratowa\u0107 przed nami samymi.<br \/>\nOto ksi\u0105\u017cka, kt\u00f3ra zaskakuje, sprawia przyjemno\u015b\u0107, prowokuje, a by\u0107 mo\u017ce nawet odmieni czyje\u015b \u017cycie!<br \/>\nPeter Singer, naukowiec i autor ksi\u0105\u017cki Ethics in the Real World<br \/>\nNaukowa i duchowa podr\u00f3\u017c, jakiej nigdy wcze\u015bniej nie prze\u017cy\u0142em!<br \/>\nMartin Seligman, naukowiec i autor bestsellera Prawdziwe szcz\u0119\u015bcie<\/div>\n","protected":false},"excerpt":{"rendered":"<p>Autor: Wright Robert T\u0142umacze:\u00a0Barbara Leonardi Wydawca:\u00a0Sensus Oprawa:\u00a0Mi\u0119kka Format:\u00a014.0&#215;21.0cm Liczba stron:\u00a0360 [&hellip;]<\/p>\n","protected":false},"featured_media":20640,"template":"","meta":[],"product_brand":[],"product_cat":[7506,27,7530],"product_tag":[8573,233],"class_list":{"0":"post-20639","1":"product","2":"type-product","3":"status-publish","4":"has-post-thumbnail","6":"product_cat-filozofia","7":"product_cat-nauki-spoleczne","8":"product_cat-nowosci","9":"product_tag-buddyzm","10":"product_tag-filozofia","12":"first","13":"instock","14":"sale","15":"shipping-taxable","16":"purchasable","17":"product-type-simple"},"_links":{"self":[{"href":"https:\/\/ksiegarnia-akademicka.pl\/index.php\/wp-json\/wp\/v2\/product\/20639","targetHints":{"allow":["GET"]}}],"collection":[{"href":"https:\/\/ksiegarnia-akademicka.pl\/index.php\/wp-json\/wp\/v2\/product"}],"about":[{"href":"https:\/\/ksiegarnia-akademicka.pl\/index.php\/wp-json\/wp\/v2\/types\/product"}],"wp:featuredmedia":[{"embeddable":true,"href":"https:\/\/ksiegarnia-akademicka.pl\/index.php\/wp-json\/wp\/v2\/media\/20640"}],"wp:attachment":[{"href":"https:\/\/ksiegarnia-akademicka.pl\/index.php\/wp-json\/wp\/v2\/media?parent=20639"}],"wp:term":[{"taxonomy":"product_brand","embeddable":true,"href":"https:\/\/ksiegarnia-akademicka.pl\/index.php\/wp-json\/wp\/v2\/product_brand?post=20639"},{"taxonomy":"product_cat","embeddable":true,"href":"https:\/\/ksiegarnia-akademicka.pl\/index.php\/wp-json\/wp\/v2\/product_cat?post=20639"},{"taxonomy":"product_tag","embeddable":true,"href":"https:\/\/ksiegarnia-akademicka.pl\/index.php\/wp-json\/wp\/v2\/product_tag?post=20639"}],"curies":[{"name":"wp","href":"https:\/\/api.w.org\/{rel}","templated":true}]}}