{"id":20633,"date":"2025-03-20T13:01:01","date_gmt":"2025-03-20T12:01:01","guid":{"rendered":"http:\/\/ksiegarnia-akademicka.pl\/?post_type=product&#038;p=20633"},"modified":"2025-03-20T13:01:01","modified_gmt":"2025-03-20T12:01:01","slug":"prawo-administracyjne-materialne-3","status":"publish","type":"product","link":"https:\/\/ksiegarnia-akademicka.pl\/index.php\/product\/prawo-administracyjne-materialne-3\/","title":{"rendered":"Prawo administracyjne materialne"},"content":{"rendered":"<div class=\"grupa osoby\"><span class=\"meta-head-blue\">Autor:<\/span><\/p>\n<ul>\n<li class=\"meta-value\">Duniewska Zofia, Jaworska-D\u0119bska Barbara, Korzeniowski Piotr, Olejniczak-Sza\u0142owska Ewa<\/li>\n<\/ul>\n<\/div>\n<div class=\"grupa wydawca\"><span class=\"meta-head\">Wydawca:<\/span>\u00a0Wolters Kluwer<\/div>\n<div class=\"grupa dane\">\n<div>Oprawa:\u00a0<span class=\"meta-value-bold\">Mi\u0119kka<\/span><\/div>\n<div>Format:\u00a0<span class=\"meta-value-bold\">17.6&#215;25.0cm<\/span><\/div>\n<div>Liczba stron:\u00a0<span class=\"meta-value-bold\">1012<\/span><\/div>\n<div>Wydanie:\u00a0<span class=\"meta-value-bold\">4<\/span><\/div>\n<div>Rok wydania:\u00a0<span class=\"meta-value-bold\">2022<\/span><\/div>\n<div>J\u0119zyk wydania:\u00a0<span class=\"meta-value-bold\">polski<\/span><\/div>\n<\/div>\n<div><\/div>\n<div>Podr\u0119cznik w spos\u00f3b kompleksowy wyja\u015bnia wsp\u00f3\u0142czesne zagadnienia materialnego prawa administracyjnego, uwzgl\u0119dniaj\u0105c obecnie obowi\u0105zuj\u0105ce regulacje prawne.<\/p>\n<p>Wyk\u0142ad obejmuje m.in.:<\/p>\n<p>\u2022 regulacje administracyjnoprawne stanowi\u0105ce o: obywatelstwie polskim, aktach stanu cywilnego, zmianie imion i nazwisk, ewidencji ludno\u015bci, dowodach osobistych, paszportach, statusie cudzoziemc\u00f3w, ochronie wolno\u015bci sumienia i wyznania;<\/p>\n<p>\u2022 kwestie prawa ochrony zdrowia, prawnej regulacji uzale\u017cnie\u0144, obrotu napojami alkoholowymi, \u015brodkami odurzaj\u0105cymi i psychotropowymi oraz prawa pomocy spo\u0142ecznej i szeroko pojmowanego wspierania rodziny, w tym sprawy przemocy w rodzinie;<\/p>\n<p>\u2022 problematyk\u0119 prawa planowania i zagospodarowania przestrzennego, prawa ochrony \u015brodowiska i prawa budowlanego;<\/p>\n<p>\u2022 tematyk\u0119 prawn\u0105 z zakresu kultury, o\u015bwiaty i szkolnictwa wy\u017cszego, stopni naukowych i tytu\u0142u naukowego oraz nabywania uprawnie\u0144 zawodowych;<\/p>\n<p>\u2022 zagadnienia dotycz\u0105ce ochrony bezpiecze\u0144stwa i porz\u0105dku publicznego oraz obrony narodowej.<\/p>\n<p>W najnowszym wydaniu autorzy zwracaj\u0105 uwag\u0119 na nowe regulacje dotycz\u0105ce m.in. wprowadzenia stanu wyj\u0105tkowego na obszarze cz\u0119\u015bci kraju w zwi\u0105zku z sytuacj\u0105 na granicy z Republik\u0105 Bia\u0142orusi oraz wynikaj\u0105ce z ustawy z 11.03.2022 r. o obronie Ojczyzny.<\/p>\n<p>Publikacja przeznaczona jest dla student\u00f3w oraz doktorant\u00f3w prawa i administracji, a tak\u017ce dla os\u00f3b wykonuj\u0105cych zawody prawnicze lub zadania z zakresu administracji publicznej.<\/p><\/div>\n","protected":false},"excerpt":{"rendered":"<p>Autor: Duniewska Zofia, Jaworska-D\u0119bska Barbara, Korzeniowski Piotr, Olejniczak-Sza\u0142owska Ewa Wydawca:\u00a0Wolters [&hellip;]<\/p>\n","protected":false},"featured_media":20634,"template":"","meta":[],"product_brand":[],"product_cat":[7492,18],"product_tag":[485,330],"class_list":{"0":"post-20633","1":"product","2":"type-product","3":"status-publish","4":"has-post-thumbnail","6":"product_cat-administracyjne","7":"product_cat-prawo","8":"product_tag-prawo-administracyjne","9":"product_tag-seria-akademicka","11":"first","12":"instock","13":"sale","14":"shipping-taxable","15":"purchasable","16":"product-type-simple"},"_links":{"self":[{"href":"https:\/\/ksiegarnia-akademicka.pl\/index.php\/wp-json\/wp\/v2\/product\/20633","targetHints":{"allow":["GET"]}}],"collection":[{"href":"https:\/\/ksiegarnia-akademicka.pl\/index.php\/wp-json\/wp\/v2\/product"}],"about":[{"href":"https:\/\/ksiegarnia-akademicka.pl\/index.php\/wp-json\/wp\/v2\/types\/product"}],"wp:featuredmedia":[{"embeddable":true,"href":"https:\/\/ksiegarnia-akademicka.pl\/index.php\/wp-json\/wp\/v2\/media\/20634"}],"wp:attachment":[{"href":"https:\/\/ksiegarnia-akademicka.pl\/index.php\/wp-json\/wp\/v2\/media?parent=20633"}],"wp:term":[{"taxonomy":"product_brand","embeddable":true,"href":"https:\/\/ksiegarnia-akademicka.pl\/index.php\/wp-json\/wp\/v2\/product_brand?post=20633"},{"taxonomy":"product_cat","embeddable":true,"href":"https:\/\/ksiegarnia-akademicka.pl\/index.php\/wp-json\/wp\/v2\/product_cat?post=20633"},{"taxonomy":"product_tag","embeddable":true,"href":"https:\/\/ksiegarnia-akademicka.pl\/index.php\/wp-json\/wp\/v2\/product_tag?post=20633"}],"curies":[{"name":"wp","href":"https:\/\/api.w.org\/{rel}","templated":true}]}}