{"id":20622,"date":"2025-03-19T09:14:21","date_gmt":"2025-03-19T08:14:21","guid":{"rendered":"http:\/\/ksiegarnia-akademicka.pl\/?post_type=product&#038;p=20622"},"modified":"2025-03-19T09:14:22","modified_gmt":"2025-03-19T08:14:22","slug":"krotka-historia-usa","status":"publish","type":"product","link":"https:\/\/ksiegarnia-akademicka.pl\/index.php\/product\/krotka-historia-usa\/","title":{"rendered":"Kr\u00f3tka historia USA"},"content":{"rendered":"<div class=\"grupa osoby\"><span class=\"meta-head\">Autor:<\/span><\/p>\n<ul>\n<li class=\"meta-value\">James West Davidson<\/li>\n<\/ul>\n<\/div>\n<div class=\"grupa wydawca\"><span class=\"meta-head\">Wydawca:<\/span>\u00a0RM<\/div>\n<div class=\"grupa dane\">\n<div>Oprawa:\u00a0<span class=\"meta-value-bold\">Mi\u0119kka<\/span><\/div>\n<div>Format:\u00a0<span class=\"meta-value-bold\">14.0&#215;21.0cm<\/span><\/div>\n<div>Liczba stron:\u00a0<span class=\"meta-value-bold\">384<\/span><\/div>\n<div>Wydanie:\u00a0<span class=\"meta-value-bold\">1<\/span><\/div>\n<div>Rok wydania:\u00a0<span class=\"meta-value-bold\">2025<\/span><\/div>\n<div>J\u0119zyk wydania:\u00a0<span class=\"meta-value-bold\">polski<\/span><\/div>\n<\/div>\n<div><\/div>\n<div>Ameryka\u0144ska historia w porywaj\u0105cej ods\u0142onie<\/p>\n<p>Jak to mo\u017cliwe, \u017ce tak odmienni ludzie zamieszkuj\u0105cy tak r\u00f3\u017cnorodne tereny zjednoczyli si\u0119 pod sztandarem wolno\u015bci i r\u00f3wno\u015bci, powo\u0142uj\u0105c do \u017cycia nar\u00f3d, kt\u00f3ry stworzy\u0142 jedno z najpot\u0119\u017cniejszych pa\u0144stw na \u015bwiecie? W swej dynamicznej narracji Davidson prowadzi nas przez p\u00f3\u0142 tysi\u0105ca lat dziej\u00f3w, od pierwszego spotkania mi\u0119dzy Starym a Nowym \u015awiatem przez og\u0142oszenie Deklaracji Niepodleg\u0142o\u015bci i wybuch wojny secesyjnej a\u017c po wielki kryzys i narodziny supermocarstwa w epoce zagro\u017cenia wojn\u0105 nuklearn\u0105.<br \/>\nW opowie\u015bci towarzysz\u0105 nam najwa\u017cniejsze postacie, w tym jeden z ojc\u00f3w za\u0142o\u017cycieli Benjamin Franklin, w\u00f3dz Siuks\u00f3w Siedz\u0105cy Byk, abolicjonistka Harriet Tubman oraz dzia\u0142aczka na rzecz praw cz\u0142owieka Rosa Parks. W kr\u00f3tkich rozdzia\u0142ach o\u017cywaj\u0105 setki os\u00f3b, kt\u00f3rych \u017cyciorysy wzbudzaj\u0105 pytania o wolno\u015b\u0107, r\u00f3wno\u015b\u0107 i jedno\u015b\u0107 w narodzie, kt\u00f3ry by\u0142 i pozostaje niezwykle r\u00f3\u017cnorodny, ale i podzielony.<\/p>\n<p>James West Davidson \u2013 uznany historyk i pisarz. Uzyska\u0142 stopie\u0144 doktora historii na Uniwersytecie Yale, specjalizuje si\u0119 w historii Stan\u00f3w Zjednoczonych. Jest wsp\u00f3\u0142redaktorem serii ksi\u0105\u017cek New Narratives in American History wydawanej przez Oxford University Press i wsp\u00f3\u0142autorem kilku podr\u0119cznik\u00f3w. Mi\u0142o\u015bnik kajakarstwa g\u00f3rskiego.<\/p><\/div>\n","protected":false},"excerpt":{"rendered":"<p>Autor: James West Davidson Wydawca:\u00a0RM Oprawa:\u00a0Mi\u0119kka Format:\u00a014.0&#215;21.0cm Liczba stron:\u00a0384 Wydanie:\u00a01 [&hellip;]<\/p>\n","protected":false},"featured_media":20623,"template":"","meta":[],"product_brand":[],"product_cat":[38,7530],"product_tag":[5548],"class_list":{"0":"post-20622","1":"product","2":"type-product","3":"status-publish","4":"has-post-thumbnail","6":"product_cat-historia","7":"product_cat-nowosci","8":"product_tag-historia-stanow-zjednoczonych-ameryki-polnocnej","10":"first","11":"instock","12":"sale","13":"shipping-taxable","14":"purchasable","15":"product-type-simple"},"_links":{"self":[{"href":"https:\/\/ksiegarnia-akademicka.pl\/index.php\/wp-json\/wp\/v2\/product\/20622","targetHints":{"allow":["GET"]}}],"collection":[{"href":"https:\/\/ksiegarnia-akademicka.pl\/index.php\/wp-json\/wp\/v2\/product"}],"about":[{"href":"https:\/\/ksiegarnia-akademicka.pl\/index.php\/wp-json\/wp\/v2\/types\/product"}],"wp:featuredmedia":[{"embeddable":true,"href":"https:\/\/ksiegarnia-akademicka.pl\/index.php\/wp-json\/wp\/v2\/media\/20623"}],"wp:attachment":[{"href":"https:\/\/ksiegarnia-akademicka.pl\/index.php\/wp-json\/wp\/v2\/media?parent=20622"}],"wp:term":[{"taxonomy":"product_brand","embeddable":true,"href":"https:\/\/ksiegarnia-akademicka.pl\/index.php\/wp-json\/wp\/v2\/product_brand?post=20622"},{"taxonomy":"product_cat","embeddable":true,"href":"https:\/\/ksiegarnia-akademicka.pl\/index.php\/wp-json\/wp\/v2\/product_cat?post=20622"},{"taxonomy":"product_tag","embeddable":true,"href":"https:\/\/ksiegarnia-akademicka.pl\/index.php\/wp-json\/wp\/v2\/product_tag?post=20622"}],"curies":[{"name":"wp","href":"https:\/\/api.w.org\/{rel}","templated":true}]}}