{"id":20618,"date":"2025-03-19T09:01:06","date_gmt":"2025-03-19T08:01:06","guid":{"rendered":"http:\/\/ksiegarnia-akademicka.pl\/?post_type=product&#038;p=20618"},"modified":"2025-03-19T09:01:07","modified_gmt":"2025-03-19T08:01:07","slug":"planowanie-strategiczne-dla-zintegrowanego-rozwoju-gminy","status":"publish","type":"product","link":"https:\/\/ksiegarnia-akademicka.pl\/index.php\/product\/planowanie-strategiczne-dla-zintegrowanego-rozwoju-gminy\/","title":{"rendered":"Planowanie Strategiczne dla Zintegrowanego Rozwoju Gminy"},"content":{"rendered":"<div class=\"grupa osoby\"><span class=\"meta-head-blue\">Redakcja:<\/span>\u00a0<span class=\"meta-value\">Lisowska-Kierepka Agnieszka, Kryczko Piotr<\/span><\/div>\n<div class=\"grupa wydawca\"><span class=\"meta-head\">Wydawca:<\/span>\u00a0Wydawnictwo Uniwersytetu Wroc\u0142awskiego<\/div>\n<div class=\"grupa dane\">\n<div>Oprawa:\u00a0<span class=\"meta-value-bold\">Twarda<\/span><\/div>\n<div>Format:\u00a0<span class=\"meta-value-bold\">17.4&#215;24.0cm<\/span><\/div>\n<div>Liczba stron:\u00a0<span class=\"meta-value-bold\">284<\/span><\/div>\n<div>Rok wydania:\u00a0<span class=\"meta-value-bold\">2025<\/span><\/div>\n<div>J\u0119zyk wydania:\u00a0<span class=\"meta-value-bold\">polski<\/span><\/div>\n<\/div>\n<div><\/div>\n<div>Jak efektywnie planowa\u0107 rozw\u00f3j gminy w \u015bwietle najnowszych reform prawnych? Ta ksi\u0105\u017cka udziela kompleksowej odpowiedzi na pytanie, kt\u00f3re dotyczy jednego z podstawowych wyzwa\u0144 wsp\u00f3\u0142czesnego zarz\u0105dzania lokalnego. Zebrane w niej teksty skupiaj\u0105 si\u0119 na reformie planowania przestrzennego z 2023 roku, oferuj\u0105c przy tym narz\u0119dzia niezb\u0119dne do wdro\u017cenia strategii rozwoju gminy \u2014 obowi\u0105zkowego od 2026 roku dokumentu integruj\u0105cego spo\u0142eczne, gospodarcze, przestrzenne i \u015brodowiskowe aspekty planowania.<br \/>\nAutorzy, eksperci z dziedziny planowania zintegrowanego i geografii spo\u0142eczno-ekonomicznej, szczeg\u00f3\u0142owo omawiaj\u0105 nowe regulacje i ich wp\u0142yw na zarz\u0105dzanie terytorialne. Monografia \u0142\u0105czy solidne podstawy teoretyczne z konkretnymi wskaz\u00f3wkami, dzi\u0119ki czemu pokazuje, w jaki spos\u00f3b nowe narz\u0119dzia planistyczne mog\u0105 wspiera\u0107 zr\u00f3wnowa\u017cony rozw\u00f3j i sp\u00f3jno\u015b\u0107 terytorialn\u0105. Poruszana w niej tematyka obejmuje mi\u0119dzy innymi rol\u0119 partycypacji spo\u0142ecznej, analiz\u0119 wyzwa\u0144 gospodarczych, zgodno\u015b\u0107 dzia\u0142a\u0144 z zasadami zr\u00f3wnowa\u017conego rozwoju oraz finansowanie przedsi\u0119wzi\u0119\u0107 zawartych w strategii.<br \/>\nPlanowanie strategiczne dla zintegrowanego rozwoju gminy. Teoria. Praktyka. Dzia\u0142anie to praktyczny przewodnik dla samorz\u0105dowc\u00f3w, planist\u00f3w, naukowc\u00f3w i student\u00f3w, kt\u00f3rzy chc\u0105 skutecznie reagowa\u0107 na zmieniaj\u0105ce si\u0119 przepisy i wyzwania w dynamicznie zmieniaj\u0105cych si\u0119 realiach prawnych. Pozwoli lokalnym liderom opracowa\u0107 trafne rozwi\u0105zania i m\u0105drze planowa\u0107 przysz\u0142o\u015b\u0107 swoich gmin.<\/div>\n","protected":false},"excerpt":{"rendered":"<p>Redakcja:\u00a0Lisowska-Kierepka Agnieszka, Kryczko Piotr Wydawca:\u00a0Wydawnictwo Uniwersytetu Wroc\u0142awskiego Oprawa:\u00a0Twarda Format:\u00a017.4&#215;24.0cm Liczba [&hellip;]<\/p>\n","protected":false},"featured_media":20619,"template":"","meta":[],"product_brand":[],"product_cat":[7492,7530,18,7494],"product_tag":[4056,486],"class_list":{"0":"post-20618","1":"product","2":"type-product","3":"status-publish","4":"has-post-thumbnail","6":"product_cat-administracyjne","7":"product_cat-nowosci","8":"product_cat-prawo","9":"product_cat-samorzad-terytorialny","10":"product_tag-planowanie-strategiczne-rozwoju-regionalnego","11":"product_tag-samorzad-terytorialny","13":"first","14":"instock","15":"shipping-taxable","16":"purchasable","17":"product-type-simple"},"_links":{"self":[{"href":"https:\/\/ksiegarnia-akademicka.pl\/index.php\/wp-json\/wp\/v2\/product\/20618","targetHints":{"allow":["GET"]}}],"collection":[{"href":"https:\/\/ksiegarnia-akademicka.pl\/index.php\/wp-json\/wp\/v2\/product"}],"about":[{"href":"https:\/\/ksiegarnia-akademicka.pl\/index.php\/wp-json\/wp\/v2\/types\/product"}],"wp:featuredmedia":[{"embeddable":true,"href":"https:\/\/ksiegarnia-akademicka.pl\/index.php\/wp-json\/wp\/v2\/media\/20619"}],"wp:attachment":[{"href":"https:\/\/ksiegarnia-akademicka.pl\/index.php\/wp-json\/wp\/v2\/media?parent=20618"}],"wp:term":[{"taxonomy":"product_brand","embeddable":true,"href":"https:\/\/ksiegarnia-akademicka.pl\/index.php\/wp-json\/wp\/v2\/product_brand?post=20618"},{"taxonomy":"product_cat","embeddable":true,"href":"https:\/\/ksiegarnia-akademicka.pl\/index.php\/wp-json\/wp\/v2\/product_cat?post=20618"},{"taxonomy":"product_tag","embeddable":true,"href":"https:\/\/ksiegarnia-akademicka.pl\/index.php\/wp-json\/wp\/v2\/product_tag?post=20618"}],"curies":[{"name":"wp","href":"https:\/\/api.w.org\/{rel}","templated":true}]}}