{"id":20590,"date":"2025-03-17T08:32:06","date_gmt":"2025-03-17T07:32:06","guid":{"rendered":"http:\/\/ksiegarnia-akademicka.pl\/?post_type=product&#038;p=20590"},"modified":"2025-03-17T08:32:07","modified_gmt":"2025-03-17T07:32:07","slug":"klasyfikacja-budzetowa-2025","status":"publish","type":"product","link":"https:\/\/ksiegarnia-akademicka.pl\/index.php\/product\/klasyfikacja-budzetowa-2025\/","title":{"rendered":"Klasyfikacja Bud\u017cetowa 2025"},"content":{"rendered":"<div class=\"grupa osoby\"><span class=\"meta-head\">Autor:<\/span><\/p>\n<ul>\n<li class=\"meta-value\">Krystyna G\u0105siorek<\/li>\n<\/ul>\n<\/div>\n<div class=\"grupa wydawca\"><span class=\"meta-head\">Wydawca:<\/span>\u00a0Infor<\/div>\n<div class=\"grupa dane\">\n<div>Oprawa:\u00a0<span class=\"meta-value-bold\">Kartonowa Foliowana<\/span><\/div>\n<div>Format:\u00a0<span class=\"meta-value-bold\">16.5&#215;23.5cm<\/span><\/div>\n<div>Liczba stron:\u00a0<span class=\"meta-value-bold\">700<\/span><\/div>\n<div>Rok wydania:\u00a0<span class=\"meta-value-bold\">2025<\/span><\/div>\n<div>J\u0119zyk wydania:\u00a0<span class=\"meta-value-bold\">polski<\/span><\/div>\n<\/div>\n<div><\/div>\n<div>Ujednolicona i obowi\u0105zuj\u0105ca wersja klasyfikacji bud\u017cetowej wraz z komentarzem eksperta i ponad 150 wyja\u015bnieniami MF to niezb\u0119dnik ka\u017cdego ksi\u0119gowego, kt\u00f3ry chce mie\u0107 pewno\u015b\u0107, \u017ce na co dzie\u0144 prawid\u0142owo stosuje podzia\u0142ki klasyfikacji bud\u017cetowej.<br \/>\nPublikacja \u201eKlasyfikacja bud\u017cetowa 2025\u201d obejmuje wszystkie zmiany wprowadzone w rozporz\u0105dzeniu Ministra Finans\u00f3w z 2 marca 2010 r. w sprawie szczeg\u00f3\u0142owej klasyfikacji dochod\u00f3w, wydatk\u00f3w, przychod\u00f3w i rozchod\u00f3w oraz \u015brodk\u00f3w pochodz\u0105cych ze \u017ar\u00f3de\u0142 zagranicznych, w tym najnowsze zmiany i nowo\u015bci obowi\u0105zuj\u0105ce od 1 stycznia 2025 r.<br \/>\nW zwi\u0105zku z licznymi zmianami przepis\u00f3w oraz wprowadzanymi reformami klasyfikacja bud\u017cetowa jest ca\u0142y czas nowelizowana. Niekt\u00f3re podzia\u0142ki przestaj\u0105 obowi\u0105zywa\u0107, pojawiaj\u0105 si\u0119 nowe, a przy niekt\u00f3rych zmieniaj\u0105 si\u0119 obja\u015bnienia. Jednostki sektora finans\u00f3w publicznych powinny na bie\u017c\u0105co uwzgl\u0119dnia\u0107 te zmiany w planowaniu, rachunkowo\u015bci i sprawozdawczo\u015bci.<br \/>\nW 2025 r. nale\u017cy stosowa\u0107 wprowadzone zmiany i nowo\u015bci w poszczeg\u00f3lnych za\u0142\u0105cznikach do rozporz\u0105dzenia \u2013 nr 2 (rozdzia\u0142y), nr 3 (paragrafy dochod\u00f3w) i nr 4 (paragrafy wydatk\u00f3w).<br \/>\nNajnowsze zmiany wynikaj\u0105 z rozporz\u0105dzenia Ministra Finans\u00f3w z 13 grudnia 2024 r. zmieniaj\u0105cego rozporz\u0105dzenie w sprawie szczeg\u00f3\u0142owej klasyfikacji dochod\u00f3w, wydatk\u00f3w, przychod\u00f3w i rozchod\u00f3w oraz \u015brodk\u00f3w pochodz\u0105cych ze \u017ar\u00f3de\u0142 zagranicznych (Dz.U. z 2024 r. poz. 1872). Podzia\u0142ki klasyfikacji bud\u017cetowej zosta\u0142y dostosowane do nowego systemu finansowania JST okre\u015blonego w ustawie z 1 pa\u017adziernika 2024 r. o dochodach jednostek samorz\u0105du terytorialnego (Dz.U. z 2024 r. poz. 1572). Jednostki samorz\u0105du terytorialnego maj\u0105 trzy miesi\u0105ce na uwzgl\u0119dnienie tych zmian w uchwa\u0142ach bud\u017cetowych na rok 2025.<br \/>\nNiejasno\u015bci dotycz\u0105ce stosowania poszczeg\u00f3lnych podzia\u0142ek klasyfikacyjnych wynikaj\u0105 przede wszystkim z przyj\u0119tych niejednorodnych kryteri\u00f3w konstrukcyjnych \u2013 zar\u00f3wno w odniesieniu do dzia\u0142\u00f3w, jak i \u2013 w wi\u0119kszym stopniu \u2013 rozdzia\u0142\u00f3w.<br \/>\nAby u\u0142atwi\u0107 ksi\u0119gowym w\u0142a\u015bciwe pos\u0142ugiwanie si\u0119 podzia\u0142kami klasyfikacji bud\u017cetowej na co dzie\u0144, przygotowali\u015bmy publikacj\u0119, kt\u00f3ra zawiera:<br \/>\n\u25cf\u00a0\u00a0\u00a0\u00a0obowi\u0105zuj\u0105c\u0105 klasyfikacj\u0119 cz\u0119\u015bci bud\u017cetowych,<br \/>\n\u25cf\u00a0\u00a0\u00a0\u00a0aktualn\u0105, ujednolicon\u0105 klasyfikacj\u0119 dochod\u00f3w, wydatk\u00f3w, przychod\u00f3w i rozchod\u00f3w oraz \u015brodk\u00f3w pochodz\u0105cych ze \u017ar\u00f3de\u0142 zagranicznych wraz z obja\u015bnieniami,<br \/>\n\u25cf\u00a0\u00a0\u00a0\u00a0komentarz eksperta ze wskaz\u00f3wkami, jak w praktyce stosowa\u0107 nowe lub zmienione podzia\u0142ki \u2013 co ujmowa\u0107, a czego nie nale\u017cy ujmowa\u0107 w danej podzia\u0142ce,<br \/>\n\u25cf\u00a0\u00a0\u00a0\u00a0oznaczenie termin\u00f3w \u2013 od kiedy obowi\u0105zuje lub do kiedy obowi\u0105zywa\u0142a dana podzia\u0142ka,<br \/>\n\u25cf\u00a0\u00a0\u00a0\u00a0najnowsze pisma i interpretacje w zakresie klasyfikacji bud\u017cetowej wydane przez Ministerstwo Finans\u00f3w oraz przez organy kontrolne, tj. regionalne izby obrachunkowe \u2013 dla u\u0142atwienia przyporz\u0105dkowane do poszczeg\u00f3lnych podzia\u0142ek.<br \/>\nW publikacji jest tak\u017ce zestawienie tabelaryczne z 26 grupami paragraf\u00f3w wydatk\u00f3w w jednostkach samorz\u0105du terytorialnego z uwzgl\u0119dnieniem wszystkich zmian.<br \/>\nKsi\u0105\u017cka z pewno\u015bci\u0105 b\u0119dzie pomocna na co dzie\u0144 pracownikom jednostek sektora finans\u00f3w publicznych we w\u0142a\u015bciwym stosowaniu podzia\u0142ek klasyfikacji bud\u017cetowej oraz w prawid\u0142owym planowaniu i wykonywaniu plan\u00f3w finansowych tych jednostek.<\/div>\n","protected":false},"excerpt":{"rendered":"<p>Autor: Krystyna G\u0105siorek Wydawca:\u00a0Infor Oprawa:\u00a0Kartonowa Foliowana Format:\u00a016.5&#215;23.5cm Liczba stron:\u00a0700 Rok [&hellip;]<\/p>\n","protected":false},"featured_media":20591,"template":"","meta":[],"product_brand":[],"product_cat":[19,7530,7501],"product_tag":[5986,1136],"class_list":{"0":"post-20590","1":"product","2":"type-product","3":"status-publish","4":"has-post-thumbnail","6":"product_cat-finanse-i-prawo-finansowe","7":"product_cat-nowosci","8":"product_cat-prawo-finansowe","9":"product_tag-klasyfikacja-budzetowa","10":"product_tag-prawo-finansowe","12":"first","13":"instock","14":"sale","15":"shipping-taxable","16":"purchasable","17":"product-type-simple"},"_links":{"self":[{"href":"https:\/\/ksiegarnia-akademicka.pl\/index.php\/wp-json\/wp\/v2\/product\/20590","targetHints":{"allow":["GET"]}}],"collection":[{"href":"https:\/\/ksiegarnia-akademicka.pl\/index.php\/wp-json\/wp\/v2\/product"}],"about":[{"href":"https:\/\/ksiegarnia-akademicka.pl\/index.php\/wp-json\/wp\/v2\/types\/product"}],"wp:featuredmedia":[{"embeddable":true,"href":"https:\/\/ksiegarnia-akademicka.pl\/index.php\/wp-json\/wp\/v2\/media\/20591"}],"wp:attachment":[{"href":"https:\/\/ksiegarnia-akademicka.pl\/index.php\/wp-json\/wp\/v2\/media?parent=20590"}],"wp:term":[{"taxonomy":"product_brand","embeddable":true,"href":"https:\/\/ksiegarnia-akademicka.pl\/index.php\/wp-json\/wp\/v2\/product_brand?post=20590"},{"taxonomy":"product_cat","embeddable":true,"href":"https:\/\/ksiegarnia-akademicka.pl\/index.php\/wp-json\/wp\/v2\/product_cat?post=20590"},{"taxonomy":"product_tag","embeddable":true,"href":"https:\/\/ksiegarnia-akademicka.pl\/index.php\/wp-json\/wp\/v2\/product_tag?post=20590"}],"curies":[{"name":"wp","href":"https:\/\/api.w.org\/{rel}","templated":true}]}}