{"id":20568,"date":"2025-03-14T15:16:12","date_gmt":"2025-03-14T14:16:12","guid":{"rendered":"http:\/\/ksiegarnia-akademicka.pl\/?post_type=product&#038;p=20568"},"modified":"2025-03-14T15:16:13","modified_gmt":"2025-03-14T14:16:13","slug":"ustawa-o-zryczaltowanym-podatku-dochodowym-od-niektorych-przychodow-osiaganych-przez-osoby-fizyczne-komentarz-praktyczny","status":"publish","type":"product","link":"https:\/\/ksiegarnia-akademicka.pl\/index.php\/product\/ustawa-o-zryczaltowanym-podatku-dochodowym-od-niektorych-przychodow-osiaganych-przez-osoby-fizyczne-komentarz-praktyczny\/","title":{"rendered":"Ustawa o zrycza\u0142towanym podatku dochodowym od niekt\u00f3rych przychod\u00f3w osi\u0105ganych przez osoby fizyczne. Komentarz praktyczny"},"content":{"rendered":"<p>Autor:\u00a0r.pr. \u0141ukasz Kumkowski,\u00a0r.pr. Dariusz Osada,\u00a0adw. Przemys\u0142aw Roszkowski<\/p>\n<p>Wydawnictwo: C.H. Beck<\/p>\n<p>Seria: Podatki w praktyce<\/p>\n<p>Rok wydania: 2025<\/p>\n<p>Oprawa: Mi\u0119kka ze skrzyde\u0142kami<\/p>\n<p>Liczba stron: 652<\/p>\n<p>Wymiary: 145&#215;205 mm<\/p>\n<p>Waga: 670 g<\/p>\n<p>ISBN:\u00a0978-83-8356-337-4<\/p>\n<p>&nbsp;<\/p>\n<p><strong>Pierwsza na rynku kompleksowa analiza przepis\u00f3w ustawy z 20.11.1998 r. o zrycza\u0142towanym podatku dochodowym od niekt\u00f3rych przychod\u00f3w osi\u0105ganych przez osoby fizyczne (t.j. Dz.U. z 2024 r. poz. 776 ze zm.).<\/strong><\/p>\n<p>Autorzy, do\u015bwiadczeni praktycy i eksperci w dziedzinie prawa podatkowego, szczeg\u00f3\u0142owo wyja\u015bniaj\u0105 zasady rozliczania podatku w formie rycza\u0142tu od przychod\u00f3w ewidencjonowanych, kart podatkowych oraz innych uproszczonych metod opodatkowania przewidzianych ustaw\u0105. Szczeg\u00f3ln\u0105 uwag\u0119 po\u015bwi\u0119cono:<\/p>\n<ul>\n<li>warunkom i procedurze wyboru rycza\u0142tu jako formy opodatkowania,<\/li>\n<li>nowym stawkom i katalogom przychod\u00f3w kwalifikuj\u0105cych si\u0119 do rycza\u0142tu, obowi\u0105zkom ewidencyjnym i dokumentacyjnym podatnik\u00f3w,<\/li>\n<li>skutkom Polskiego \u0141adu dla przedsi\u0119biorc\u00f3w korzystaj\u0105cych z tej formy rozlicze\u0144.<\/li>\n<\/ul>\n<p>Publikacja wpisuje si\u0119 w dynamiczne reformy przepis\u00f3w podatkowych, kt\u00f3re nast\u0105pi\u0142y w wyniku wdro\u017cenia Polskiego \u0141adu, oferuj\u0105c rzeteln\u0105 analiz\u0119 zaktualizowanych regulacji.\u00a0<strong>Uwzgl\u0119dnia zmiany wprowadzone ustaw\u0105 z 9.6.2022 r. o zmianie ustawy o podatku dochodowym od os\u00f3b fizycznych oraz niekt\u00f3rych innych ustaw (Dz.U. z 2022 r. poz. 1265 ze zm.)<\/strong>.<\/p>\n<p>Komentarz wyr\u00f3\u017cnia si\u0119 praktycznym podej\u015bciem \u2013 zawiera<strong>\u00a0liczne przyk\u0142ady<\/strong>\u00a0i\u00a0<strong>wskaz\u00f3wki u\u0142atwiaj\u0105ce stosowanie przepis\u00f3w<\/strong>\u00a0w codziennej praktyce. Przydatno\u015b\u0107 publikacji zwi\u0119ksza\u00a0<strong>powo\u0142ywanie interpretacji organ\u00f3w podatkowych<\/strong>\u00a0oraz\u00a0<strong>orzecznictwa s\u0105d\u00f3w administracyjnych<\/strong>.<\/p>\n<p>To niezast\u0105pione narz\u0119dzie dla\u00a0<strong>doradc\u00f3w podatkowych<\/strong>,\u00a0<strong>ksi\u0119gowych<\/strong>,\u00a0<strong>prawnik\u00f3w<\/strong>\u00a0i\u00a0<strong>przedsi\u0119biorc\u00f3w<\/strong>\u00a0poszukuj\u0105cych pewno\u015bci w obliczu zmieniaj\u0105cych si\u0119 regulacji podatkowych. Ksi\u0105\u017cka umo\u017cliwia efektywne poruszanie si\u0119 w g\u0105szczu przepis\u00f3w, stanowi\u0105c kompendium wiedzy dla wszystkich, kt\u00f3rzy korzystaj\u0105 lub rozwa\u017caj\u0105 skorzystanie z rycza\u0142towej formy opodatkowania.<\/p>\n<p>&nbsp;<\/p>\n","protected":false},"excerpt":{"rendered":"<p>Autor:\u00a0r.pr. \u0141ukasz Kumkowski,\u00a0r.pr. Dariusz Osada,\u00a0adw. Przemys\u0142aw Roszkowski Wydawnictwo: C.H. Beck [&hellip;]<\/p>\n","protected":false},"featured_media":20569,"template":"","meta":[],"product_brand":[],"product_cat":[7530,22],"product_tag":[1055,6958],"class_list":{"0":"post-20568","1":"product","2":"type-product","3":"status-publish","4":"has-post-thumbnail","6":"product_cat-nowosci","7":"product_cat-podatki-i-prawo-podatkowe","8":"product_tag-prawo-podatkowe","9":"product_tag-seria-podatki-w-praktyce","11":"first","12":"instock","13":"sale","14":"shipping-taxable","15":"purchasable","16":"product-type-simple"},"_links":{"self":[{"href":"https:\/\/ksiegarnia-akademicka.pl\/index.php\/wp-json\/wp\/v2\/product\/20568","targetHints":{"allow":["GET"]}}],"collection":[{"href":"https:\/\/ksiegarnia-akademicka.pl\/index.php\/wp-json\/wp\/v2\/product"}],"about":[{"href":"https:\/\/ksiegarnia-akademicka.pl\/index.php\/wp-json\/wp\/v2\/types\/product"}],"wp:featuredmedia":[{"embeddable":true,"href":"https:\/\/ksiegarnia-akademicka.pl\/index.php\/wp-json\/wp\/v2\/media\/20569"}],"wp:attachment":[{"href":"https:\/\/ksiegarnia-akademicka.pl\/index.php\/wp-json\/wp\/v2\/media?parent=20568"}],"wp:term":[{"taxonomy":"product_brand","embeddable":true,"href":"https:\/\/ksiegarnia-akademicka.pl\/index.php\/wp-json\/wp\/v2\/product_brand?post=20568"},{"taxonomy":"product_cat","embeddable":true,"href":"https:\/\/ksiegarnia-akademicka.pl\/index.php\/wp-json\/wp\/v2\/product_cat?post=20568"},{"taxonomy":"product_tag","embeddable":true,"href":"https:\/\/ksiegarnia-akademicka.pl\/index.php\/wp-json\/wp\/v2\/product_tag?post=20568"}],"curies":[{"name":"wp","href":"https:\/\/api.w.org\/{rel}","templated":true}]}}