{"id":20527,"date":"2025-03-12T10:22:18","date_gmt":"2025-03-12T09:22:18","guid":{"rendered":"http:\/\/ksiegarnia-akademicka.pl\/?post_type=product&#038;p=20527"},"modified":"2025-03-12T10:22:18","modified_gmt":"2025-03-12T09:22:18","slug":"rodo-dla-ai-zgodnosc-z-zasadami-godnej-zaufania-sztucznej-inteligencji-w-modelu-data-protection-by-design","status":"publish","type":"product","link":"https:\/\/ksiegarnia-akademicka.pl\/index.php\/product\/rodo-dla-ai-zgodnosc-z-zasadami-godnej-zaufania-sztucznej-inteligencji-w-modelu-data-protection-by-design\/","title":{"rendered":"RODO dla AI Zgodno\u015b\u0107 z zasadami godnej zaufania sztucznej inteligencji w modelu data protection by design"},"content":{"rendered":"<div class=\"grupa osoby\"><span class=\"meta-head\">Autor:<\/span><\/p>\n<ul>\n<li class=\"meta-value\">Lubasz Dominik<\/li>\n<\/ul>\n<\/div>\n<div class=\"grupa wydawca\"><span class=\"meta-head\">Wydawca:<\/span>\u00a0Wolters Kluwer<\/div>\n<div class=\"grupa dane\">\n<div>Oprawa:\u00a0<span class=\"meta-value-bold\">Twarda<\/span><\/div>\n<div>Liczba stron:\u00a0<span class=\"meta-value-bold\">672<\/span><\/div>\n<div>Wydanie:\u00a0<span class=\"meta-value-bold\">1<\/span><\/div>\n<div>Rok wydania:\u00a0<span class=\"meta-value-bold\">2025<\/span><\/div>\n<div>J\u0119zyk wydania:\u00a0<span class=\"meta-value-bold\">polski<\/span><\/div>\n<\/div>\n<div><\/div>\n<div>Ksi\u0105\u017cka stanowi pierwsze na rynku kompleksowe uj\u0119cie tematu zgodno\u015bci system\u00f3w sztucznej inteligencji z rozporz\u0105dzeniem o ochronie danych osobowych (RODO), z uwzgl\u0119dnieniem wytycznych HLEG AI (grupy ekspert\u00f3w wysokiego szczebla ds. sztucznej inteligencji) dotycz\u0105cych godnej zaufania sztucznej inteligencji, zar\u00f3wno z perspektywy teoretycznej, jak i praktycznej.<\/p>\n<p>Autor formu\u0142uje w niej odpowiedzi na pytania w trzech obszarach:<br \/>\n\u2022 mo\u017cliwo\u015bci zastosowania RODO do regulowania obszaru sztucznej inteligencji,<br \/>\n\u2022 weryfikacji zastosowania og\u00f3lnych wymog\u00f3w RODO do system\u00f3w sztucznej inteligencji w kontek\u015bcie wytycznych HLEG AI i wyzwa\u0144 z tym zwi\u0105zanych,<br \/>\n\u2022 operacjonalizacji tych wymog\u00f3w dzi\u0119ki przewidzianym w RODO instrumentom procesowym, w szczeg\u00f3lno\u015bci poprzez ochron\u0119 danych w fazie projektowania (data protection by design).<\/p>\n<p>W opracowaniu autor omawia przede wszystkim RODO, a tak\u017ce unijny akt w sprawie sztucznej inteligencji (AI Act) i akty mi\u0119dzynarodowe (m.in. Ramow\u0105 konwencj\u0119 Rady Europy w sprawie sztucznej inteligencji oraz wytyczne i rekomendacje OECD, UNESCO, G7, G20).<br \/>\nPublikacja jest przeznaczona g\u0142\u00f3wnie dla prawnik\u00f3w praktyk\u00f3w oceniaj\u0105cych zgodno\u015b\u0107 system\u00f3w sztucznej inteligencji z RODO (adwokat\u00f3w, radc\u00f3w prawnych) i egzekwuj\u0105cych przepisy w tym zakresie (s\u0119dzi\u00f3w, pracownik\u00f3w administracji), b\u0119dzie tak\u017ce przydatna wszystkim podmiotom tworz\u0105cym i wykorzystuj\u0105cym sztuczn\u0105 inteligencj\u0119 w swojej dzia\u0142alno\u015bci.<\/p><\/div>\n","protected":false},"excerpt":{"rendered":"<p>Autor: Lubasz Dominik Wydawca:\u00a0Wolters Kluwer Oprawa:\u00a0Twarda Liczba stron:\u00a0672 Wydanie:\u00a01 Rok [&hellip;]<\/p>\n","protected":false},"featured_media":20528,"template":"","meta":[],"product_brand":[],"product_cat":[7491,7530,18],"product_tag":[8310,615,7619],"class_list":{"0":"post-20527","1":"product","2":"type-product","3":"status-publish","4":"has-post-thumbnail","6":"product_cat-cywilne","7":"product_cat-nowosci","8":"product_cat-prawo","9":"product_tag-ai","10":"product_tag-prawo-cywilne","11":"product_tag-rodo","13":"first","14":"instock","15":"sale","16":"shipping-taxable","17":"purchasable","18":"product-type-simple"},"_links":{"self":[{"href":"https:\/\/ksiegarnia-akademicka.pl\/index.php\/wp-json\/wp\/v2\/product\/20527","targetHints":{"allow":["GET"]}}],"collection":[{"href":"https:\/\/ksiegarnia-akademicka.pl\/index.php\/wp-json\/wp\/v2\/product"}],"about":[{"href":"https:\/\/ksiegarnia-akademicka.pl\/index.php\/wp-json\/wp\/v2\/types\/product"}],"wp:featuredmedia":[{"embeddable":true,"href":"https:\/\/ksiegarnia-akademicka.pl\/index.php\/wp-json\/wp\/v2\/media\/20528"}],"wp:attachment":[{"href":"https:\/\/ksiegarnia-akademicka.pl\/index.php\/wp-json\/wp\/v2\/media?parent=20527"}],"wp:term":[{"taxonomy":"product_brand","embeddable":true,"href":"https:\/\/ksiegarnia-akademicka.pl\/index.php\/wp-json\/wp\/v2\/product_brand?post=20527"},{"taxonomy":"product_cat","embeddable":true,"href":"https:\/\/ksiegarnia-akademicka.pl\/index.php\/wp-json\/wp\/v2\/product_cat?post=20527"},{"taxonomy":"product_tag","embeddable":true,"href":"https:\/\/ksiegarnia-akademicka.pl\/index.php\/wp-json\/wp\/v2\/product_tag?post=20527"}],"curies":[{"name":"wp","href":"https:\/\/api.w.org\/{rel}","templated":true}]}}